{"id":3643,"date":"2024-05-20T09:09:42","date_gmt":"2024-05-20T09:09:42","guid":{"rendered":"https:\/\/techartstav.cz\/?page_id=3643"},"modified":"2024-05-28T08:38:22","modified_gmt":"2024-05-28T08:38:22","slug":"crafts","status":"publish","type":"page","link":"https:\/\/techartstav.cz\/en\/crafts\/","title":{"rendered":"Crafts"},"content":{"rendered":"<div class=\"gb-container gb-container-87098f7b\">\n<div class=\"gb-container gb-container-53780517\">\n\n<p class=\"gb-headline gb-headline-ab924fc3 gb-headline-text\"><nav aria-label=\"breadcrumbs\" class=\"rank-math-breadcrumb\"><p><span class=\"last\">\u00davod<\/span><\/p><\/nav><\/p>\n\n<\/div>\n<\/div>\n\n<div class=\"gb-container gb-container-8a232107\">\n<div class=\"gb-container gb-container-4b937f9c\">\n<div class=\"gb-grid-wrapper gb-grid-wrapper-e9c6e04c\">\n<div class=\"gb-grid-column gb-grid-column-bc1bc02e\"><div class=\"gb-container gb-container-bc1bc02e\">\n\n<figure class=\"gb-block-image gb-block-image-b50b1ef2\"><img loading=\"lazy\" decoding=\"async\" width=\"206\" height=\"189\" class=\"gb-image gb-image-b50b1ef2\" src=\"https:\/\/techartstav.cz\/app\/uploads\/2024\/05\/Group-279.png\" alt=\"Crafts\" title=\"Crafts\"\/><\/figure>\n\n<\/div><\/div>\n\n<div class=\"gb-grid-column gb-grid-column-8241abfb\"><div class=\"gb-container gb-container-8241abfb\">\n\n<h1 class=\"gb-headline gb-headline-18ac5859 gb-headline-text\">Crafts<\/h1>\n\n\n\n<p class=\"gb-headline gb-headline-4506f420 gb-headline-text\">Every construction project requires top craftsmen from different disciplines. Our company relies on a wealth of experience with craft contractors, and we only work with the best and proven ones.The disciplines we often need include:<\/p>\n\n\n\n<p class=\"gb-headline gb-headline-c7dd30c9\"><span class=\"gb-icon\"><svg aria-hidden=\"true\" role=\"img\" height=\"1em\" width=\"1em\" viewBox=\"0 0 256 512\" xmlns=\"http:\/\/www.w3.org\/2000\/svg\"><path fill=\"currentColor\" d=\"M224.3 273l-136 136c-9.4 9.4-24.6 9.4-33.9 0l-22.6-22.6c-9.4-9.4-9.4-24.6 0-33.9l96.4-96.4-96.4-96.4c-9.4-9.4-9.4-24.6 0-33.9L54.3 103c9.4-9.4 24.6-9.4 33.9 0l136 136c9.5 9.4 9.5 24.6.1 34z\"><\/path><\/svg><\/span><span class=\"gb-headline-text\"><strong>Wiring:<\/strong> power, low current, MaR, EPS, EZS<\/span><\/p>\n\n\n\n<p class=\"gb-headline gb-headline-2bd74ec6\"><span class=\"gb-icon\"><svg aria-hidden=\"true\" role=\"img\" height=\"1em\" width=\"1em\" viewBox=\"0 0 256 512\" xmlns=\"http:\/\/www.w3.org\/2000\/svg\"><path fill=\"currentColor\" d=\"M224.3 273l-136 136c-9.4 9.4-24.6 9.4-33.9 0l-22.6-22.6c-9.4-9.4-9.4-24.6 0-33.9l96.4-96.4-96.4-96.4c-9.4-9.4-9.4-24.6 0-33.9L54.3 103c9.4-9.4 24.6-9.4 33.9 0l136 136c9.5 9.4 9.5 24.6.1 34z\"><\/path><\/svg><\/span><span class=\"gb-headline-text\"><strong>Plumbing, heating, gas installation<\/strong><\/span><\/p>\n\n\n\n<p class=\"gb-headline gb-headline-4ce19315\"><span class=\"gb-icon\"><svg aria-hidden=\"true\" role=\"img\" height=\"1em\" width=\"1em\" viewBox=\"0 0 256 512\" xmlns=\"http:\/\/www.w3.org\/2000\/svg\"><path fill=\"currentColor\" d=\"M224.3 273l-136 136c-9.4 9.4-24.6 9.4-33.9 0l-22.6-22.6c-9.4-9.4-9.4-24.6 0-33.9l96.4-96.4-96.4-96.4c-9.4-9.4-9.4-24.6 0-33.9L54.3 103c9.4-9.4 24.6-9.4 33.9 0l136 136c9.5 9.4 9.5 24.6.1 34z\"><\/path><\/svg><\/span><span class=\"gb-headline-text\"><strong>SDK construction: <\/strong>includes all structural engineering elements and details according to the project documentation<\/span><\/p>\n\n\n\n<p class=\"gb-headline gb-headline-fbc01135\"><span class=\"gb-icon\"><svg aria-hidden=\"true\" role=\"img\" height=\"1em\" width=\"1em\" viewBox=\"0 0 256 512\" xmlns=\"http:\/\/www.w3.org\/2000\/svg\"><path fill=\"currentColor\" d=\"M224.3 273l-136 136c-9.4 9.4-24.6 9.4-33.9 0l-22.6-22.6c-9.4-9.4-9.4-24.6 0-33.9l96.4-96.4-96.4-96.4c-9.4-9.4-9.4-24.6 0-33.9L54.3 103c9.4-9.4 24.6-9.4 33.9 0l136 136c9.5 9.4 9.5 24.6.1 34z\"><\/path><\/svg><\/span><span class=\"gb-headline-text\"><strong>Interior works, furniture, equipment<\/strong><\/span><\/p>\n\n<\/div><\/div>\n<\/div>\n<\/div>\n<\/div>\n\n<div class=\"gb-container gb-container-96884b4f\">\n<div class=\"gb-container gb-container-bb673e7a\">\n<div class=\"gb-grid-wrapper gb-grid-wrapper-8f3e73c5\">\n<div class=\"gb-grid-column gb-grid-column-8e742058\"><div class=\"gb-container gb-container-8e742058\">\n\n<h4 class=\"gb-headline gb-headline-a887c1e6 gb-headline-text\">Inquire about construction work<\/h4>\n\n<\/div><\/div>\n\n<div class=\"gb-grid-column gb-grid-column-eb6c8d76\"><div class=\"gb-container gb-container-eb6c8d76\">\n\n<span class=\"gb-button gb-button-8707148e gb-button-text custom-button\">Inquire<\/span>\n\n<\/div><\/div>\n<\/div>\n<\/div>\n<\/div>\n\n<div class=\"gb-container gb-container-a19afba8\">\n<div class=\"gb-container gb-container-b5f328ca\">\n\n<h2 class=\"gb-headline gb-headline-5c6811fd gb-headline-text\">Types of construction work<\/h2>\n\n\n<div class=\"gb-grid-wrapper gb-grid-wrapper-712248d6\">\n<div class=\"gb-grid-column gb-grid-column-9bd00460\"><div class=\"gb-container gb-container-9bd00460\">\n<div class=\"gb-container gb-container-652f83d8\">\n\n<figure class=\"gb-block-image gb-block-image-6b5871ae\"><img loading=\"lazy\" decoding=\"async\" width=\"190\" height=\"185\" class=\"gb-image gb-image-6b5871ae\" src=\"https:\/\/techartstav.cz\/app\/uploads\/2024\/05\/Union-1.png\" alt=\"Utility networks\" title=\"Utility networks\"\/><\/figure>\n\n<\/div>\n\n<div class=\"gb-container gb-container-0faa547f\">\n\n<h3 class=\"gb-headline gb-headline-7fa1ca70 gb-headline-text\">Utility networks<\/h3>\n\n\n\n<p class=\"gb-headline gb-headline-ba522671 gb-headline-text\">Utilities are important to connect the building to the necessary resources and infrastructure.<\/p>\n\n<\/div>\n<\/div><\/div>\n\n<div class=\"gb-grid-column gb-grid-column-1020f5ad\"><div class=\"gb-container gb-container-1020f5ad\">\n<div class=\"gb-container gb-container-7df8c0a6\">\n\n<figure class=\"gb-block-image gb-block-image-363d6eaf\"><img loading=\"lazy\" decoding=\"async\" width=\"243\" height=\"185\" class=\"gb-image gb-image-363d6eaf\" src=\"https:\/\/techartstav.cz\/app\/uploads\/2024\/05\/priemysel.png\" alt=\"Industrial buildings\" title=\"Industrial buildings\"\/><\/figure>\n\n<\/div>\n\n<div class=\"gb-container gb-container-d6325a9f\">\n\n<h3 class=\"gb-headline gb-headline-fc2face3 gb-headline-text\">Industrial buildings<\/h3>\n\n\n\n<p class=\"gb-headline gb-headline-c05dca9c gb-headline-text\">Pr\u016fmyslov\u00e9 stavby jsou n\u00e1ro\u010dn\u00e9 projekty vy\u017eaduj\u00edc\u00ed komplexn\u00ed p\u0159\u00edstup od n\u00e1vrhu po dokon\u010den\u00ed. <\/p>\n\n<\/div>\n<\/div><\/div>\n\n<div class=\"gb-grid-column gb-grid-column-b0a441b4\"><div class=\"gb-container gb-container-b0a441b4\">\n<div class=\"gb-container gb-container-c065ddab\">\n\n<figure class=\"gb-block-image gb-block-image-7240761e\"><img loading=\"lazy\" decoding=\"async\" width=\"206\" height=\"189\" class=\"gb-image gb-image-7240761e\" src=\"https:\/\/techartstav.cz\/app\/uploads\/2024\/05\/Group-279.png\" alt=\"Crafts\" title=\"Crafts\"\/><\/figure>\n\n<\/div>\n\n<div class=\"gb-container gb-container-a7bd0c5d\">\n\n<h3 class=\"gb-headline gb-headline-7950c4a4 gb-headline-text\">Crafts<\/h3>\n\n\n\n<p class=\"gb-headline gb-headline-dcb3cf86 gb-headline-text\">Every construction project requires top craftsmen from different disciplines. Our company relies on a wealth of experience with craft contractors, and we only work with the best and proven ones.<\/p>\n\n<\/div>\n<\/div><\/div>\n\n<div class=\"gb-grid-column gb-grid-column-d8de5364\"><div class=\"gb-container gb-container-d8de5364\">\n<div class=\"gb-container gb-container-bc7b639a\">\n\n<figure class=\"gb-block-image gb-block-image-eee71bed\"><img loading=\"lazy\" decoding=\"async\" width=\"199\" height=\"201\" class=\"gb-image gb-image-eee71bed\" src=\"https:\/\/techartstav.cz\/app\/uploads\/2024\/05\/Group-926.png\" alt=\"Reconstruction of cultural centres\" title=\"Reconstruction of cultural centres\"\/><\/figure>\n\n<\/div>\n\n<div class=\"gb-container gb-container-b891a114\">\n\n<h3 class=\"gb-headline gb-headline-39002104 gb-headline-text\">Reconstruction of cultural centres<\/h3>\n\n\n\n<p class=\"gb-headline gb-headline-6d1186eb gb-headline-text\">The reconstruction of cultural centres is an important part of our work.<\/p>\n\n<\/div>\n<\/div><\/div>\n\n<div class=\"gb-grid-column gb-grid-column-b9a83b42\"><div class=\"gb-container gb-container-b9a83b42\">\n<div class=\"gb-container gb-container-e3073912\">\n\n<figure class=\"gb-block-image gb-block-image-f1855c8c\"><img loading=\"lazy\" decoding=\"async\" width=\"292\" height=\"189\" class=\"gb-image gb-image-f1855c8c\" src=\"https:\/\/techartstav.cz\/app\/uploads\/2024\/05\/Group-1271.png\" alt=\"Buildings of civic amenities\" title=\"Buildings of civic amenities\"\/><\/figure>\n\n<\/div>\n\n<div class=\"gb-container gb-container-0e9c745a\">\n\n<h3 class=\"gb-headline gb-headline-4fda5822 gb-headline-text\">Buildings of civic amenities<\/h3>\n\n\n\n<p class=\"gb-headline gb-headline-b6ece0cc gb-headline-text\">Civic amenity buildings are buildings that serve to benefit society. These buildings have specific characteristics and different requirements than, for example, the construction of houses.<\/p>\n\n<\/div>\n<\/div><\/div>\n<\/div>\n<\/div>\n<\/div>\n\n<div class=\"gb-container gb-container-e5b66b43\">\n<div class=\"gb-container gb-container-c8755dfe\">\n\n<h2 class=\"gb-headline gb-headline-9765e4b2 gb-headline-text\">Use of construction technologies<\/h2>\n\n\n<div class=\"gb-container gb-container-6c10ef8f\">\n<div class=\"gb-grid-wrapper gb-grid-wrapper-47bff45e\">\n<div class=\"gb-grid-column gb-grid-column-78c7a89b\"><div class=\"gb-container gb-container-78c7a89b\">\n<div class=\"gb-container gb-container-d41e29bf\">\n\n<figure class=\"gb-block-image gb-block-image-457a3821\"><img loading=\"lazy\" decoding=\"async\" width=\"113\" height=\"110\" class=\"gb-image gb-image-457a3821\" src=\"https:\/\/techartstav.cz\/app\/uploads\/2024\/05\/Group-1.png\" alt=\"Theatres\" title=\"Theatres\"\/><\/figure>\n\n<\/div>\n\n<div class=\"gb-container gb-container-aa591945\">\n\n<h3 class=\"gb-headline gb-headline-2b7f8c2e gb-headline-text\">Theatres<\/h3>\n\n<\/div>\n<\/div><\/div>\n\n<div class=\"gb-grid-column gb-grid-column-1093f3d3\"><div class=\"gb-container gb-container-1093f3d3\">\n<div class=\"gb-container gb-container-9e06bbe7\">\n\n<figure class=\"gb-block-image gb-block-image-1cda25f8\"><img loading=\"lazy\" decoding=\"async\" width=\"112\" height=\"111\" class=\"gb-image gb-image-1cda25f8\" src=\"https:\/\/techartstav.cz\/app\/uploads\/2024\/05\/Group-473.png\" alt=\"Cinemas\" title=\"Cinemas\"\/><\/figure>\n\n<\/div>\n\n<div class=\"gb-container gb-container-4d963c55\">\n\n<h3 class=\"gb-headline gb-headline-a66470f3 gb-headline-text\">Cinemas<\/h3>\n\n<\/div>\n<\/div><\/div>\n\n<div class=\"gb-grid-column gb-grid-column-8b42f965\"><div class=\"gb-container gb-container-8b42f965\">\n<div class=\"gb-container gb-container-c5386f26\">\n\n<figure class=\"gb-block-image gb-block-image-4386fc3d\"><img loading=\"lazy\" decoding=\"async\" width=\"129\" height=\"112\" class=\"gb-image gb-image-4386fc3d\" src=\"https:\/\/techartstav.cz\/app\/uploads\/2024\/05\/ver.-sprava-2-1.png\" alt=\"Cultural houses\" title=\"Cultural houses\"\/><\/figure>\n\n<\/div>\n\n<div class=\"gb-container gb-container-21ff3031\">\n\n<h3 class=\"gb-headline gb-headline-66dceee3 gb-headline-text\">Cultural houses<\/h3>\n\n<\/div>\n<\/div><\/div>\n\n<div class=\"gb-grid-column gb-grid-column-c618ea74\"><div class=\"gb-container gb-container-c618ea74\">\n<div class=\"gb-container gb-container-2dfaf39a\">\n\n<figure class=\"gb-block-image gb-block-image-225f39d4\"><img loading=\"lazy\" decoding=\"async\" width=\"114\" height=\"110\" class=\"gb-image gb-image-225f39d4\" src=\"https:\/\/techartstav.cz\/app\/uploads\/2024\/05\/Group-2.png\" alt=\"Music studios\" title=\"Music studios\"\/><\/figure>\n\n<\/div>\n\n<div class=\"gb-container gb-container-079aa6e6\">\n\n<h3 class=\"gb-headline gb-headline-c1add473 gb-headline-text\">Music studios<\/h3>\n\n<\/div>\n<\/div><\/div>\n\n<div class=\"gb-grid-column gb-grid-column-64c5b9f6\"><div class=\"gb-container gb-container-64c5b9f6\">\n<div class=\"gb-container gb-container-b4651e98\">\n\n<figure class=\"gb-block-image gb-block-image-b0f1160c\"><img loading=\"lazy\" decoding=\"async\" width=\"146\" height=\"111\" class=\"gb-image gb-image-b0f1160c\" src=\"https:\/\/techartstav.cz\/app\/uploads\/2024\/05\/Group-292.png\" alt=\"Stadiums\" title=\"Stadiums\"\/><\/figure>\n\n<\/div>\n\n<div class=\"gb-container gb-container-b6912cca\">\n\n<h3 class=\"gb-headline gb-headline-c30a0a5c gb-headline-text\">Stadiums<\/h3>\n\n<\/div>\n<\/div><\/div>\n\n<div class=\"gb-grid-column gb-grid-column-125938b7\"><div class=\"gb-container gb-container-125938b7\">\n<div class=\"gb-container gb-container-3b8bc4a4\">\n\n<figure class=\"gb-block-image gb-block-image-742b4382\"><img loading=\"lazy\" decoding=\"async\" width=\"250\" height=\"187\" class=\"gb-image gb-image-742b4382\" src=\"https:\/\/techartstav.cz\/app\/uploads\/2024\/05\/Group-321.png\" alt=\"Showrooms\" title=\"Showrooms\"\/><\/figure>\n\n<\/div>\n\n<div class=\"gb-container gb-container-34762404\">\n\n<h3 class=\"gb-headline gb-headline-05354757 gb-headline-text\">Showrooms<\/h3>\n\n<\/div>\n<\/div><\/div>\n<\/div>\n<\/div>\n\n\n<span class=\"gb-button gb-button-77c3d037 gb-button-text custom-button-blue\">Go for construction work<\/span>\n\n<\/div>\n<\/div>\n\n<div class=\"gb-container gb-container-2c256a72\">\n<div class=\"gb-container gb-container-80874a67\">\n\n<h2 class=\"gb-headline gb-headline-d9bf5ed8 gb-headline-text\">Implementation<\/h2>\n\n\n\n<p class=\"gb-headline gb-headline-7d72257c gb-headline-text\">Here you can take a look at our portfolio to explore the projects we have successfully completed in recent years. Take a look at our work and get inspiration for your own projects.<\/p>\n\n\n<div class=\"gb-container gb-container-a26b21e0\">\n\n<div class=\"gb-grid-wrapper gb-grid-wrapper-be679237 gb-query-loop-wrapper\">\n<div class=\"gb-grid-column gb-grid-column-0d4ea063 gb-query-loop-item post-6277 realizace type-realizace status-publish has-post-thumbnail hentry typy-realizaci-building-work typy-realizaci-theatre-technologies\"><div class=\"gb-container gb-container-0d4ea063\">\n<figure class=\"gb-block-image gb-block-image-785eef9a\"><a href=\"https:\/\/techartstav.cz\/en\/realizations\/award-winning-building-of-the-year-bordovice-multifunctional-hall\/\"><img loading=\"lazy\" decoding=\"async\" width=\"2560\" height=\"1707\" src=\"https:\/\/techartstav.cz\/app\/uploads\/2024\/05\/Hala_Bordovice2-scaled-1.jpg\" class=\"gb-image-785eef9a posthero\" alt=\"\" srcset=\"https:\/\/techartstav.cz\/app\/uploads\/2024\/05\/Hala_Bordovice2-scaled-1.jpg 2560w, https:\/\/techartstav.cz\/app\/uploads\/2024\/05\/Hala_Bordovice2-scaled-1-300x200.jpg 300w, https:\/\/techartstav.cz\/app\/uploads\/2024\/05\/Hala_Bordovice2-scaled-1-1024x683.jpg 1024w, https:\/\/techartstav.cz\/app\/uploads\/2024\/05\/Hala_Bordovice2-scaled-1-768x512.jpg 768w, https:\/\/techartstav.cz\/app\/uploads\/2024\/05\/Hala_Bordovice2-scaled-1-1536x1024.jpg 1536w, https:\/\/techartstav.cz\/app\/uploads\/2024\/05\/Hala_Bordovice2-scaled-1-2048x1366.jpg 2048w\" sizes=\"auto, (max-width: 2560px) 100vw, 2560px\" \/><\/a><\/figure>\n\n<h2 class=\"gb-headline gb-headline-b67659ea gb-headline-text\"><a href=\"https:\/\/techartstav.cz\/en\/realizations\/award-winning-building-of-the-year-bordovice-multifunctional-hall\/\">Award-winning building of the year: Bordovice Multifunctional Hall<\/a><\/h2>\n<\/div><\/div>\n\n<div class=\"gb-grid-column gb-grid-column-0d4ea063 gb-query-loop-item post-6238 realizace type-realizace status-publish has-post-thumbnail hentry typy-realizaci-building-work\"><div class=\"gb-container gb-container-0d4ea063\">\n<figure class=\"gb-block-image gb-block-image-785eef9a\"><a href=\"https:\/\/techartstav.cz\/en\/realizations\/harmonie-krnov-home-flood-damage-repairs\/\"><img loading=\"lazy\" decoding=\"async\" width=\"1920\" height=\"2560\" src=\"https:\/\/techartstav.cz\/app\/uploads\/2025\/10\/IMG_20250129_090759-scaled.jpg\" class=\"gb-image-785eef9a posthero\" alt=\"Krnov Domky vysou\u0161en\u00ed po povodn\u00edch\" srcset=\"https:\/\/techartstav.cz\/app\/uploads\/2025\/10\/IMG_20250129_090759-scaled.jpg 1920w, https:\/\/techartstav.cz\/app\/uploads\/2025\/10\/IMG_20250129_090759-225x300.jpg 225w, https:\/\/techartstav.cz\/app\/uploads\/2025\/10\/IMG_20250129_090759-768x1024.jpg 768w, https:\/\/techartstav.cz\/app\/uploads\/2025\/10\/IMG_20250129_090759-1152x1536.jpg 1152w, https:\/\/techartstav.cz\/app\/uploads\/2025\/10\/IMG_20250129_090759-1536x2048.jpg 1536w\" sizes=\"auto, (max-width: 1920px) 100vw, 1920px\" \/><\/a><\/figure>\n\n<h2 class=\"gb-headline gb-headline-b67659ea gb-headline-text\"><a href=\"https:\/\/techartstav.cz\/en\/realizations\/harmonie-krnov-home-flood-damage-repairs\/\">Harmonie Krnov Home \u2013 flood damage repairs<\/a><\/h2>\n<\/div><\/div>\n\n<div class=\"gb-grid-column gb-grid-column-0d4ea063 gb-query-loop-item post-6132 realizace type-realizace status-publish has-post-thumbnail hentry typy-realizaci-building-work\"><div class=\"gb-container gb-container-0d4ea063\">\n<figure class=\"gb-block-image gb-block-image-785eef9a\"><a href=\"https:\/\/techartstav.cz\/en\/realizations\/roofing-of-the-railway-station-havirov\/\"><img loading=\"lazy\" decoding=\"async\" width=\"2560\" height=\"1920\" src=\"https:\/\/techartstav.cz\/app\/uploads\/2025\/06\/IMG_20250422_114241-scaled.jpg\" class=\"gb-image-785eef9a posthero\" alt=\"Zast\u0159e\u0161en\u00ed \u017dS Hav\u00ed\u0159ov\" srcset=\"https:\/\/techartstav.cz\/app\/uploads\/2025\/06\/IMG_20250422_114241-scaled.jpg 2560w, https:\/\/techartstav.cz\/app\/uploads\/2025\/06\/IMG_20250422_114241-300x225.jpg 300w, https:\/\/techartstav.cz\/app\/uploads\/2025\/06\/IMG_20250422_114241-1024x768.jpg 1024w, https:\/\/techartstav.cz\/app\/uploads\/2025\/06\/IMG_20250422_114241-768x576.jpg 768w, https:\/\/techartstav.cz\/app\/uploads\/2025\/06\/IMG_20250422_114241-1536x1152.jpg 1536w, https:\/\/techartstav.cz\/app\/uploads\/2025\/06\/IMG_20250422_114241-2048x1536.jpg 2048w\" sizes=\"auto, (max-width: 2560px) 100vw, 2560px\" \/><\/a><\/figure>\n\n<h2 class=\"gb-headline gb-headline-b67659ea gb-headline-text\"><a href=\"https:\/\/techartstav.cz\/en\/realizations\/roofing-of-the-railway-station-havirov\/\">Roofing of the railway station Hav\u00ed\u0159ov<\/a><\/h2>\n<\/div><\/div>\n\n<div class=\"gb-grid-column gb-grid-column-0d4ea063 gb-query-loop-item post-6031 realizace type-realizace status-publish has-post-thumbnail hentry typy-realizaci-building-work\"><div class=\"gb-container gb-container-0d4ea063\">\n<figure class=\"gb-block-image gb-block-image-785eef9a\"><a href=\"https:\/\/techartstav.cz\/en\/realizations\/reconstruction-of-the-premises-skatepark-ostrava-vyskovice\/\"><img loading=\"lazy\" decoding=\"async\" width=\"2560\" height=\"1920\" src=\"https:\/\/techartstav.cz\/app\/uploads\/2025\/05\/IMG_20250422_111643-1-scaled.jpg\" class=\"gb-image-785eef9a posthero\" alt=\"Skate park Ostrava V\u00fd\u0161kovice\" srcset=\"https:\/\/techartstav.cz\/app\/uploads\/2025\/05\/IMG_20250422_111643-1-scaled.jpg 2560w, https:\/\/techartstav.cz\/app\/uploads\/2025\/05\/IMG_20250422_111643-1-300x225.jpg 300w, https:\/\/techartstav.cz\/app\/uploads\/2025\/05\/IMG_20250422_111643-1-1024x768.jpg 1024w, https:\/\/techartstav.cz\/app\/uploads\/2025\/05\/IMG_20250422_111643-1-768x576.jpg 768w, https:\/\/techartstav.cz\/app\/uploads\/2025\/05\/IMG_20250422_111643-1-1536x1152.jpg 1536w, https:\/\/techartstav.cz\/app\/uploads\/2025\/05\/IMG_20250422_111643-1-2048x1536.jpg 2048w\" sizes=\"auto, (max-width: 2560px) 100vw, 2560px\" \/><\/a><\/figure>\n\n<h2 class=\"gb-headline gb-headline-b67659ea gb-headline-text\"><a href=\"https:\/\/techartstav.cz\/en\/realizations\/reconstruction-of-the-premises-skatepark-ostrava-vyskovice\/\">Reconstruction of the premises &#8211; Skatepark Ostrava-V\u00fd\u0161kovice<\/a><\/h2>\n<\/div><\/div>\n<\/div>\n\n<\/div>\n\n\n<span class=\"gb-button gb-button-cd371415 gb-button-text cutom-button-black\">More realizations<\/span>\n\n<\/div>\n<\/div>","protected":false},"excerpt":{"rendered":"<p>Types of construction work Use of construction technologies Implementation Here you can take a look at our portfolio to explore the projects we have successfully completed in recent years. Take a look at our work and get inspiration for your own projects.<\/p>\n","protected":false},"author":2,"featured_media":0,"parent":0,"menu_order":0,"comment_status":"closed","ping_status":"closed","template":"","meta":{"_acf_changed":false,"inline_featured_image":false,"footnotes":""},"class_list":["post-3643","page","type-page","status-publish"],"acf":[],"_links":{"self":[{"href":"https:\/\/techartstav.cz\/en\/wp-json\/wp\/v2\/pages\/3643","targetHints":{"allow":["GET"]}}],"collection":[{"href":"https:\/\/techartstav.cz\/en\/wp-json\/wp\/v2\/pages"}],"about":[{"href":"https:\/\/techartstav.cz\/en\/wp-json\/wp\/v2\/types\/page"}],"author":[{"embeddable":true,"href":"https:\/\/techartstav.cz\/en\/wp-json\/wp\/v2\/users\/2"}],"replies":[{"embeddable":true,"href":"https:\/\/techartstav.cz\/en\/wp-json\/wp\/v2\/comments?post=3643"}],"version-history":[{"count":1,"href":"https:\/\/techartstav.cz\/en\/wp-json\/wp\/v2\/pages\/3643\/revisions"}],"predecessor-version":[{"id":3646,"href":"https:\/\/techartstav.cz\/en\/wp-json\/wp\/v2\/pages\/3643\/revisions\/3646"}],"wp:attachment":[{"href":"https:\/\/techartstav.cz\/en\/wp-json\/wp\/v2\/media?parent=3643"}],"curies":[{"name":"wp","href":"https:\/\/api.w.org\/{rel}","templated":true}]}}