{"id":3743,"date":"2024-05-13T15:54:07","date_gmt":"2024-05-13T15:54:07","guid":{"rendered":"https:\/\/techartstav.cz\/aktuality\/"},"modified":"2024-05-28T10:28:46","modified_gmt":"2024-05-28T10:28:46","slug":"news","status":"publish","type":"page","link":"https:\/\/techartstav.cz\/en\/news\/","title":{"rendered":"News"},"content":{"rendered":"<div class=\"gb-container gb-container-85c4f7f8\">\n<div class=\"gb-container gb-container-075bb998\">\n<div class=\"gb-grid-wrapper gb-grid-wrapper-7ecab77e\">\n<div class=\"gb-grid-column gb-grid-column-d4f76915\"><div class=\"gb-container gb-container-d4f76915\">\n\n<h1 class=\"gb-headline gb-headline-2202ecce gb-headline-text\">News<\/h1>\n\n\n\n<p class=\"gb-headline gb-headline-a741ae23 gb-headline-text\">In order to bring you closer to what&#8217;s happening in our company and to acquaint you with the latest news in the field of theatre technology and reconstruction of cultural facilities, we select for you.<\/p>\n\n\n\n<a class=\"gb-button gb-button-b90dbecb gb-button-text custom-button smooth-scroll\" href=\"#news\">Our news<\/a>\n\n<\/div><\/div>\n\n<div class=\"gb-grid-column gb-grid-column-e824b250\"><div class=\"gb-container gb-container-e824b250\">\n\n<figure class=\"gb-block-image gb-block-image-a6989e56\"><img loading=\"lazy\" decoding=\"async\" width=\"491\" height=\"490\" class=\"gb-image gb-image-a6989e56\" src=\"https:\/\/techartstav.cz\/app\/uploads\/2024\/05\/Rectangle-600.png\" alt=\"News\" title=\"News\" srcset=\"https:\/\/techartstav.cz\/app\/uploads\/2024\/05\/Rectangle-600.png 491w, https:\/\/techartstav.cz\/app\/uploads\/2024\/05\/Rectangle-600-300x300.png 300w, https:\/\/techartstav.cz\/app\/uploads\/2024\/05\/Rectangle-600-150x150.png 150w\" sizes=\"auto, (max-width: 491px) 100vw, 491px\" \/><\/figure>\n\n<\/div><\/div>\n<\/div>\n<\/div>\n<\/div>\n\n<div class=\"gb-container gb-container-e932e093\" id=\"news\">\n<div class=\"gb-container gb-container-8e8a06c4\">\n<div class=\"gb-container gb-container-07014ab9\">\n<div class=\"gb-grid-wrapper gb-grid-wrapper-e82b8446\">\n<div class=\"gb-grid-column gb-grid-column-b72257bb\"><div class=\"gb-container gb-container-b72257bb\">\n\n<a class=\"gb-button gb-button-b299755c gb-button-text cutom-button-black left\" href=\"https:\/\/techartstav.cz\/en\/news\/\">All news<\/a>\n\n<\/div><\/div>\n\n<div class=\"gb-grid-column gb-grid-column-91098485\"><div class=\"gb-container gb-container-91098485\">\n\n<a class=\"gb-button gb-button-97ac256c gb-button-text cutom-button-black right\" href=\"https:\/\/techartstav.cz\/en\/category\/theatre-technology\/\">Theatre technologies<\/a>\n\n<\/div><\/div>\n\n<div class=\"gb-grid-column gb-grid-column-82de35c8\"><div class=\"gb-container gb-container-82de35c8\">\n\n<a class=\"gb-button gb-button-aec1fb35 gb-button-text cutom-button-black\" href=\"https:\/\/techartstav.cz\/en\/category\/building-work\/\">Building work<\/a>\n\n<\/div><\/div>\n<\/div>\n<\/div>\n\n<div class=\"gb-container gb-container-8626c44e\">\n\n<div class=\"gb-grid-wrapper gb-grid-wrapper-be679237 gb-query-loop-wrapper\">\n<div class=\"gb-grid-column gb-grid-column-0d4ea063 gb-query-loop-item post-6351 post type-post status-publish format-standard has-post-thumbnail hentry category-building-work category-theatre-technology\"><div class=\"gb-container gb-container-0d4ea063\">\n<figure class=\"gb-block-image gb-block-image-785eef9a\"><a href=\"https:\/\/techartstav.cz\/en\/renovation-of-the-theater-hall-at-the-ostrcilova-community-center-in-ostrava\/\"><img loading=\"lazy\" decoding=\"async\" width=\"2048\" height=\"1536\" src=\"https:\/\/techartstav.cz\/app\/uploads\/2026\/04\/IMG_5586.jpeg\" class=\"gb-image-785eef9a posthero\" alt=\"Rekonstrukce divadeln\u00edho s\u00e1lu SV\u010c Ostr\u010dilova\" srcset=\"https:\/\/techartstav.cz\/app\/uploads\/2026\/04\/IMG_5586.jpeg 2048w, https:\/\/techartstav.cz\/app\/uploads\/2026\/04\/IMG_5586-300x225.jpeg 300w, https:\/\/techartstav.cz\/app\/uploads\/2026\/04\/IMG_5586-1024x768.jpeg 1024w, https:\/\/techartstav.cz\/app\/uploads\/2026\/04\/IMG_5586-768x576.jpeg 768w, https:\/\/techartstav.cz\/app\/uploads\/2026\/04\/IMG_5586-1536x1152.jpeg 1536w\" sizes=\"auto, (max-width: 2048px) 100vw, 2048px\" \/><\/a><\/figure>\n\n<div class=\"gb-container gb-container-9d009938\">\n<p class=\"gb-headline gb-headline-44d8ab07 italicke gb-headline-text\"><time class=\"entry-date published\" datetime=\"2026-04-13T09:07:54+00:00\">April 13, 2026<\/time><\/p>\n\n\n<\/div>\n\n<h2 class=\"gb-headline gb-headline-b67659ea gb-headline-text\"><a href=\"https:\/\/techartstav.cz\/en\/renovation-of-the-theater-hall-at-the-ostrcilova-community-center-in-ostrava\/\">Renovation of the theater hall at the Ostr\u010dilova Community Center in Ostrava<\/a><\/h2>\n\n<div class=\"gb-headline gb-headline-f07b50be gb-headline-text\">Following our success in the public tender, we have officially commenced construction work on the project \u201cRenovation of the SV\u010c Ostr\u010dilova Theater Hall.\u201d<\/div>\n\n<p class=\"gb-headline gb-headline-da373670 gb-headline-text\"><a href=\"https:\/\/techartstav.cz\/en\/renovation-of-the-theater-hall-at-the-ostrcilova-community-center-in-ostrava\/\"><span style=\"text-decoration: underline;\">Read more<\/span><\/a><\/p>\n<\/div><\/div>\n\n<div class=\"gb-grid-column gb-grid-column-0d4ea063 gb-query-loop-item post-6312 post type-post status-publish format-standard has-post-thumbnail hentry category-news-from-behind-the-scenes\"><div class=\"gb-container gb-container-0d4ea063\">\n<figure class=\"gb-block-image gb-block-image-785eef9a\"><a href=\"https:\/\/techartstav.cz\/en\/techartstav-and-koexpro-ostrava-strategic-connection-under-one-roof\/\"><img loading=\"lazy\" decoding=\"async\" width=\"1536\" height=\"711\" src=\"https:\/\/techartstav.cz\/app\/uploads\/2026\/03\/spoluprace2.png\" class=\"gb-image-785eef9a posthero\" alt=\"Spolupr\u00e1ce Techartstav a Koexpro\" srcset=\"https:\/\/techartstav.cz\/app\/uploads\/2026\/03\/spoluprace2.png 1536w, https:\/\/techartstav.cz\/app\/uploads\/2026\/03\/spoluprace2-300x139.png 300w, https:\/\/techartstav.cz\/app\/uploads\/2026\/03\/spoluprace2-1024x474.png 1024w, https:\/\/techartstav.cz\/app\/uploads\/2026\/03\/spoluprace2-768x356.png 768w\" sizes=\"auto, (max-width: 1536px) 100vw, 1536px\" \/><\/a><\/figure>\n\n<div class=\"gb-container gb-container-9d009938\">\n<p class=\"gb-headline gb-headline-44d8ab07 italicke gb-headline-text\"><time class=\"entry-date published\" datetime=\"2026-03-09T07:47:15+00:00\">March 9, 2026<\/time><\/p>\n\n\n<\/div>\n\n<h2 class=\"gb-headline gb-headline-b67659ea gb-headline-text\"><a href=\"https:\/\/techartstav.cz\/en\/techartstav-and-koexpro-ostrava-strategic-connection-under-one-roof\/\">TECHARTSTAV and KOEXPRO OSTRAVA: Strategic connection under one roof<\/a><\/h2>\n\n<div class=\"gb-headline gb-headline-f07b50be gb-headline-text\">TECHARTSTAV announces the deepening of its strategic partnership with KOEXPRO OSTRAVA. A key step in this cooperation is the creation of joint technological and administrative facilities within the existing KOEXPRO &#8230;<\/div>\n\n<p class=\"gb-headline gb-headline-da373670 gb-headline-text\"><a href=\"https:\/\/techartstav.cz\/en\/techartstav-and-koexpro-ostrava-strategic-connection-under-one-roof\/\"><span style=\"text-decoration: underline;\">Read more<\/span><\/a><\/p>\n<\/div><\/div>\n\n<div class=\"gb-grid-column gb-grid-column-0d4ea063 gb-query-loop-item post-6256 post type-post status-publish format-standard has-post-thumbnail hentry category-theatre-technology\"><div class=\"gb-container gb-container-0d4ea063\">\n<figure class=\"gb-block-image gb-block-image-785eef9a\"><a href=\"https:\/\/techartstav.cz\/en\/the-main-benefits-of-modern-air-conditioning-in-cultural-centers\/\"><img loading=\"lazy\" decoding=\"async\" width=\"2560\" height=\"1920\" src=\"https:\/\/techartstav.cz\/app\/uploads\/2024\/06\/IMG20240307092229-scaled.jpg\" class=\"gb-image-785eef9a posthero\" alt=\"Rekonstrukce divadla M\u00edr\" srcset=\"https:\/\/techartstav.cz\/app\/uploads\/2024\/06\/IMG20240307092229-scaled.jpg 2560w, https:\/\/techartstav.cz\/app\/uploads\/2024\/06\/IMG20240307092229-300x225.jpg 300w, https:\/\/techartstav.cz\/app\/uploads\/2024\/06\/IMG20240307092229-1024x768.jpg 1024w, https:\/\/techartstav.cz\/app\/uploads\/2024\/06\/IMG20240307092229-768x576.jpg 768w, https:\/\/techartstav.cz\/app\/uploads\/2024\/06\/IMG20240307092229-1536x1152.jpg 1536w, https:\/\/techartstav.cz\/app\/uploads\/2024\/06\/IMG20240307092229-2048x1536.jpg 2048w\" sizes=\"auto, (max-width: 2560px) 100vw, 2560px\" \/><\/a><\/figure>\n\n<div class=\"gb-container gb-container-9d009938\">\n<p class=\"gb-headline gb-headline-44d8ab07 italicke gb-headline-text\"><time class=\"entry-date published\" datetime=\"2025-11-05T09:30:37+00:00\">November 5, 2025<\/time><\/p>\n\n\n<\/div>\n\n<h2 class=\"gb-headline gb-headline-b67659ea gb-headline-text\"><a href=\"https:\/\/techartstav.cz\/en\/the-main-benefits-of-modern-air-conditioning-in-cultural-centers\/\">The main benefits of modern air conditioning in cultural centers<\/a><\/h2>\n\n<div class=\"gb-headline gb-headline-f07b50be gb-headline-text\">1. Comfort for visitors and performers Many people move around theaters, cinemas, and cultural centers during performances. Modern ventilation systems ensure ideal temperatures, fresh air supply, and balanced humidity without &#8230;<\/div>\n\n<p class=\"gb-headline gb-headline-da373670 gb-headline-text\"><a href=\"https:\/\/techartstav.cz\/en\/the-main-benefits-of-modern-air-conditioning-in-cultural-centers\/\"><span style=\"text-decoration: underline;\">Read more<\/span><\/a><\/p>\n<\/div><\/div>\n\n<div class=\"gb-grid-column gb-grid-column-0d4ea063 gb-query-loop-item post-6252 post type-post status-publish format-standard has-post-thumbnail hentry category-building-work\"><div class=\"gb-container gb-container-0d4ea063\">\n<figure class=\"gb-block-image gb-block-image-785eef9a\"><a href=\"https:\/\/techartstav.cz\/en\/we-are-starting-construction-of-a-new-playground-at-prof-matejcek-secondary-school-in-ostrava-poruba\/\"><img loading=\"lazy\" decoding=\"async\" width=\"2560\" height=\"1922\" src=\"https:\/\/techartstav.cz\/app\/uploads\/2025\/10\/PXL_20250922_082520844-scaled.jpg\" class=\"gb-image-785eef9a posthero\" alt=\"St\u0159edn\u00ed \u0161kola prof. Zde\u0148ka Mat\u011bj\u010dka,\nOstrava-Poruba, p\u0159\u00edsp\u011bvkov\u00e1 organizace\" srcset=\"https:\/\/techartstav.cz\/app\/uploads\/2025\/10\/PXL_20250922_082520844-scaled.jpg 2560w, https:\/\/techartstav.cz\/app\/uploads\/2025\/10\/PXL_20250922_082520844-300x225.jpg 300w, https:\/\/techartstav.cz\/app\/uploads\/2025\/10\/PXL_20250922_082520844-1024x769.jpg 1024w, https:\/\/techartstav.cz\/app\/uploads\/2025\/10\/PXL_20250922_082520844-768x577.jpg 768w, https:\/\/techartstav.cz\/app\/uploads\/2025\/10\/PXL_20250922_082520844-1536x1153.jpg 1536w, https:\/\/techartstav.cz\/app\/uploads\/2025\/10\/PXL_20250922_082520844-2048x1538.jpg 2048w\" sizes=\"auto, (max-width: 2560px) 100vw, 2560px\" \/><\/a><\/figure>\n\n<div class=\"gb-container gb-container-9d009938\">\n<p class=\"gb-headline gb-headline-44d8ab07 italicke gb-headline-text\"><time class=\"entry-date published\" datetime=\"2025-10-29T09:40:00+00:00\">October 29, 2025<\/time><\/p>\n\n\n<\/div>\n\n<h2 class=\"gb-headline gb-headline-b67659ea gb-headline-text\"><a href=\"https:\/\/techartstav.cz\/en\/we-are-starting-construction-of-a-new-playground-at-prof-matejcek-secondary-school-in-ostrava-poruba\/\">We are starting construction of a new playground at Prof. Mat\u011bj\u010dek Secondary School in Ostrava-Poruba<\/a><\/h2>\n\n<div class=\"gb-headline gb-headline-f07b50be gb-headline-text\">Our company TECHARTSTAV has begun work on a project to build a modern multi-purpose sports field at the Professor Mat\u011bj\u010dek Secondary School in Ostrava-Poruba. The aim of this investment is &#8230;<\/div>\n\n<p class=\"gb-headline gb-headline-da373670 gb-headline-text\"><a href=\"https:\/\/techartstav.cz\/en\/we-are-starting-construction-of-a-new-playground-at-prof-matejcek-secondary-school-in-ostrava-poruba\/\"><span style=\"text-decoration: underline;\">Read more<\/span><\/a><\/p>\n<\/div><\/div>\n\n<div class=\"gb-grid-column gb-grid-column-0d4ea063 gb-query-loop-item post-6219 post type-post status-publish format-standard has-post-thumbnail hentry category-building-work category-theatre-technology\"><div class=\"gb-container gb-container-0d4ea063\">\n<figure class=\"gb-block-image gb-block-image-785eef9a\"><a href=\"https:\/\/techartstav.cz\/en\/odeon-theater-in-hrabuvka-we-have-begun-renovation-work\/\"><img loading=\"lazy\" decoding=\"async\" width=\"2560\" height=\"1920\" src=\"https:\/\/techartstav.cz\/app\/uploads\/2025\/08\/IMG_3261-scaled.jpg\" class=\"gb-image-785eef9a posthero\" alt=\"Divadlo Odeon rekonstrukce\" srcset=\"https:\/\/techartstav.cz\/app\/uploads\/2025\/08\/IMG_3261-scaled.jpg 2560w, https:\/\/techartstav.cz\/app\/uploads\/2025\/08\/IMG_3261-300x225.jpg 300w, https:\/\/techartstav.cz\/app\/uploads\/2025\/08\/IMG_3261-1024x768.jpg 1024w, https:\/\/techartstav.cz\/app\/uploads\/2025\/08\/IMG_3261-768x576.jpg 768w, https:\/\/techartstav.cz\/app\/uploads\/2025\/08\/IMG_3261-1536x1152.jpg 1536w, https:\/\/techartstav.cz\/app\/uploads\/2025\/08\/IMG_3261-2048x1536.jpg 2048w\" sizes=\"auto, (max-width: 2560px) 100vw, 2560px\" \/><\/a><\/figure>\n\n<div class=\"gb-container gb-container-9d009938\">\n<p class=\"gb-headline gb-headline-44d8ab07 italicke gb-headline-text\"><time class=\"entry-date published\" datetime=\"2025-08-27T13:05:39+00:00\">August 27, 2025<\/time><\/p>\n\n\n<\/div>\n\n<h2 class=\"gb-headline gb-headline-b67659ea gb-headline-text\"><a href=\"https:\/\/techartstav.cz\/en\/odeon-theater-in-hrabuvka-we-have-begun-renovation-work\/\">Odeon Theater in Hrab\u016fvka &#8211; We have begun renovation work<\/a><\/h2>\n\n<div class=\"gb-headline gb-headline-f07b50be gb-headline-text\">Our company TECHARTSTAV, a long-standing partner for the reconstruction and modernization of important buildings of the M\u00edr Theater, is proud to participate in a unique project that will forever change &#8230;<\/div>\n\n<p class=\"gb-headline gb-headline-da373670 gb-headline-text\"><a href=\"https:\/\/techartstav.cz\/en\/odeon-theater-in-hrabuvka-we-have-begun-renovation-work\/\"><span style=\"text-decoration: underline;\">Read more<\/span><\/a><\/p>\n<\/div><\/div>\n\n<div class=\"gb-grid-column gb-grid-column-0d4ea063 gb-query-loop-item post-6195 post type-post status-publish format-standard has-post-thumbnail hentry category-building-work category-theatre-technology\"><div class=\"gb-container gb-container-0d4ea063\">\n<figure class=\"gb-block-image gb-block-image-785eef9a\"><a href=\"https:\/\/techartstav.cz\/en\/renovation-of-the-janacek-conservatory-hall\/\"><img loading=\"lazy\" decoding=\"async\" width=\"2560\" height=\"1920\" src=\"https:\/\/techartstav.cz\/app\/uploads\/2025\/07\/20250320_080238-scaled.jpg\" class=\"gb-image-785eef9a posthero\" alt=\"Rekonstrukce s\u00e1lu Jan\u00e1\u010dkovy konzervato\u0159e\" srcset=\"https:\/\/techartstav.cz\/app\/uploads\/2025\/07\/20250320_080238-scaled.jpg 2560w, https:\/\/techartstav.cz\/app\/uploads\/2025\/07\/20250320_080238-300x225.jpg 300w, https:\/\/techartstav.cz\/app\/uploads\/2025\/07\/20250320_080238-1024x768.jpg 1024w, https:\/\/techartstav.cz\/app\/uploads\/2025\/07\/20250320_080238-768x576.jpg 768w, https:\/\/techartstav.cz\/app\/uploads\/2025\/07\/20250320_080238-1536x1152.jpg 1536w, https:\/\/techartstav.cz\/app\/uploads\/2025\/07\/20250320_080238-2048x1536.jpg 2048w\" sizes=\"auto, (max-width: 2560px) 100vw, 2560px\" \/><\/a><\/figure>\n\n<div class=\"gb-container gb-container-9d009938\">\n<p class=\"gb-headline gb-headline-44d8ab07 italicke gb-headline-text\"><time class=\"entry-date published\" datetime=\"2025-07-31T12:05:32+00:00\">July 31, 2025<\/time><\/p>\n\n\n<\/div>\n\n<h2 class=\"gb-headline gb-headline-b67659ea gb-headline-text\"><a href=\"https:\/\/techartstav.cz\/en\/renovation-of-the-janacek-conservatory-hall\/\">Renovation of the Jan\u00e1\u010dek Conservatory Hall<\/a><\/h2>\n\n<div class=\"gb-headline gb-headline-f07b50be gb-headline-text\">We are delighted to have been successful in the tender for the renovation of the Jan\u00e1\u010dek Conservatory hall in Ostrava. The project involves the reconstruction of part of the hall &#8230;<\/div>\n\n<p class=\"gb-headline gb-headline-da373670 gb-headline-text\"><a href=\"https:\/\/techartstav.cz\/en\/renovation-of-the-janacek-conservatory-hall\/\"><span style=\"text-decoration: underline;\">Read more<\/span><\/a><\/p>\n<\/div><\/div>\n<\/div>\n\n<div class=\"gb-container gb-container-e2a976c1 gb-query-loop-pagination\">\n\n\n<span class=\"gb-button gb-button-e65482b5 gb-button-text page-numbers gb-block-is-current\" aria-current=\"page\">1<\/span><a class=\"gb-button gb-button-e65482b5 gb-button-text page-numbers\" href=\"?query-0d4e7433-page=2\">2<\/a><a class=\"gb-button gb-button-e65482b5 gb-button-text page-numbers\" href=\"?query-0d4e7433-page=3\">3<\/a><span class=\"gb-button gb-button-e65482b5 gb-button-text page-numbers dots\">\u2026<\/span><a class=\"gb-button gb-button-e65482b5 gb-button-text page-numbers\" href=\"?query-0d4e7433-page=5\">5<\/a>\n\n<a class=\"gb-button gb-button-5b571582 dalsi\" href=\"\/en\/wp-json\/wp\/v2\/pages\/3743?query-0d4e7433-page=2\"><span class=\"gb-button-text\">Dal\u0161\u00ed<\/span><span class=\"gb-icon\"><svg viewbox=\"0 0 512 512\" xmlns=\"http:\/\/www.w3.org\/2000\/svg\">   <path class=\"ci-primary\" d=\"M256,496A240,240,0,0,1,86.294,86.294,240,240,0,0,1,425.706,425.706,238.43,238.43,0,0,1,256,496Zm0-448C141.309,48,48,141.309,48,256s93.309,208,208,208,208-93.309,208-208S370.691,48,256,48Z\" fill=\"var(--ci-primary-color, currentColor)\"><\/path>   <polygon class=\"ci-primary\" points=\"227.313 379.313 204.687 356.687 305.372 256 204.687 155.313 227.313 132.687 350.627 256 227.313 379.313\" fill=\"var(--ci-primary-color, currentColor)\"><\/polygon> <\/svg><\/span><\/a>\n<\/div>\n\n<\/div>\n<\/div>\n<\/div>","protected":false},"excerpt":{"rendered":"","protected":false},"author":2,"featured_media":0,"parent":0,"menu_order":0,"comment_status":"closed","ping_status":"closed","template":"","meta":{"_acf_changed":false,"inline_featured_image":false,"footnotes":""},"class_list":["post-3743","page","type-page","status-publish"],"acf":[],"_links":{"self":[{"href":"https:\/\/techartstav.cz\/en\/wp-json\/wp\/v2\/pages\/3743","targetHints":{"allow":["GET"]}}],"collection":[{"href":"https:\/\/techartstav.cz\/en\/wp-json\/wp\/v2\/pages"}],"about":[{"href":"https:\/\/techartstav.cz\/en\/wp-json\/wp\/v2\/types\/page"}],"author":[{"embeddable":true,"href":"https:\/\/techartstav.cz\/en\/wp-json\/wp\/v2\/users\/2"}],"replies":[{"embeddable":true,"href":"https:\/\/techartstav.cz\/en\/wp-json\/wp\/v2\/comments?post=3743"}],"version-history":[{"count":9,"href":"https:\/\/techartstav.cz\/en\/wp-json\/wp\/v2\/pages\/3743\/revisions"}],"predecessor-version":[{"id":5026,"href":"https:\/\/techartstav.cz\/en\/wp-json\/wp\/v2\/pages\/3743\/revisions\/5026"}],"wp:attachment":[{"href":"https:\/\/techartstav.cz\/en\/wp-json\/wp\/v2\/media?parent=3743"}],"curies":[{"name":"wp","href":"https:\/\/api.w.org\/{rel}","templated":true}]}}