{"id":3791,"date":"2024-05-13T15:53:47","date_gmt":"2024-05-13T15:53:47","guid":{"rendered":"https:\/\/techartstav.cz\/realizace\/"},"modified":"2024-05-28T10:27:53","modified_gmt":"2024-05-28T10:27:53","slug":"realizations","status":"publish","type":"page","link":"https:\/\/techartstav.cz\/en\/realizations\/","title":{"rendered":"Realizations"},"content":{"rendered":"<div class=\"gb-container gb-container-85c4f7f8\">\n<div class=\"gb-container gb-container-075bb998\">\n<div class=\"gb-grid-wrapper gb-grid-wrapper-7ecab77e\">\n<div class=\"gb-grid-column gb-grid-column-d4f76915\"><div class=\"gb-container gb-container-d4f76915\">\n\n<h1 class=\"gb-headline gb-headline-2202ecce gb-headline-text\">Realizations<\/h1>\n\n\n\n<p class=\"gb-headline gb-headline-a741ae23 gb-headline-text\">Here you will find our work in the field of theatre technology, renovation of cultural facilities and construction projects that we have completed in recent years.<\/p>\n\n\n\n<a class=\"gb-button gb-button-b90dbecb gb-button-text custom-button smooth-scroll\" href=\"#realizations\">our realizations<\/a>\n\n<\/div><\/div>\n\n<div class=\"gb-grid-column gb-grid-column-e824b250\"><div class=\"gb-container gb-container-e824b250\">\n\n<figure class=\"gb-block-image gb-block-image-a6989e56\"><img loading=\"lazy\" decoding=\"async\" width=\"491\" height=\"490\" class=\"gb-image gb-image-a6989e56\" src=\"https:\/\/techartstav.cz\/app\/uploads\/2024\/05\/Rectangle-600.png\" alt=\"Realizations\" title=\"Realizations\" srcset=\"https:\/\/techartstav.cz\/app\/uploads\/2024\/05\/Rectangle-600.png 491w, https:\/\/techartstav.cz\/app\/uploads\/2024\/05\/Rectangle-600-300x300.png 300w, https:\/\/techartstav.cz\/app\/uploads\/2024\/05\/Rectangle-600-150x150.png 150w\" sizes=\"auto, (max-width: 491px) 100vw, 491px\" \/><\/figure>\n\n<\/div><\/div>\n<\/div>\n\n\n<p id=\"realizations\"><\/p>\n\n<\/div>\n<\/div>\n\n<div class=\"gb-container gb-container-e932e093\">\n<div class=\"gb-container gb-container-8e8a06c4\">\n<div class=\"gb-container gb-container-07014ab9\">\n<div class=\"gb-grid-wrapper gb-grid-wrapper-c50b447e\">\n<div class=\"gb-grid-column gb-grid-column-813cce0e\"><div class=\"gb-container gb-container-813cce0e\">\n\n<a class=\"gb-button gb-button-e0893f02 gb-button-text cutom-button-black left\" href=\"https:\/\/techartstav.cz\/en\/realizations\/\">All realizations<\/a>\n\n<\/div><\/div>\n\n<div class=\"gb-grid-column gb-grid-column-17daf3c5\"><div class=\"gb-container gb-container-17daf3c5\">\n\n<a class=\"gb-button gb-button-6a1b7a6f gb-button-text cutom-button-black right\" href=\"https:\/\/techartstav.cz\/en\/realization-types\/theatre-technologies\/\">Theatre technologies<\/a>\n\n<\/div><\/div>\n\n<div class=\"gb-grid-column gb-grid-column-5760f7a2\"><div class=\"gb-container gb-container-5760f7a2\">\n\n<a class=\"gb-button gb-button-ea3700d4 gb-button-text cutom-button-black\" href=\"https:\/\/techartstav.cz\/en\/realization-types\/building-work\/\">Building work<\/a>\n\n<\/div><\/div>\n<\/div>\n<\/div>\n\n<div class=\"gb-container gb-container-8626c44e\">\n\n<div class=\"gb-grid-wrapper gb-grid-wrapper-be679237 gb-query-loop-wrapper\">\n<div class=\"gb-grid-column gb-grid-column-0d4ea063 gb-query-loop-item post-6277 realizace type-realizace status-publish has-post-thumbnail hentry typy-realizaci-building-work typy-realizaci-theatre-technologies\"><div class=\"gb-container gb-container-0d4ea063\">\n<figure class=\"gb-block-image gb-block-image-785eef9a\"><a href=\"https:\/\/techartstav.cz\/en\/realizations\/award-winning-building-of-the-year-bordovice-multifunctional-hall\/\"><img loading=\"lazy\" decoding=\"async\" width=\"2560\" height=\"1707\" src=\"https:\/\/techartstav.cz\/app\/uploads\/2024\/05\/Hala_Bordovice2-scaled-1.jpg\" class=\"gb-image-785eef9a posthero\" alt=\"\" srcset=\"https:\/\/techartstav.cz\/app\/uploads\/2024\/05\/Hala_Bordovice2-scaled-1.jpg 2560w, https:\/\/techartstav.cz\/app\/uploads\/2024\/05\/Hala_Bordovice2-scaled-1-300x200.jpg 300w, https:\/\/techartstav.cz\/app\/uploads\/2024\/05\/Hala_Bordovice2-scaled-1-1024x683.jpg 1024w, https:\/\/techartstav.cz\/app\/uploads\/2024\/05\/Hala_Bordovice2-scaled-1-768x512.jpg 768w, https:\/\/techartstav.cz\/app\/uploads\/2024\/05\/Hala_Bordovice2-scaled-1-1536x1024.jpg 1536w, https:\/\/techartstav.cz\/app\/uploads\/2024\/05\/Hala_Bordovice2-scaled-1-2048x1366.jpg 2048w\" sizes=\"auto, (max-width: 2560px) 100vw, 2560px\" \/><\/a><\/figure>\n\n<div class=\"gb-container gb-container-9d009938\">\n<p class=\"gb-headline gb-headline-44d8ab07 italicke gb-headline-text\"><time class=\"entry-date published\" datetime=\"2025-12-10T15:56:00+00:00\">December 10, 2025<\/time><\/p>\n\n\n<\/div>\n\n<h2 class=\"gb-headline gb-headline-b67659ea gb-headline-text\"><a href=\"https:\/\/techartstav.cz\/en\/realizations\/award-winning-building-of-the-year-bordovice-multifunctional-hall\/\">Award-winning building of the year: Bordovice Multifunctional Hall<\/a><\/h2>\n\n<div class=\"gb-headline gb-headline-f07b50be gb-headline-text\">A general contractor you can rely on. A result that is a joy to behold. We are proud to present one of our latest and most successful projects: the multifunctional &#8230;<\/div>\n\n<p class=\"gb-headline gb-headline-da373670 gb-headline-text\"><a href=\"https:\/\/techartstav.cz\/en\/realizations\/award-winning-building-of-the-year-bordovice-multifunctional-hall\/\"><span style=\"text-decoration: underline;\">Read more<\/span><\/a><\/p>\n<\/div><\/div>\n\n<div class=\"gb-grid-column gb-grid-column-0d4ea063 gb-query-loop-item post-6238 realizace type-realizace status-publish has-post-thumbnail hentry typy-realizaci-building-work\"><div class=\"gb-container gb-container-0d4ea063\">\n<figure class=\"gb-block-image gb-block-image-785eef9a\"><a href=\"https:\/\/techartstav.cz\/en\/realizations\/harmonie-krnov-home-flood-damage-repairs\/\"><img loading=\"lazy\" decoding=\"async\" width=\"1920\" height=\"2560\" src=\"https:\/\/techartstav.cz\/app\/uploads\/2025\/10\/IMG_20250129_090759-scaled.jpg\" class=\"gb-image-785eef9a posthero\" alt=\"Krnov Domky vysou\u0161en\u00ed po povodn\u00edch\" srcset=\"https:\/\/techartstav.cz\/app\/uploads\/2025\/10\/IMG_20250129_090759-scaled.jpg 1920w, https:\/\/techartstav.cz\/app\/uploads\/2025\/10\/IMG_20250129_090759-225x300.jpg 225w, https:\/\/techartstav.cz\/app\/uploads\/2025\/10\/IMG_20250129_090759-768x1024.jpg 768w, https:\/\/techartstav.cz\/app\/uploads\/2025\/10\/IMG_20250129_090759-1152x1536.jpg 1152w, https:\/\/techartstav.cz\/app\/uploads\/2025\/10\/IMG_20250129_090759-1536x2048.jpg 1536w\" sizes=\"auto, (max-width: 1920px) 100vw, 1920px\" \/><\/a><\/figure>\n\n<div class=\"gb-container gb-container-9d009938\">\n<p class=\"gb-headline gb-headline-44d8ab07 italicke gb-headline-text\"><time class=\"entry-date published\" datetime=\"2025-10-07T13:11:29+00:00\">October 7, 2025<\/time><\/p>\n\n\n<\/div>\n\n<h2 class=\"gb-headline gb-headline-b67659ea gb-headline-text\"><a href=\"https:\/\/techartstav.cz\/en\/realizations\/harmonie-krnov-home-flood-damage-repairs\/\">Harmonie Krnov Home \u2013 flood damage repairs<\/a><\/h2>\n\n<div class=\"gb-headline gb-headline-f07b50be gb-headline-text\">However, just one year after completion, the area was hit by devastating floods that affected all the houses on the site.<\/div>\n\n<p class=\"gb-headline gb-headline-da373670 gb-headline-text\"><a href=\"https:\/\/techartstav.cz\/en\/realizations\/harmonie-krnov-home-flood-damage-repairs\/\"><span style=\"text-decoration: underline;\">Read more<\/span><\/a><\/p>\n<\/div><\/div>\n\n<div class=\"gb-grid-column gb-grid-column-0d4ea063 gb-query-loop-item post-6132 realizace type-realizace status-publish has-post-thumbnail hentry typy-realizaci-building-work\"><div class=\"gb-container gb-container-0d4ea063\">\n<figure class=\"gb-block-image gb-block-image-785eef9a\"><a href=\"https:\/\/techartstav.cz\/en\/realizations\/roofing-of-the-railway-station-havirov\/\"><img loading=\"lazy\" decoding=\"async\" width=\"2560\" height=\"1920\" src=\"https:\/\/techartstav.cz\/app\/uploads\/2025\/06\/IMG_20250422_114241-scaled.jpg\" class=\"gb-image-785eef9a posthero\" alt=\"Zast\u0159e\u0161en\u00ed \u017dS Hav\u00ed\u0159ov\" srcset=\"https:\/\/techartstav.cz\/app\/uploads\/2025\/06\/IMG_20250422_114241-scaled.jpg 2560w, https:\/\/techartstav.cz\/app\/uploads\/2025\/06\/IMG_20250422_114241-300x225.jpg 300w, https:\/\/techartstav.cz\/app\/uploads\/2025\/06\/IMG_20250422_114241-1024x768.jpg 1024w, https:\/\/techartstav.cz\/app\/uploads\/2025\/06\/IMG_20250422_114241-768x576.jpg 768w, https:\/\/techartstav.cz\/app\/uploads\/2025\/06\/IMG_20250422_114241-1536x1152.jpg 1536w, https:\/\/techartstav.cz\/app\/uploads\/2025\/06\/IMG_20250422_114241-2048x1536.jpg 2048w\" sizes=\"auto, (max-width: 2560px) 100vw, 2560px\" \/><\/a><\/figure>\n\n<div class=\"gb-container gb-container-9d009938\">\n<p class=\"gb-headline gb-headline-44d8ab07 italicke gb-headline-text\"><time class=\"entry-date published\" datetime=\"2025-06-03T13:37:22+00:00\">June 3, 2025<\/time><\/p>\n\n\n<\/div>\n\n<h2 class=\"gb-headline gb-headline-b67659ea gb-headline-text\"><a href=\"https:\/\/techartstav.cz\/en\/realizations\/roofing-of-the-railway-station-havirov\/\">Roofing of the railway station Hav\u00ed\u0159ov<\/a><\/h2>\n\n<div class=\"gb-headline gb-headline-f07b50be gb-headline-text\">We were pleased to be involved in the significant modernization of the Hav\u00ed\u0159ov railway station.<\/div>\n\n<p class=\"gb-headline gb-headline-da373670 gb-headline-text\"><a href=\"https:\/\/techartstav.cz\/en\/realizations\/roofing-of-the-railway-station-havirov\/\"><span style=\"text-decoration: underline;\">Read more<\/span><\/a><\/p>\n<\/div><\/div>\n\n<div class=\"gb-grid-column gb-grid-column-0d4ea063 gb-query-loop-item post-6031 realizace type-realizace status-publish has-post-thumbnail hentry typy-realizaci-building-work\"><div class=\"gb-container gb-container-0d4ea063\">\n<figure class=\"gb-block-image gb-block-image-785eef9a\"><a href=\"https:\/\/techartstav.cz\/en\/realizations\/reconstruction-of-the-premises-skatepark-ostrava-vyskovice\/\"><img loading=\"lazy\" decoding=\"async\" width=\"2560\" height=\"1920\" src=\"https:\/\/techartstav.cz\/app\/uploads\/2025\/05\/IMG_20250422_111643-1-scaled.jpg\" class=\"gb-image-785eef9a posthero\" alt=\"Skate park Ostrava V\u00fd\u0161kovice\" srcset=\"https:\/\/techartstav.cz\/app\/uploads\/2025\/05\/IMG_20250422_111643-1-scaled.jpg 2560w, https:\/\/techartstav.cz\/app\/uploads\/2025\/05\/IMG_20250422_111643-1-300x225.jpg 300w, https:\/\/techartstav.cz\/app\/uploads\/2025\/05\/IMG_20250422_111643-1-1024x768.jpg 1024w, https:\/\/techartstav.cz\/app\/uploads\/2025\/05\/IMG_20250422_111643-1-768x576.jpg 768w, https:\/\/techartstav.cz\/app\/uploads\/2025\/05\/IMG_20250422_111643-1-1536x1152.jpg 1536w, https:\/\/techartstav.cz\/app\/uploads\/2025\/05\/IMG_20250422_111643-1-2048x1536.jpg 2048w\" sizes=\"auto, (max-width: 2560px) 100vw, 2560px\" \/><\/a><\/figure>\n\n<div class=\"gb-container gb-container-9d009938\">\n<p class=\"gb-headline gb-headline-44d8ab07 italicke gb-headline-text\"><time class=\"entry-date published\" datetime=\"2025-05-09T09:40:44+00:00\">May 9, 2025<\/time><\/p>\n\n\n<\/div>\n\n<h2 class=\"gb-headline gb-headline-b67659ea gb-headline-text\"><a href=\"https:\/\/techartstav.cz\/en\/realizations\/reconstruction-of-the-premises-skatepark-ostrava-vyskovice\/\">Reconstruction of the premises &#8211; Skatepark Ostrava-V\u00fd\u0161kovice<\/a><\/h2>\n\n<div class=\"gb-headline gb-headline-f07b50be gb-headline-text\">The skatepark looks very solid and we believe it will contribute to the development of community life in Ostrava.<\/div>\n\n<p class=\"gb-headline gb-headline-da373670 gb-headline-text\"><a href=\"https:\/\/techartstav.cz\/en\/realizations\/reconstruction-of-the-premises-skatepark-ostrava-vyskovice\/\"><span style=\"text-decoration: underline;\">Read more<\/span><\/a><\/p>\n<\/div><\/div>\n\n<div class=\"gb-grid-column gb-grid-column-0d4ea063 gb-query-loop-item post-5849 realizace type-realizace status-publish has-post-thumbnail hentry typy-realizaci-building-work typy-realizaci-theatre-technologies\"><div class=\"gb-container gb-container-0d4ea063\">\n<figure class=\"gb-block-image gb-block-image-785eef9a\"><a href=\"https:\/\/techartstav.cz\/en\/realizations\/project-documentation-created-by-us\/\"><img loading=\"lazy\" decoding=\"async\" width=\"640\" height=\"420\" src=\"https:\/\/techartstav.cz\/app\/uploads\/2024\/07\/blueprint-354233_640.jpg\" class=\"gb-image-785eef9a posthero\" alt=\"Pasportizace budov\" srcset=\"https:\/\/techartstav.cz\/app\/uploads\/2024\/07\/blueprint-354233_640.jpg 640w, https:\/\/techartstav.cz\/app\/uploads\/2024\/07\/blueprint-354233_640-300x197.jpg 300w\" sizes=\"auto, (max-width: 640px) 100vw, 640px\" \/><\/a><\/figure>\n\n<div class=\"gb-container gb-container-9d009938\">\n<p class=\"gb-headline gb-headline-44d8ab07 italicke gb-headline-text\"><time class=\"entry-date published\" datetime=\"2025-02-28T08:00:13+00:00\">February 28, 2025<\/time><\/p>\n\n\n<\/div>\n\n<h2 class=\"gb-headline gb-headline-b67659ea gb-headline-text\"><a href=\"https:\/\/techartstav.cz\/en\/realizations\/project-documentation-created-by-us\/\">Project documentation created by us<\/a><\/h2>\n\n<div class=\"gb-headline gb-headline-f07b50be gb-headline-text\">Our company is actively engaged in the creation of project documentation. We have a team of employees and collaborators for this activity.<\/div>\n\n<p class=\"gb-headline gb-headline-da373670 gb-headline-text\"><a href=\"https:\/\/techartstav.cz\/en\/realizations\/project-documentation-created-by-us\/\"><span style=\"text-decoration: underline;\">Read more<\/span><\/a><\/p>\n<\/div><\/div>\n\n<div class=\"gb-grid-column gb-grid-column-0d4ea063 gb-query-loop-item post-5686 realizace type-realizace status-publish has-post-thumbnail hentry typy-realizaci-building-work typy-realizaci-nezarazene-en typy-realizaci-theatre-technologies\"><div class=\"gb-container gb-container-0d4ea063\">\n<figure class=\"gb-block-image gb-block-image-785eef9a\"><a href=\"https:\/\/techartstav.cz\/en\/realizations\/modernization-of-the-concert-hall-project-documentation\/\"><img loading=\"lazy\" decoding=\"async\" width=\"1920\" height=\"2560\" src=\"https:\/\/techartstav.cz\/app\/uploads\/2024\/11\/IMG_20241206_160034-scaled.jpg\" class=\"gb-image-785eef9a posthero\" alt=\"\" srcset=\"https:\/\/techartstav.cz\/app\/uploads\/2024\/11\/IMG_20241206_160034-scaled.jpg 1920w, https:\/\/techartstav.cz\/app\/uploads\/2024\/11\/IMG_20241206_160034-225x300.jpg 225w, https:\/\/techartstav.cz\/app\/uploads\/2024\/11\/IMG_20241206_160034-768x1024.jpg 768w, https:\/\/techartstav.cz\/app\/uploads\/2024\/11\/IMG_20241206_160034-1152x1536.jpg 1152w, https:\/\/techartstav.cz\/app\/uploads\/2024\/11\/IMG_20241206_160034-1536x2048.jpg 1536w\" sizes=\"auto, (max-width: 1920px) 100vw, 1920px\" \/><\/a><\/figure>\n\n<div class=\"gb-container gb-container-9d009938\">\n<p class=\"gb-headline gb-headline-44d8ab07 italicke gb-headline-text\"><time class=\"entry-date published\" datetime=\"2024-11-18T13:24:01+00:00\">November 18, 2024<\/time><\/p>\n\n\n<\/div>\n\n<h2 class=\"gb-headline gb-headline-b67659ea gb-headline-text\"><a href=\"https:\/\/techartstav.cz\/en\/realizations\/modernization-of-the-concert-hall-project-documentation\/\">Modernization of the concert hall &#8211; project documentation<\/a><\/h2>\n\n<div class=\"gb-headline gb-headline-f07b50be gb-headline-text\">Since February this year we have been working on the creation of project documentation for the Jan\u00e1\u010dek Conservatory in Ostrava, a contributory organization. The documentation was prepared on the basis of a study prepared by the architectural office ARKOS s.r.o. in June 2022.<\/div>\n\n<p class=\"gb-headline gb-headline-da373670 gb-headline-text\"><a href=\"https:\/\/techartstav.cz\/en\/realizations\/modernization-of-the-concert-hall-project-documentation\/\"><span style=\"text-decoration: underline;\">Read more<\/span><\/a><\/p>\n<\/div><\/div>\n<\/div>\n\n<div class=\"gb-container gb-container-e2a976c1 gb-query-loop-pagination\">\n\n\n<span class=\"gb-button gb-button-e65482b5 gb-button-text page-numbers gb-block-is-current\" aria-current=\"page\">1<\/span><a class=\"gb-button gb-button-e65482b5 gb-button-text page-numbers\" href=\"?query-0d4e7433-page=2\">2<\/a><a class=\"gb-button gb-button-e65482b5 gb-button-text page-numbers\" href=\"?query-0d4e7433-page=3\">3<\/a><span class=\"gb-button gb-button-e65482b5 gb-button-text page-numbers dots\">\u2026<\/span><a class=\"gb-button gb-button-e65482b5 gb-button-text page-numbers\" href=\"?query-0d4e7433-page=9\">9<\/a>\n\n<a class=\"gb-button gb-button-5b571582 dalsi\" href=\"\/en\/wp-json\/wp\/v2\/pages\/3791?query-0d4e7433-page=2\"><span class=\"gb-button-text\">Dal\u0161\u00ed<\/span><span class=\"gb-icon\"><svg viewbox=\"0 0 512 512\" xmlns=\"http:\/\/www.w3.org\/2000\/svg\">   <path class=\"ci-primary\" d=\"M256,496A240,240,0,0,1,86.294,86.294,240,240,0,0,1,425.706,425.706,238.43,238.43,0,0,1,256,496Zm0-448C141.309,48,48,141.309,48,256s93.309,208,208,208,208-93.309,208-208S370.691,48,256,48Z\" fill=\"var(--ci-primary-color, currentColor)\"><\/path>   <polygon class=\"ci-primary\" points=\"227.313 379.313 204.687 356.687 305.372 256 204.687 155.313 227.313 132.687 350.627 256 227.313 379.313\" fill=\"var(--ci-primary-color, currentColor)\"><\/polygon> <\/svg><\/span><\/a>\n<\/div>\n\n<\/div>\n<\/div>\n<\/div>","protected":false},"excerpt":{"rendered":"","protected":false},"author":2,"featured_media":0,"parent":0,"menu_order":0,"comment_status":"closed","ping_status":"closed","template":"","meta":{"_acf_changed":false,"inline_featured_image":false,"footnotes":""},"class_list":["post-3791","page","type-page","status-publish"],"acf":[],"_links":{"self":[{"href":"https:\/\/techartstav.cz\/en\/wp-json\/wp\/v2\/pages\/3791","targetHints":{"allow":["GET"]}}],"collection":[{"href":"https:\/\/techartstav.cz\/en\/wp-json\/wp\/v2\/pages"}],"about":[{"href":"https:\/\/techartstav.cz\/en\/wp-json\/wp\/v2\/types\/page"}],"author":[{"embeddable":true,"href":"https:\/\/techartstav.cz\/en\/wp-json\/wp\/v2\/users\/2"}],"replies":[{"embeddable":true,"href":"https:\/\/techartstav.cz\/en\/wp-json\/wp\/v2\/comments?post=3791"}],"version-history":[{"count":14,"href":"https:\/\/techartstav.cz\/en\/wp-json\/wp\/v2\/pages\/3791\/revisions"}],"predecessor-version":[{"id":5023,"href":"https:\/\/techartstav.cz\/en\/wp-json\/wp\/v2\/pages\/3791\/revisions\/5023"}],"wp:attachment":[{"href":"https:\/\/techartstav.cz\/en\/wp-json\/wp\/v2\/media?parent=3791"}],"curies":[{"name":"wp","href":"https:\/\/api.w.org\/{rel}","templated":true}]}}