{"id":3899,"date":"2024-05-13T15:53:32","date_gmt":"2024-05-13T15:53:32","guid":{"rendered":"https:\/\/techartstav.cz\/o-nas\/"},"modified":"2024-05-28T08:08:19","modified_gmt":"2024-05-28T08:08:19","slug":"about-us","status":"publish","type":"page","link":"https:\/\/techartstav.cz\/en\/about-us\/","title":{"rendered":"About us"},"content":{"rendered":"<div class=\"gb-container gb-container-c1750241\">\n<div class=\"gb-container gb-container-d409602b\"><\/div>\n<\/div>\n\n<div class=\"gb-container gb-container-1e2a60f8\">\n<div class=\"gb-container gb-container-6738e771 up\">\n<div class=\"gb-grid-wrapper gb-grid-wrapper-02ec4947\">\n<div class=\"gb-grid-column gb-grid-column-36c2d675\"><div class=\"gb-container gb-container-36c2d675\">\n\n<h1 class=\"gb-headline gb-headline-05a4fc88 gb-headline-text\">About us<\/h1>\n\n\n\n<p class=\"gb-headline gb-headline-36b17701 gb-headline-text\">We are a technology and construction company that specializes in theatre technology and construction activities. We offer a complete service from design to implementation to provide you with everything from A to Z.<\/p>\n\n<\/div><\/div>\n\n<div class=\"gb-grid-column gb-grid-column-dd9c0f32\"><div class=\"gb-container gb-container-dd9c0f32\">\n\n<figure class=\"gb-block-image gb-block-image-6fbcf1ee\"><img loading=\"lazy\" decoding=\"async\" width=\"734\" height=\"422\" class=\"gb-image gb-image-6fbcf1ee\" src=\"https:\/\/techartstav.cz\/app\/uploads\/2024\/05\/Mask-group-2.png\" alt=\"About us\" title=\"About us\" srcset=\"https:\/\/techartstav.cz\/app\/uploads\/2024\/05\/Mask-group-2.png 734w, https:\/\/techartstav.cz\/app\/uploads\/2024\/05\/Mask-group-2-300x172.png 300w\" sizes=\"auto, (max-width: 734px) 100vw, 734px\" \/><\/figure>\n\n<\/div><\/div>\n<\/div>\n<\/div>\n<\/div>\n\n<div class=\"gb-container gb-container-7126f18a\">\n<div class=\"gb-container gb-container-8327e3b6\">\n<div class=\"gb-grid-wrapper gb-grid-wrapper-1c9b4ef6\">\n<div class=\"gb-grid-column gb-grid-column-f8781c01\"><div class=\"gb-container gb-container-f8781c01\"><\/div><\/div>\n\n<div class=\"gb-grid-column gb-grid-column-302f97ea\"><div class=\"gb-container gb-container-302f97ea\">\n<div class=\"gb-grid-wrapper gb-grid-wrapper-74126507\">\n<div class=\"gb-grid-column gb-grid-column-00e9b033\"><div class=\"gb-container gb-container-00e9b033\">\n\n<p class=\"gb-headline gb-headline-17b9caca gb-headline-text\">Years on the market<\/p>\n\n\n\n<p class=\"gb-headline gb-headline-2f0cbefa gb-headline-text\">10<\/p>\n\n<\/div><\/div>\n\n<div class=\"gb-grid-column gb-grid-column-45efa40f\"><div class=\"gb-container gb-container-45efa40f\">\n\n<p class=\"gb-headline gb-headline-724ddc86 gb-headline-text\">Completed projects<\/p>\n\n\n\n<p class=\"gb-headline gb-headline-6238bc03 gb-headline-text\">100+<\/p>\n\n<\/div><\/div>\n\n<div class=\"gb-grid-column gb-grid-column-2f840476\"><div class=\"gb-container gb-container-2f840476\">\n\n<p class=\"gb-headline gb-headline-b76bbb74 gb-headline-text\">Satisfied employees<\/p>\n\n\n\n<p class=\"gb-headline gb-headline-0f5286b7 gb-headline-text\">20+<\/p>\n\n<\/div><\/div>\n\n<div class=\"gb-grid-column gb-grid-column-e73d3493\"><div class=\"gb-container gb-container-e73d3493\">\n\n<p class=\"gb-headline gb-headline-ce10e85b gb-headline-text\">One million Czech crowns<\/p>\n\n\n\n<p class=\"gb-headline gb-headline-2216e54a gb-headline-text\">180<\/p>\n\n<\/div><\/div>\n<\/div>\n<\/div><\/div>\n<\/div>\n<\/div>\n<\/div>\n\n<div class=\"gb-container gb-container-e982b1dd\">\n<div class=\"gb-container gb-container-6ce31138\">\n\n<h2 class=\"gb-headline gb-headline-8a9a9d61 gb-headline-text\">Our beginnings<\/h2>\n\n\n<div class=\"gb-grid-wrapper gb-grid-wrapper-57104b7c\">\n<div class=\"gb-grid-column gb-grid-column-119ab51a\"><div class=\"gb-container gb-container-119ab51a\">\n\n<p class=\"gb-headline gb-headline-4ccb4d48 gb-headline-text\">The company was established in 2013 with a small team of employees, specializing in the delivery and installation of theatre equipment. As the company has grown, the portfolio of services has expanded to include theatrical technology related construction. Today we are able to carry out construction works not only for theatres, but also for cultural houses, cinemas and other cultural centres. Our construction department is flexible and experienced, able to adapt to different projects and customer requirements.<\/p>\n\n<\/div><\/div>\n\n<div class=\"gb-grid-column gb-grid-column-2f608551\"><div class=\"gb-container gb-container-2f608551\">\n\n<p class=\"gb-headline gb-headline-c7e373e6 gb-headline-text\">We have successfully completed a number of projects, including the renovation of community centres, theatre refurbishments and cinema upgrades. We are proud to contribute to the development of cultural facilities and provide them with technological and construction solutions tailored to their needs.<\/p>\n\n\n\n<p class=\"gb-headline gb-headline-0ee67845 gb-headline-text\">Our work is not just about building buildings, but about creating an environment in which culture can develop and thrive.<\/p>\n\n<\/div><\/div>\n<\/div>\n<\/div>\n<\/div>\n\n<div class=\"gb-container gb-container-8bdc3dae\">\n<div class=\"gb-container gb-container-f700d368\">\n<div class=\"gb-grid-wrapper gb-grid-wrapper-bbd23954\">\n<div class=\"gb-grid-column gb-grid-column-2e5ef2c6\"><div class=\"gb-container gb-container-2e5ef2c6\">\n\n<h3 class=\"gb-headline gb-headline-53a0bb4f gb-headline-text\">What we pride ourselves on<\/h3>\n\n\n\n<p class=\"gb-headline gb-headline-4e9cde27 gb-headline-text\">We provide comprehensive services from design to construction and technological implementation and subsequent service. Our goal is customer satisfaction and quality results. We pride ourselves on fair negotiations, the quality of the work done, the appropriate selection of suitable materials.<\/p>\n\n<\/div><\/div>\n\n<div class=\"gb-grid-column gb-grid-column-a16a502c\"><div class=\"gb-container gb-container-a16a502c\">\n\n<figure class=\"gb-block-image gb-block-image-b0057caf\"><img loading=\"lazy\" decoding=\"async\" width=\"745\" height=\"540\" class=\"gb-image gb-image-b0057caf\" src=\"https:\/\/techartstav.cz\/app\/uploads\/2024\/05\/Rectangle-528-1.svg\" alt=\"What we pride ourselves on\" title=\"What we pride ourselves on\"\/><\/figure>\n\n<\/div><\/div>\n<\/div>\n<\/div>\n\n<div class=\"gb-container gb-container-63eb7d2e\">\n<div class=\"gb-grid-wrapper gb-grid-wrapper-ae497b53\">\n<div class=\"gb-grid-column gb-grid-column-0732df6f\"><div class=\"gb-container gb-container-0732df6f\">\n\n<h3 class=\"gb-headline gb-headline-033df21f gb-headline-text\">Why we are among the best<\/h3>\n\n\n\n<p class=\"gb-headline gb-headline-ece5852e gb-headline-text\">We are backed by a team of experts with many years of experience and specialisation in building and theatre technology. Over the many years of our company&#8217;s existence, we have completed countless jobs, each of which has allowed us to gain further valuable experience that we can continue to apply, perhaps on your project.<\/p>\n\n<\/div><\/div>\n\n<div class=\"gb-grid-column gb-grid-column-4ac99464\"><div class=\"gb-container gb-container-4ac99464\">\n\n<figure class=\"gb-block-image gb-block-image-e4ddd625\"><img loading=\"lazy\" decoding=\"async\" width=\"745\" height=\"540\" class=\"gb-image gb-image-e4ddd625\" src=\"https:\/\/techartstav.cz\/app\/uploads\/2024\/05\/Rectangle-528-1-2.svg\" alt=\"Why we are among the best\" title=\"Why we are among the best\"\/><\/figure>\n\n<\/div><\/div>\n<\/div>\n<\/div>\n\n<div class=\"gb-container gb-container-1e05fb19\">\n<div class=\"gb-grid-wrapper gb-grid-wrapper-03af1a26\">\n<div class=\"gb-grid-column gb-grid-column-35f5fb58\"><div class=\"gb-container gb-container-35f5fb58\">\n\n<h3 class=\"gb-headline gb-headline-fcb23375 gb-headline-text\">Who we support<\/h3>\n\n\n\n<p class=\"gb-headline gb-headline-f33bd1f7 gb-headline-text\">We conscientiously support the cultural scene because we know how it enriches the lives of citizens. We are a proud partner of the M\u00edr Theatre and we also cooperate with the Moravian-Silesian Region and the Ar\u00e9na Theatre.<\/p>\n\n<\/div><\/div>\n\n<div class=\"gb-grid-column gb-grid-column-eb9f8e7e\"><div class=\"gb-container gb-container-eb9f8e7e\">\n\n<figure class=\"gb-block-image gb-block-image-29d3c9d2\"><img loading=\"lazy\" decoding=\"async\" width=\"745\" height=\"540\" class=\"gb-image gb-image-29d3c9d2\" src=\"https:\/\/techartstav.cz\/app\/uploads\/2024\/05\/Rectangle-528-1-3.svg\" alt=\"Who we support\" title=\"Who we support\"\/><\/figure>\n\n<\/div><\/div>\n<\/div>\n<\/div>\n<\/div>\n\n<div class=\"gb-container gb-container-1e1c773a\">\n<div class=\"gb-container gb-container-80874a67\">\n\n<h2 class=\"gb-headline gb-headline-d9bf5ed8 gb-headline-text\">Implementation<\/h2>\n\n\n\n<p class=\"gb-headline gb-headline-7d72257c gb-headline-text\">Here you can take a look at our portfolio to explore the projects we have successfully completed in recent years. Take a look at our work and get inspiration for your own projects.<\/p>\n\n\n<div class=\"gb-container gb-container-a26b21e0\">\n\n<div class=\"gb-grid-wrapper gb-grid-wrapper-be679237 gb-query-loop-wrapper\">\n<div class=\"gb-grid-column gb-grid-column-0d4ea063 gb-query-loop-item post-6277 realizace type-realizace status-publish has-post-thumbnail hentry typy-realizaci-building-work typy-realizaci-theatre-technologies\"><div class=\"gb-container gb-container-0d4ea063\">\n<figure class=\"gb-block-image gb-block-image-785eef9a\"><a href=\"https:\/\/techartstav.cz\/en\/realizations\/award-winning-building-of-the-year-bordovice-multifunctional-hall\/\"><img loading=\"lazy\" decoding=\"async\" width=\"2560\" height=\"1707\" src=\"https:\/\/techartstav.cz\/app\/uploads\/2024\/05\/Hala_Bordovice2-scaled-1.jpg\" class=\"gb-image-785eef9a posthero\" alt=\"\" srcset=\"https:\/\/techartstav.cz\/app\/uploads\/2024\/05\/Hala_Bordovice2-scaled-1.jpg 2560w, https:\/\/techartstav.cz\/app\/uploads\/2024\/05\/Hala_Bordovice2-scaled-1-300x200.jpg 300w, https:\/\/techartstav.cz\/app\/uploads\/2024\/05\/Hala_Bordovice2-scaled-1-1024x683.jpg 1024w, https:\/\/techartstav.cz\/app\/uploads\/2024\/05\/Hala_Bordovice2-scaled-1-768x512.jpg 768w, https:\/\/techartstav.cz\/app\/uploads\/2024\/05\/Hala_Bordovice2-scaled-1-1536x1024.jpg 1536w, https:\/\/techartstav.cz\/app\/uploads\/2024\/05\/Hala_Bordovice2-scaled-1-2048x1366.jpg 2048w\" sizes=\"auto, (max-width: 2560px) 100vw, 2560px\" \/><\/a><\/figure>\n\n<h3 class=\"gb-headline gb-headline-b67659ea gb-headline-text\"><a href=\"https:\/\/techartstav.cz\/en\/realizations\/award-winning-building-of-the-year-bordovice-multifunctional-hall\/\">Award-winning building of the year: Bordovice Multifunctional Hall<\/a><\/h3>\n<\/div><\/div>\n\n<div class=\"gb-grid-column gb-grid-column-0d4ea063 gb-query-loop-item post-6238 realizace type-realizace status-publish has-post-thumbnail hentry typy-realizaci-building-work\"><div class=\"gb-container gb-container-0d4ea063\">\n<figure class=\"gb-block-image gb-block-image-785eef9a\"><a href=\"https:\/\/techartstav.cz\/en\/realizations\/harmonie-krnov-home-flood-damage-repairs\/\"><img loading=\"lazy\" decoding=\"async\" width=\"1920\" height=\"2560\" src=\"https:\/\/techartstav.cz\/app\/uploads\/2025\/10\/IMG_20250129_090759-scaled.jpg\" class=\"gb-image-785eef9a posthero\" alt=\"Krnov Domky vysou\u0161en\u00ed po povodn\u00edch\" srcset=\"https:\/\/techartstav.cz\/app\/uploads\/2025\/10\/IMG_20250129_090759-scaled.jpg 1920w, https:\/\/techartstav.cz\/app\/uploads\/2025\/10\/IMG_20250129_090759-225x300.jpg 225w, https:\/\/techartstav.cz\/app\/uploads\/2025\/10\/IMG_20250129_090759-768x1024.jpg 768w, https:\/\/techartstav.cz\/app\/uploads\/2025\/10\/IMG_20250129_090759-1152x1536.jpg 1152w, https:\/\/techartstav.cz\/app\/uploads\/2025\/10\/IMG_20250129_090759-1536x2048.jpg 1536w\" sizes=\"auto, (max-width: 1920px) 100vw, 1920px\" \/><\/a><\/figure>\n\n<h3 class=\"gb-headline gb-headline-b67659ea gb-headline-text\"><a href=\"https:\/\/techartstav.cz\/en\/realizations\/harmonie-krnov-home-flood-damage-repairs\/\">Harmonie Krnov Home \u2013 flood damage repairs<\/a><\/h3>\n<\/div><\/div>\n\n<div class=\"gb-grid-column gb-grid-column-0d4ea063 gb-query-loop-item post-6132 realizace type-realizace status-publish has-post-thumbnail hentry typy-realizaci-building-work\"><div class=\"gb-container gb-container-0d4ea063\">\n<figure class=\"gb-block-image gb-block-image-785eef9a\"><a href=\"https:\/\/techartstav.cz\/en\/realizations\/roofing-of-the-railway-station-havirov\/\"><img loading=\"lazy\" decoding=\"async\" width=\"2560\" height=\"1920\" src=\"https:\/\/techartstav.cz\/app\/uploads\/2025\/06\/IMG_20250422_114241-scaled.jpg\" class=\"gb-image-785eef9a posthero\" alt=\"Zast\u0159e\u0161en\u00ed \u017dS Hav\u00ed\u0159ov\" srcset=\"https:\/\/techartstav.cz\/app\/uploads\/2025\/06\/IMG_20250422_114241-scaled.jpg 2560w, https:\/\/techartstav.cz\/app\/uploads\/2025\/06\/IMG_20250422_114241-300x225.jpg 300w, https:\/\/techartstav.cz\/app\/uploads\/2025\/06\/IMG_20250422_114241-1024x768.jpg 1024w, https:\/\/techartstav.cz\/app\/uploads\/2025\/06\/IMG_20250422_114241-768x576.jpg 768w, https:\/\/techartstav.cz\/app\/uploads\/2025\/06\/IMG_20250422_114241-1536x1152.jpg 1536w, https:\/\/techartstav.cz\/app\/uploads\/2025\/06\/IMG_20250422_114241-2048x1536.jpg 2048w\" sizes=\"auto, (max-width: 2560px) 100vw, 2560px\" \/><\/a><\/figure>\n\n<h3 class=\"gb-headline gb-headline-b67659ea gb-headline-text\"><a href=\"https:\/\/techartstav.cz\/en\/realizations\/roofing-of-the-railway-station-havirov\/\">Roofing of the railway station Hav\u00ed\u0159ov<\/a><\/h3>\n<\/div><\/div>\n\n<div class=\"gb-grid-column gb-grid-column-0d4ea063 gb-query-loop-item post-6031 realizace type-realizace status-publish has-post-thumbnail hentry typy-realizaci-building-work\"><div class=\"gb-container gb-container-0d4ea063\">\n<figure class=\"gb-block-image gb-block-image-785eef9a\"><a href=\"https:\/\/techartstav.cz\/en\/realizations\/reconstruction-of-the-premises-skatepark-ostrava-vyskovice\/\"><img loading=\"lazy\" decoding=\"async\" width=\"2560\" height=\"1920\" src=\"https:\/\/techartstav.cz\/app\/uploads\/2025\/05\/IMG_20250422_111643-1-scaled.jpg\" class=\"gb-image-785eef9a posthero\" alt=\"Skate park Ostrava V\u00fd\u0161kovice\" srcset=\"https:\/\/techartstav.cz\/app\/uploads\/2025\/05\/IMG_20250422_111643-1-scaled.jpg 2560w, https:\/\/techartstav.cz\/app\/uploads\/2025\/05\/IMG_20250422_111643-1-300x225.jpg 300w, https:\/\/techartstav.cz\/app\/uploads\/2025\/05\/IMG_20250422_111643-1-1024x768.jpg 1024w, https:\/\/techartstav.cz\/app\/uploads\/2025\/05\/IMG_20250422_111643-1-768x576.jpg 768w, https:\/\/techartstav.cz\/app\/uploads\/2025\/05\/IMG_20250422_111643-1-1536x1152.jpg 1536w, https:\/\/techartstav.cz\/app\/uploads\/2025\/05\/IMG_20250422_111643-1-2048x1536.jpg 2048w\" sizes=\"auto, (max-width: 2560px) 100vw, 2560px\" \/><\/a><\/figure>\n\n<h3 class=\"gb-headline gb-headline-b67659ea gb-headline-text\"><a href=\"https:\/\/techartstav.cz\/en\/realizations\/reconstruction-of-the-premises-skatepark-ostrava-vyskovice\/\">Reconstruction of the premises &#8211; Skatepark Ostrava-V\u00fd\u0161kovice<\/a><\/h3>\n<\/div><\/div>\n<\/div>\n\n<\/div>\n\n\n<a class=\"gb-button gb-button-cd371415 gb-button-text cutom-button-black\" href=\"https:\/\/techartstav.cz\/en\/realizations\/\">more realizations<\/a>\n\n<\/div>\n\n<div class=\"gb-container gb-container-6dea435e\">\n\n<h2 class=\"gb-headline gb-headline-0d0db697 gb-headline-text\">news<\/h2>\n\n\n<div class=\"gb-container gb-container-8e19b5a3\">\n\n<div class=\"gb-grid-wrapper gb-grid-wrapper-9f50ead6 gb-query-loop-wrapper\">\n<div class=\"gb-grid-column gb-grid-column-87e3cd57 gb-query-loop-item post-6351 post type-post status-publish format-standard has-post-thumbnail hentry category-building-work category-theatre-technology\"><div class=\"gb-container gb-container-87e3cd57\">\n<figure class=\"gb-block-image gb-block-image-af5ff90f\"><a href=\"https:\/\/techartstav.cz\/en\/renovation-of-the-theater-hall-at-the-ostrcilova-community-center-in-ostrava\/\"><img loading=\"lazy\" decoding=\"async\" width=\"2048\" height=\"1536\" src=\"https:\/\/techartstav.cz\/app\/uploads\/2026\/04\/IMG_5586.jpeg\" class=\"gb-image-af5ff90f posthero\" alt=\"Rekonstrukce divadeln\u00edho s\u00e1lu SV\u010c Ostr\u010dilova\" srcset=\"https:\/\/techartstav.cz\/app\/uploads\/2026\/04\/IMG_5586.jpeg 2048w, https:\/\/techartstav.cz\/app\/uploads\/2026\/04\/IMG_5586-300x225.jpeg 300w, https:\/\/techartstav.cz\/app\/uploads\/2026\/04\/IMG_5586-1024x768.jpeg 1024w, https:\/\/techartstav.cz\/app\/uploads\/2026\/04\/IMG_5586-768x576.jpeg 768w, https:\/\/techartstav.cz\/app\/uploads\/2026\/04\/IMG_5586-1536x1152.jpeg 1536w\" sizes=\"auto, (max-width: 2048px) 100vw, 2048px\" \/><\/a><\/figure>\n\n<div class=\"gb-container gb-container-a5d918b8\">\n<h3 class=\"gb-headline gb-headline-9cc3ea8d gb-headline-text\"><a href=\"https:\/\/techartstav.cz\/en\/renovation-of-the-theater-hall-at-the-ostrcilova-community-center-in-ostrava\/\">Renovation of the theater hall at the Ostr\u010dilova Community Center in Ostrava<\/a><\/h3>\n\n<p class=\"gb-headline gb-headline-754a06ea gb-headline-text\">Following our success in the public tender, we have officially commenced construction work on the project \u201cRenovation of the SV\u010c Ostr\u010dilova Theater Hall.\u201d<\/p>\n\n<p class=\"gb-headline gb-headline-da373670 gb-headline-text\"><a href=\"https:\/\/techartstav.cz\/en\/renovation-of-the-theater-hall-at-the-ostrcilova-community-center-in-ostrava\/\"><span style=\"text-decoration: underline;\">Read more<\/span><\/a><\/p>\n<\/div>\n<\/div><\/div>\n\n<div class=\"gb-grid-column gb-grid-column-87e3cd57 gb-query-loop-item post-6312 post type-post status-publish format-standard has-post-thumbnail hentry category-news-from-behind-the-scenes\"><div class=\"gb-container gb-container-87e3cd57\">\n<figure class=\"gb-block-image gb-block-image-af5ff90f\"><a href=\"https:\/\/techartstav.cz\/en\/techartstav-and-koexpro-ostrava-strategic-connection-under-one-roof\/\"><img loading=\"lazy\" decoding=\"async\" width=\"1536\" height=\"711\" src=\"https:\/\/techartstav.cz\/app\/uploads\/2026\/03\/spoluprace2.png\" class=\"gb-image-af5ff90f posthero\" alt=\"Spolupr\u00e1ce Techartstav a Koexpro\" srcset=\"https:\/\/techartstav.cz\/app\/uploads\/2026\/03\/spoluprace2.png 1536w, https:\/\/techartstav.cz\/app\/uploads\/2026\/03\/spoluprace2-300x139.png 300w, https:\/\/techartstav.cz\/app\/uploads\/2026\/03\/spoluprace2-1024x474.png 1024w, https:\/\/techartstav.cz\/app\/uploads\/2026\/03\/spoluprace2-768x356.png 768w\" sizes=\"auto, (max-width: 1536px) 100vw, 1536px\" \/><\/a><\/figure>\n\n<div class=\"gb-container gb-container-a5d918b8\">\n<h3 class=\"gb-headline gb-headline-9cc3ea8d gb-headline-text\"><a href=\"https:\/\/techartstav.cz\/en\/techartstav-and-koexpro-ostrava-strategic-connection-under-one-roof\/\">TECHARTSTAV and KOEXPRO OSTRAVA: Strategic connection under one roof<\/a><\/h3>\n\n<p class=\"gb-headline gb-headline-754a06ea gb-headline-text\">TECHARTSTAV announces the deepening of its strategic partnership with KOEXPRO OSTRAVA. A key step in this cooperation is the creation &#8230;<\/p>\n\n<p class=\"gb-headline gb-headline-da373670 gb-headline-text\"><a href=\"https:\/\/techartstav.cz\/en\/techartstav-and-koexpro-ostrava-strategic-connection-under-one-roof\/\"><span style=\"text-decoration: underline;\">Read more<\/span><\/a><\/p>\n<\/div>\n<\/div><\/div>\n\n<div class=\"gb-grid-column gb-grid-column-87e3cd57 gb-query-loop-item post-6256 post type-post status-publish format-standard has-post-thumbnail hentry category-theatre-technology\"><div class=\"gb-container gb-container-87e3cd57\">\n<figure class=\"gb-block-image gb-block-image-af5ff90f\"><a href=\"https:\/\/techartstav.cz\/en\/the-main-benefits-of-modern-air-conditioning-in-cultural-centers\/\"><img loading=\"lazy\" decoding=\"async\" width=\"2560\" height=\"1920\" src=\"https:\/\/techartstav.cz\/app\/uploads\/2024\/06\/IMG20240307092229-scaled.jpg\" class=\"gb-image-af5ff90f posthero\" alt=\"Rekonstrukce divadla M\u00edr\" srcset=\"https:\/\/techartstav.cz\/app\/uploads\/2024\/06\/IMG20240307092229-scaled.jpg 2560w, https:\/\/techartstav.cz\/app\/uploads\/2024\/06\/IMG20240307092229-300x225.jpg 300w, https:\/\/techartstav.cz\/app\/uploads\/2024\/06\/IMG20240307092229-1024x768.jpg 1024w, https:\/\/techartstav.cz\/app\/uploads\/2024\/06\/IMG20240307092229-768x576.jpg 768w, https:\/\/techartstav.cz\/app\/uploads\/2024\/06\/IMG20240307092229-1536x1152.jpg 1536w, https:\/\/techartstav.cz\/app\/uploads\/2024\/06\/IMG20240307092229-2048x1536.jpg 2048w\" sizes=\"auto, (max-width: 2560px) 100vw, 2560px\" \/><\/a><\/figure>\n\n<div class=\"gb-container gb-container-a5d918b8\">\n<h3 class=\"gb-headline gb-headline-9cc3ea8d gb-headline-text\"><a href=\"https:\/\/techartstav.cz\/en\/the-main-benefits-of-modern-air-conditioning-in-cultural-centers\/\">The main benefits of modern air conditioning in cultural centers<\/a><\/h3>\n\n<p class=\"gb-headline gb-headline-754a06ea gb-headline-text\">1. Comfort for visitors and performers Many people move around theaters, cinemas, and cultural centers during performances. Modern ventilation systems &#8230;<\/p>\n\n<p class=\"gb-headline gb-headline-da373670 gb-headline-text\"><a href=\"https:\/\/techartstav.cz\/en\/the-main-benefits-of-modern-air-conditioning-in-cultural-centers\/\"><span style=\"text-decoration: underline;\">Read more<\/span><\/a><\/p>\n<\/div>\n<\/div><\/div>\n<\/div>\n\n<\/div>\n\n\n<a class=\"gb-button gb-button-28309882 gb-button-text cutom-button-black\" href=\"https:\/\/techartstav.cz\/en\/news\/\">more news<\/a>\n\n<\/div>\n<\/div>","protected":false},"excerpt":{"rendered":"<p>Our beginnings Implementation Here you can take a look at our portfolio to explore the projects we have successfully completed in recent years. Take a look at our work and get inspiration for your own projects. news<\/p>\n","protected":false},"author":2,"featured_media":0,"parent":0,"menu_order":0,"comment_status":"closed","ping_status":"closed","template":"","meta":{"_acf_changed":false,"inline_featured_image":false,"footnotes":""},"class_list":["post-3899","page","type-page","status-publish"],"acf":[],"_links":{"self":[{"href":"https:\/\/techartstav.cz\/en\/wp-json\/wp\/v2\/pages\/3899","targetHints":{"allow":["GET"]}}],"collection":[{"href":"https:\/\/techartstav.cz\/en\/wp-json\/wp\/v2\/pages"}],"about":[{"href":"https:\/\/techartstav.cz\/en\/wp-json\/wp\/v2\/types\/page"}],"author":[{"embeddable":true,"href":"https:\/\/techartstav.cz\/en\/wp-json\/wp\/v2\/users\/2"}],"replies":[{"embeddable":true,"href":"https:\/\/techartstav.cz\/en\/wp-json\/wp\/v2\/comments?post=3899"}],"version-history":[{"count":4,"href":"https:\/\/techartstav.cz\/en\/wp-json\/wp\/v2\/pages\/3899\/revisions"}],"predecessor-version":[{"id":4844,"href":"https:\/\/techartstav.cz\/en\/wp-json\/wp\/v2\/pages\/3899\/revisions\/4844"}],"wp:attachment":[{"href":"https:\/\/techartstav.cz\/en\/wp-json\/wp\/v2\/media?parent=3899"}],"curies":[{"name":"wp","href":"https:\/\/api.w.org\/{rel}","templated":true}]}}