{"id":3904,"date":"2024-05-13T15:54:22","date_gmt":"2024-05-13T15:54:22","guid":{"rendered":"https:\/\/techartstav.cz\/pasportizace\/"},"modified":"2024-05-28T08:45:02","modified_gmt":"2024-05-28T08:45:02","slug":"pasportization","status":"publish","type":"page","link":"https:\/\/techartstav.cz\/en\/pasportization\/","title":{"rendered":"Pasportization"},"content":{"rendered":"<div class=\"gb-container gb-container-3d87dbc7\">\n<div class=\"gb-container gb-container-0610d150\">\n\n<p class=\"gb-headline gb-headline-bf92fb21 gb-headline-text breadcrumb-white\"><nav aria-label=\"breadcrumbs\" class=\"rank-math-breadcrumb\"><p><span class=\"last\">\u00davod<\/span><\/p><\/nav><\/p>\n\n\n\n<h1 class=\"gb-headline gb-headline-e85af9de gb-headline-text\">Pasportization<\/h1>\n\n\n\n<p class=\"gb-headline gb-headline-a789a04c gb-headline-text\">Pasportization is the preparation of a building passport, showing the actual condition of the property. It is necessary when the project documentation is missing or not up-to-date. It starts with a building survey and the output is drawings and a technical report. It is used for renovation, energy certificate, sale, subsidies and land registry adjustments.<\/p>\n\n\n\n<figure class=\"gb-block-image gb-block-image-08fc50d1\"><img loading=\"lazy\" decoding=\"async\" width=\"1108\" height=\"704\" class=\"gb-image gb-image-08fc50d1\" src=\"https:\/\/techartstav.cz\/app\/uploads\/2024\/05\/image-19.jpg\" alt=\"Pasportization\" title=\"Pasportization\" srcset=\"https:\/\/techartstav.cz\/app\/uploads\/2024\/05\/image-19.jpg 1108w, https:\/\/techartstav.cz\/app\/uploads\/2024\/05\/image-19-300x191.jpg 300w, https:\/\/techartstav.cz\/app\/uploads\/2024\/05\/image-19-1024x651.jpg 1024w, https:\/\/techartstav.cz\/app\/uploads\/2024\/05\/image-19-768x488.jpg 768w\" sizes=\"auto, (max-width: 1108px) 100vw, 1108px\" \/><\/figure>\n\n<\/div>\n<\/div>\n\n<div class=\"gb-container gb-container-ad2d67c6\">\n<div class=\"gb-container gb-container-ecb0d417\">\n\n<h2 class=\"gb-headline gb-headline-6509c0f4 gb-headline-text\">TYPES OF PASSPORTING<\/h2>\n\n\n<div class=\"gb-container gb-container-33540bdd\">\n<div class=\"gb-grid-wrapper gb-grid-wrapper-3dbe8dec\">\n<div class=\"gb-grid-column gb-grid-column-898abe35\"><div class=\"gb-container gb-container-898abe35\">\n<div class=\"gb-container gb-container-47f416d6\">\n\n<figure class=\"gb-block-image gb-block-image-13969725\"><a href=\"https:\/\/techartstav.cz\/en\/pasportization\/passport-of-buildings\/\"><img loading=\"lazy\" decoding=\"async\" width=\"104\" height=\"109\" class=\"gb-image gb-image-13969725\" src=\"https:\/\/techartstav.cz\/app\/uploads\/2024\/05\/Group-1009-1.png\" alt=\"Passport of buildings\n\" title=\"Passport of buildings\"\/><\/a><\/figure>\n\n<\/div>\n\n<div class=\"gb-container gb-container-6167be23\">\n\n<h3 class=\"gb-headline gb-headline-b91fb6b4 gb-headline-text\"><a href=\"https:\/\/techartstav.cz\/en\/pasportization\/passport-of-buildings\/\">Passport of buildings<\/a><\/h3>\n\n<\/div>\n<\/div><\/div>\n\n<div class=\"gb-grid-column gb-grid-column-c0dfdb9e\"><div class=\"gb-container gb-container-c0dfdb9e\">\n<div class=\"gb-container gb-container-0b8d5345\">\n\n<figure class=\"gb-block-image gb-block-image-1e6100c7\"><a href=\"https:\/\/techartstav.cz\/en\/pasportization\/passport-of-construction\/\"><img loading=\"lazy\" decoding=\"async\" width=\"174\" height=\"109\" class=\"gb-image gb-image-1e6100c7\" src=\"https:\/\/techartstav.cz\/app\/uploads\/2024\/05\/Group-1010-1.png\" alt=\"Passport of construction\" title=\"Passport of construction\"\/><\/a><\/figure>\n\n<\/div>\n\n<div class=\"gb-container gb-container-2bfc58c4\">\n\n<h3 class=\"gb-headline gb-headline-6fa3b161 gb-headline-text\"><a href=\"https:\/\/techartstav.cz\/en\/pasportization\/passport-of-construction\/\">Passport of construction<\/a><\/h3>\n\n<\/div>\n<\/div><\/div>\n\n<div class=\"gb-grid-column gb-grid-column-120d4fab\"><div class=\"gb-container gb-container-120d4fab\">\n<div class=\"gb-container gb-container-f050d152\">\n\n<figure class=\"gb-block-image gb-block-image-095b3c42\"><a href=\"https:\/\/techartstav.cz\/en\/pasportization\/passport-of-monuments\/\"><img loading=\"lazy\" decoding=\"async\" width=\"131\" height=\"111\" class=\"gb-image gb-image-095b3c42\" src=\"https:\/\/techartstav.cz\/app\/uploads\/2024\/05\/ver.-sprava-2.png\" alt=\"Passport of monuments\n\" title=\"Passport of monuments\"\/><\/a><\/figure>\n\n<\/div>\n\n<div class=\"gb-container gb-container-44874978\">\n\n<h3 class=\"gb-headline gb-headline-98bbdc83 gb-headline-text\"><a href=\"https:\/\/techartstav.cz\/en\/pasportization\/passport-of-monuments\/\">Passport of monuments<\/a><\/h3>\n\n<\/div>\n<\/div><\/div>\n<\/div>\n<\/div>\n<\/div>\n<\/div>\n\n<div class=\"gb-container gb-container-96884b4f\">\n<div class=\"gb-container gb-container-bb673e7a\">\n<div class=\"gb-grid-wrapper gb-grid-wrapper-8f3e73c5\">\n<div class=\"gb-grid-column gb-grid-column-8e742058\"><div class=\"gb-container gb-container-8e742058\">\n\n<h4 class=\"gb-headline gb-headline-a887c1e6 gb-headline-text\">inquire pasportization<\/h4>\n\n<\/div><\/div>\n\n<div class=\"gb-grid-column gb-grid-column-eb6c8d76\"><div class=\"gb-container gb-container-eb6c8d76\">\n\n<a class=\"gb-button gb-button-8707148e gb-button-text custom-button\" href=\"https:\/\/techartstav.cz\/en\/inquiry\/\">Inquire<\/a>\n\n<\/div><\/div>\n<\/div>\n<\/div>\n<\/div>\n\n<div class=\"gb-container gb-container-ef4d930a\">\n<div class=\"gb-container gb-container-91462773\">\n<div class=\"gb-container gb-container-e5f3567a\">\n<div class=\"gb-grid-wrapper gb-grid-wrapper-d263dee6\">\n<div class=\"gb-grid-column gb-grid-column-16a1edc5\"><div class=\"gb-container gb-container-16a1edc5\">\n\n<h2 class=\"gb-headline gb-headline-8f7aa077 gb-headline-text\">Passport of buildings<\/h2>\n\n\n\n<p class=\"gb-headline gb-headline-ad106c5c gb-headline-text\">Passporting is necessary for buildings that lack up-to-date project documentation or have undergone changes to the internal layout. This includes cultural buildings, apartment buildings, municipal offices, cinemas, theatres, etc. It is aimed at establishing the actual condition of the buildings and their rooms.<\/p>\n\n\n<div class=\"gb-container gb-container-5f604170\">\n\n<a class=\"gb-button gb-button-20184ef5 gb-button-text cutom-button-black\" href=\"https:\/\/techartstav.cz\/en\/pasportization\/passport-of-buildings\/\">Read more<\/a>\n\n<\/div>\n<\/div><\/div>\n\n<div class=\"gb-grid-column gb-grid-column-dde260d1\"><div class=\"gb-container gb-container-dde260d1\">\n\n<figure class=\"gb-block-image gb-block-image-1a4a2142\"><img loading=\"lazy\" decoding=\"async\" width=\"176\" height=\"185\" class=\"gb-image gb-image-1a4a2142\" src=\"https:\/\/techartstav.cz\/app\/uploads\/2024\/05\/Group-927-2.png\" alt=\"Passport of buildings\" title=\"Passport of buildings\"\/><\/figure>\n\n<\/div><\/div>\n<\/div>\n<\/div>\n\n<div class=\"gb-container gb-container-1da3c132\">\n<div class=\"gb-grid-wrapper gb-grid-wrapper-2bbbc013\">\n<div class=\"gb-grid-column gb-grid-column-55591a3c\"><div class=\"gb-container gb-container-55591a3c\">\n\n<figure class=\"gb-block-image gb-block-image-c0184f29\"><img loading=\"lazy\" decoding=\"async\" width=\"294\" height=\"185\" class=\"gb-image gb-image-c0184f29\" src=\"https:\/\/techartstav.cz\/app\/uploads\/2024\/05\/Group-928-1.png\" alt=\"Passport of construction\" title=\"Passport of construction\"\/><\/figure>\n\n<\/div><\/div>\n\n<div class=\"gb-grid-column gb-grid-column-93498e5d\"><div class=\"gb-container gb-container-93498e5d\">\n\n<h2 class=\"gb-headline gb-headline-25e235b1 gb-headline-text\">Passport of construction<\/h2>\n\n\n\n<p class=\"gb-headline gb-headline-88b1038d gb-headline-text\">This type of passport records the condition of the buildings before construction begins. It usually covers roads, bridges and adjacent buildings that will be affected by construction. It is used as evidence for any disputes or as a basis for the restoration of buildings after the completion of construction. The passport should be produced before, during and after construction, depending on the specific needs of the site and the type of buildings. The content of the passport may vary depending on the specific situation.<\/p>\n\n\n<div class=\"gb-container gb-container-41817530\">\n\n<a class=\"gb-button gb-button-2471beae gb-button-text cutom-button-black\" href=\"https:\/\/techartstav.cz\/en\/pasportization\/passport-of-construction\/\">Read more<\/a>\n\n<\/div>\n<\/div><\/div>\n<\/div>\n<\/div>\n\n<div class=\"gb-container gb-container-8a4dec9a\">\n<div class=\"gb-grid-wrapper gb-grid-wrapper-a8275a18\">\n<div class=\"gb-grid-column gb-grid-column-8ac38a4d\"><div class=\"gb-container gb-container-8ac38a4d\">\n\n<h2 class=\"gb-headline gb-headline-43c47ee6 gb-headline-text\">Passport of monuments<\/h2>\n\n\n\n<p class=\"gb-headline gb-headline-54551237 gb-headline-text\">As some cultural facilities, theatres and cinemas may be part of cultural heritage and monuments, it is necessary to carry out a so-called monument passporting. This process involves detailed documentation and records of the structural condition of these historic buildings and their furnishings. The passporting of monuments is thus an important step in the management and protection of cultural heritage.<\/p>\n\n\n<div class=\"gb-container gb-container-335388dc\">\n\n<a class=\"gb-button gb-button-dea09353 gb-button-text cutom-button-black\" href=\"https:\/\/techartstav.cz\/en\/pasportization\/passport-of-monuments\/\">Read more<\/a>\n\n<\/div>\n<\/div><\/div>\n\n<div class=\"gb-grid-column gb-grid-column-23062384\"><div class=\"gb-container gb-container-23062384\">\n\n<figure class=\"gb-block-image gb-block-image-0174fd70\"><img loading=\"lazy\" decoding=\"async\" width=\"220\" height=\"187\" class=\"gb-image gb-image-0174fd70\" src=\"https:\/\/techartstav.cz\/app\/uploads\/2024\/05\/ver.-sprava-1-1.png\" alt=\"Passport of monuments\" title=\"Passport of monuments\"\/><\/figure>\n\n<\/div><\/div>\n<\/div>\n<\/div>\n<\/div>\n<\/div>\n\n<div class=\"gb-container gb-container-09e09bd7\">\n<div class=\"gb-container gb-container-76336526\">\n<div class=\"gb-container gb-container-b05a18f2\">\n\n<h3 class=\"gb-headline gb-headline-de6b4231 gb-headline-text\">Do you want more information or a DIRECT inquiry?<\/h3>\n\n\n<div class=\"gb-grid-wrapper gb-grid-wrapper-baea60f8\">\n<div class=\"gb-grid-column gb-grid-column-33662589\"><div class=\"gb-container gb-container-33662589\">\n\n<a class=\"gb-button gb-button-df196beb gb-button-text custom-button-yellow\" href=\"https:\/\/techartstav.cz\/en\/theatre-technologies\/\">theatre technologies<\/a>\n\n<\/div><\/div>\n\n<div class=\"gb-grid-column gb-grid-column-50977527\"><div class=\"gb-container gb-container-50977527\">\n\n<a class=\"gb-button gb-button-4e98ad9a gb-button-text custom-button-blue\" href=\"https:\/\/techartstav.cz\/en\/building-work\/\">building work<\/a>\n\n<\/div><\/div>\n\n<div class=\"gb-grid-column gb-grid-column-ba70e647\"><div class=\"gb-container gb-container-ba70e647\">\n\n<a class=\"gb-button gb-button-1bd6a252 gb-button-text custom-button\" href=\"https:\/\/techartstav.cz\/en\/inquiry\/\">inquire<\/a>\n\n<\/div><\/div>\n<\/div>\n<\/div>\n<\/div>\n<\/div>\n\n<div class=\"gb-container gb-container-1e1c773a\">\n<div class=\"gb-container gb-container-80874a67\">\n\n<h2 class=\"gb-headline gb-headline-d9bf5ed8 gb-headline-text\">Implementation<\/h2>\n\n\n\n<p class=\"gb-headline gb-headline-7d72257c gb-headline-text\">Here you can take a look at our portfolio to explore the projects we have successfully completed in recent years. Take a look at our work and get inspiration for your own projects.<\/p>\n\n\n<div class=\"gb-container gb-container-a26b21e0\">\n\n<div class=\"gb-grid-wrapper gb-grid-wrapper-be679237 gb-query-loop-wrapper\">\n<div class=\"gb-grid-column gb-grid-column-0d4ea063 gb-query-loop-item post-6277 realizace type-realizace status-publish has-post-thumbnail hentry typy-realizaci-building-work typy-realizaci-theatre-technologies\"><div class=\"gb-container gb-container-0d4ea063\">\n<figure class=\"gb-block-image gb-block-image-785eef9a\"><a href=\"https:\/\/techartstav.cz\/en\/realizations\/award-winning-building-of-the-year-bordovice-multifunctional-hall\/\"><img loading=\"lazy\" decoding=\"async\" width=\"2560\" height=\"1707\" src=\"https:\/\/techartstav.cz\/app\/uploads\/2024\/05\/Hala_Bordovice2-scaled-1.jpg\" class=\"gb-image-785eef9a posthero\" alt=\"\" srcset=\"https:\/\/techartstav.cz\/app\/uploads\/2024\/05\/Hala_Bordovice2-scaled-1.jpg 2560w, https:\/\/techartstav.cz\/app\/uploads\/2024\/05\/Hala_Bordovice2-scaled-1-300x200.jpg 300w, https:\/\/techartstav.cz\/app\/uploads\/2024\/05\/Hala_Bordovice2-scaled-1-1024x683.jpg 1024w, https:\/\/techartstav.cz\/app\/uploads\/2024\/05\/Hala_Bordovice2-scaled-1-768x512.jpg 768w, https:\/\/techartstav.cz\/app\/uploads\/2024\/05\/Hala_Bordovice2-scaled-1-1536x1024.jpg 1536w, https:\/\/techartstav.cz\/app\/uploads\/2024\/05\/Hala_Bordovice2-scaled-1-2048x1366.jpg 2048w\" sizes=\"auto, (max-width: 2560px) 100vw, 2560px\" \/><\/a><\/figure>\n\n<h3 class=\"gb-headline gb-headline-b67659ea gb-headline-text\"><a href=\"https:\/\/techartstav.cz\/en\/realizations\/award-winning-building-of-the-year-bordovice-multifunctional-hall\/\">Award-winning building of the year: Bordovice Multifunctional Hall<\/a><\/h3>\n<\/div><\/div>\n\n<div class=\"gb-grid-column gb-grid-column-0d4ea063 gb-query-loop-item post-6238 realizace type-realizace status-publish has-post-thumbnail hentry typy-realizaci-building-work\"><div class=\"gb-container gb-container-0d4ea063\">\n<figure class=\"gb-block-image gb-block-image-785eef9a\"><a href=\"https:\/\/techartstav.cz\/en\/realizations\/harmonie-krnov-home-flood-damage-repairs\/\"><img loading=\"lazy\" decoding=\"async\" width=\"1920\" height=\"2560\" src=\"https:\/\/techartstav.cz\/app\/uploads\/2025\/10\/IMG_20250129_090759-scaled.jpg\" class=\"gb-image-785eef9a posthero\" alt=\"Krnov Domky vysou\u0161en\u00ed po povodn\u00edch\" srcset=\"https:\/\/techartstav.cz\/app\/uploads\/2025\/10\/IMG_20250129_090759-scaled.jpg 1920w, https:\/\/techartstav.cz\/app\/uploads\/2025\/10\/IMG_20250129_090759-225x300.jpg 225w, https:\/\/techartstav.cz\/app\/uploads\/2025\/10\/IMG_20250129_090759-768x1024.jpg 768w, https:\/\/techartstav.cz\/app\/uploads\/2025\/10\/IMG_20250129_090759-1152x1536.jpg 1152w, https:\/\/techartstav.cz\/app\/uploads\/2025\/10\/IMG_20250129_090759-1536x2048.jpg 1536w\" sizes=\"auto, (max-width: 1920px) 100vw, 1920px\" \/><\/a><\/figure>\n\n<h3 class=\"gb-headline gb-headline-b67659ea gb-headline-text\"><a href=\"https:\/\/techartstav.cz\/en\/realizations\/harmonie-krnov-home-flood-damage-repairs\/\">Harmonie Krnov Home \u2013 flood damage repairs<\/a><\/h3>\n<\/div><\/div>\n\n<div class=\"gb-grid-column gb-grid-column-0d4ea063 gb-query-loop-item post-6132 realizace type-realizace status-publish has-post-thumbnail hentry typy-realizaci-building-work\"><div class=\"gb-container gb-container-0d4ea063\">\n<figure class=\"gb-block-image gb-block-image-785eef9a\"><a href=\"https:\/\/techartstav.cz\/en\/realizations\/roofing-of-the-railway-station-havirov\/\"><img loading=\"lazy\" decoding=\"async\" width=\"2560\" height=\"1920\" src=\"https:\/\/techartstav.cz\/app\/uploads\/2025\/06\/IMG_20250422_114241-scaled.jpg\" class=\"gb-image-785eef9a posthero\" alt=\"Zast\u0159e\u0161en\u00ed \u017dS Hav\u00ed\u0159ov\" srcset=\"https:\/\/techartstav.cz\/app\/uploads\/2025\/06\/IMG_20250422_114241-scaled.jpg 2560w, https:\/\/techartstav.cz\/app\/uploads\/2025\/06\/IMG_20250422_114241-300x225.jpg 300w, https:\/\/techartstav.cz\/app\/uploads\/2025\/06\/IMG_20250422_114241-1024x768.jpg 1024w, https:\/\/techartstav.cz\/app\/uploads\/2025\/06\/IMG_20250422_114241-768x576.jpg 768w, https:\/\/techartstav.cz\/app\/uploads\/2025\/06\/IMG_20250422_114241-1536x1152.jpg 1536w, https:\/\/techartstav.cz\/app\/uploads\/2025\/06\/IMG_20250422_114241-2048x1536.jpg 2048w\" sizes=\"auto, (max-width: 2560px) 100vw, 2560px\" \/><\/a><\/figure>\n\n<h3 class=\"gb-headline gb-headline-b67659ea gb-headline-text\"><a href=\"https:\/\/techartstav.cz\/en\/realizations\/roofing-of-the-railway-station-havirov\/\">Roofing of the railway station Hav\u00ed\u0159ov<\/a><\/h3>\n<\/div><\/div>\n\n<div class=\"gb-grid-column gb-grid-column-0d4ea063 gb-query-loop-item post-6031 realizace type-realizace status-publish has-post-thumbnail hentry typy-realizaci-building-work\"><div class=\"gb-container gb-container-0d4ea063\">\n<figure class=\"gb-block-image gb-block-image-785eef9a\"><a href=\"https:\/\/techartstav.cz\/en\/realizations\/reconstruction-of-the-premises-skatepark-ostrava-vyskovice\/\"><img loading=\"lazy\" decoding=\"async\" width=\"2560\" height=\"1920\" src=\"https:\/\/techartstav.cz\/app\/uploads\/2025\/05\/IMG_20250422_111643-1-scaled.jpg\" class=\"gb-image-785eef9a posthero\" alt=\"Skate park Ostrava V\u00fd\u0161kovice\" srcset=\"https:\/\/techartstav.cz\/app\/uploads\/2025\/05\/IMG_20250422_111643-1-scaled.jpg 2560w, https:\/\/techartstav.cz\/app\/uploads\/2025\/05\/IMG_20250422_111643-1-300x225.jpg 300w, https:\/\/techartstav.cz\/app\/uploads\/2025\/05\/IMG_20250422_111643-1-1024x768.jpg 1024w, https:\/\/techartstav.cz\/app\/uploads\/2025\/05\/IMG_20250422_111643-1-768x576.jpg 768w, https:\/\/techartstav.cz\/app\/uploads\/2025\/05\/IMG_20250422_111643-1-1536x1152.jpg 1536w, https:\/\/techartstav.cz\/app\/uploads\/2025\/05\/IMG_20250422_111643-1-2048x1536.jpg 2048w\" sizes=\"auto, (max-width: 2560px) 100vw, 2560px\" \/><\/a><\/figure>\n\n<h3 class=\"gb-headline gb-headline-b67659ea gb-headline-text\"><a href=\"https:\/\/techartstav.cz\/en\/realizations\/reconstruction-of-the-premises-skatepark-ostrava-vyskovice\/\">Reconstruction of the premises &#8211; Skatepark Ostrava-V\u00fd\u0161kovice<\/a><\/h3>\n<\/div><\/div>\n<\/div>\n\n<\/div>\n\n\n<a class=\"gb-button gb-button-cd371415 gb-button-text cutom-button-black\" href=\"https:\/\/techartstav.cz\/en\/realizations\/\">more realizations<\/a>\n\n<\/div>\n\n<div class=\"gb-container gb-container-6dea435e\">\n\n<h2 class=\"gb-headline gb-headline-0d0db697 gb-headline-text\">news<\/h2>\n\n\n<div class=\"gb-container gb-container-8e19b5a3\">\n\n<div class=\"gb-grid-wrapper gb-grid-wrapper-9f50ead6 gb-query-loop-wrapper\">\n<div class=\"gb-grid-column gb-grid-column-87e3cd57 gb-query-loop-item post-6351 post type-post status-publish format-standard has-post-thumbnail hentry category-building-work category-theatre-technology\"><div class=\"gb-container gb-container-87e3cd57\">\n<figure class=\"gb-block-image gb-block-image-af5ff90f\"><a href=\"https:\/\/techartstav.cz\/en\/renovation-of-the-theater-hall-at-the-ostrcilova-community-center-in-ostrava\/\"><img loading=\"lazy\" decoding=\"async\" width=\"2048\" height=\"1536\" src=\"https:\/\/techartstav.cz\/app\/uploads\/2026\/04\/IMG_5586.jpeg\" class=\"gb-image-af5ff90f posthero\" alt=\"Rekonstrukce divadeln\u00edho s\u00e1lu SV\u010c Ostr\u010dilova\" srcset=\"https:\/\/techartstav.cz\/app\/uploads\/2026\/04\/IMG_5586.jpeg 2048w, https:\/\/techartstav.cz\/app\/uploads\/2026\/04\/IMG_5586-300x225.jpeg 300w, https:\/\/techartstav.cz\/app\/uploads\/2026\/04\/IMG_5586-1024x768.jpeg 1024w, https:\/\/techartstav.cz\/app\/uploads\/2026\/04\/IMG_5586-768x576.jpeg 768w, https:\/\/techartstav.cz\/app\/uploads\/2026\/04\/IMG_5586-1536x1152.jpeg 1536w\" sizes=\"auto, (max-width: 2048px) 100vw, 2048px\" \/><\/a><\/figure>\n\n<div class=\"gb-container gb-container-a5d918b8\">\n<h3 class=\"gb-headline gb-headline-9cc3ea8d gb-headline-text\"><a href=\"https:\/\/techartstav.cz\/en\/renovation-of-the-theater-hall-at-the-ostrcilova-community-center-in-ostrava\/\">Renovation of the theater hall at the Ostr\u010dilova Community Center in Ostrava<\/a><\/h3>\n\n<p class=\"gb-headline gb-headline-754a06ea gb-headline-text\">Following our success in the public tender, we have officially commenced construction work on the project \u201cRenovation of the SV\u010c Ostr\u010dilova Theater Hall.\u201d<\/p>\n\n<p class=\"gb-headline gb-headline-da373670 gb-headline-text\"><a href=\"https:\/\/techartstav.cz\/en\/renovation-of-the-theater-hall-at-the-ostrcilova-community-center-in-ostrava\/\"><span style=\"text-decoration: underline;\">Read more<\/span><\/a><\/p>\n<\/div>\n<\/div><\/div>\n\n<div class=\"gb-grid-column gb-grid-column-87e3cd57 gb-query-loop-item post-6312 post type-post status-publish format-standard has-post-thumbnail hentry category-news-from-behind-the-scenes\"><div class=\"gb-container gb-container-87e3cd57\">\n<figure class=\"gb-block-image gb-block-image-af5ff90f\"><a href=\"https:\/\/techartstav.cz\/en\/techartstav-and-koexpro-ostrava-strategic-connection-under-one-roof\/\"><img loading=\"lazy\" decoding=\"async\" width=\"1536\" height=\"711\" src=\"https:\/\/techartstav.cz\/app\/uploads\/2026\/03\/spoluprace2.png\" class=\"gb-image-af5ff90f posthero\" alt=\"Spolupr\u00e1ce Techartstav a Koexpro\" srcset=\"https:\/\/techartstav.cz\/app\/uploads\/2026\/03\/spoluprace2.png 1536w, https:\/\/techartstav.cz\/app\/uploads\/2026\/03\/spoluprace2-300x139.png 300w, https:\/\/techartstav.cz\/app\/uploads\/2026\/03\/spoluprace2-1024x474.png 1024w, https:\/\/techartstav.cz\/app\/uploads\/2026\/03\/spoluprace2-768x356.png 768w\" sizes=\"auto, (max-width: 1536px) 100vw, 1536px\" \/><\/a><\/figure>\n\n<div class=\"gb-container gb-container-a5d918b8\">\n<h3 class=\"gb-headline gb-headline-9cc3ea8d gb-headline-text\"><a href=\"https:\/\/techartstav.cz\/en\/techartstav-and-koexpro-ostrava-strategic-connection-under-one-roof\/\">TECHARTSTAV and KOEXPRO OSTRAVA: Strategic connection under one roof<\/a><\/h3>\n\n<p class=\"gb-headline gb-headline-754a06ea gb-headline-text\">TECHARTSTAV announces the deepening of its strategic partnership with KOEXPRO OSTRAVA. A key step in this cooperation is the creation &#8230;<\/p>\n\n<p class=\"gb-headline gb-headline-da373670 gb-headline-text\"><a href=\"https:\/\/techartstav.cz\/en\/techartstav-and-koexpro-ostrava-strategic-connection-under-one-roof\/\"><span style=\"text-decoration: underline;\">Read more<\/span><\/a><\/p>\n<\/div>\n<\/div><\/div>\n\n<div class=\"gb-grid-column gb-grid-column-87e3cd57 gb-query-loop-item post-6256 post type-post status-publish format-standard has-post-thumbnail hentry category-theatre-technology\"><div class=\"gb-container gb-container-87e3cd57\">\n<figure class=\"gb-block-image gb-block-image-af5ff90f\"><a href=\"https:\/\/techartstav.cz\/en\/the-main-benefits-of-modern-air-conditioning-in-cultural-centers\/\"><img loading=\"lazy\" decoding=\"async\" width=\"2560\" height=\"1920\" src=\"https:\/\/techartstav.cz\/app\/uploads\/2024\/06\/IMG20240307092229-scaled.jpg\" class=\"gb-image-af5ff90f posthero\" alt=\"Rekonstrukce divadla M\u00edr\" srcset=\"https:\/\/techartstav.cz\/app\/uploads\/2024\/06\/IMG20240307092229-scaled.jpg 2560w, https:\/\/techartstav.cz\/app\/uploads\/2024\/06\/IMG20240307092229-300x225.jpg 300w, https:\/\/techartstav.cz\/app\/uploads\/2024\/06\/IMG20240307092229-1024x768.jpg 1024w, https:\/\/techartstav.cz\/app\/uploads\/2024\/06\/IMG20240307092229-768x576.jpg 768w, https:\/\/techartstav.cz\/app\/uploads\/2024\/06\/IMG20240307092229-1536x1152.jpg 1536w, https:\/\/techartstav.cz\/app\/uploads\/2024\/06\/IMG20240307092229-2048x1536.jpg 2048w\" sizes=\"auto, (max-width: 2560px) 100vw, 2560px\" \/><\/a><\/figure>\n\n<div class=\"gb-container gb-container-a5d918b8\">\n<h3 class=\"gb-headline gb-headline-9cc3ea8d gb-headline-text\"><a href=\"https:\/\/techartstav.cz\/en\/the-main-benefits-of-modern-air-conditioning-in-cultural-centers\/\">The main benefits of modern air conditioning in cultural centers<\/a><\/h3>\n\n<p class=\"gb-headline gb-headline-754a06ea gb-headline-text\">1. Comfort for visitors and performers Many people move around theaters, cinemas, and cultural centers during performances. Modern ventilation systems &#8230;<\/p>\n\n<p class=\"gb-headline gb-headline-da373670 gb-headline-text\"><a href=\"https:\/\/techartstav.cz\/en\/the-main-benefits-of-modern-air-conditioning-in-cultural-centers\/\"><span style=\"text-decoration: underline;\">Read more<\/span><\/a><\/p>\n<\/div>\n<\/div><\/div>\n<\/div>\n\n<\/div>\n\n\n<a class=\"gb-button gb-button-28309882 gb-button-text cutom-button-black\" href=\"https:\/\/techartstav.cz\/en\/news\/\">more news<\/a>\n\n<\/div>\n<\/div>","protected":false},"excerpt":{"rendered":"<p>Pasportization Pasportization is the preparation of a building passport, showing the actual condition of the property. It is necessary when the project documentation is missing or not up-to-date. It starts with a building survey and the output is drawings and a technical report. It is used for renovation, energy certificate, sale, subsidies and land registry &#8230; <a title=\"Pasportization\" class=\"read-more\" href=\"https:\/\/techartstav.cz\/en\/pasportization\/\" aria-label=\"Read more about Pasportization\">Read more<\/a><\/p>\n","protected":false},"author":2,"featured_media":0,"parent":0,"menu_order":0,"comment_status":"closed","ping_status":"closed","template":"","meta":{"_acf_changed":false,"inline_featured_image":false,"footnotes":""},"class_list":["post-3904","page","type-page","status-publish"],"acf":[],"_links":{"self":[{"href":"https:\/\/techartstav.cz\/en\/wp-json\/wp\/v2\/pages\/3904","targetHints":{"allow":["GET"]}}],"collection":[{"href":"https:\/\/techartstav.cz\/en\/wp-json\/wp\/v2\/pages"}],"about":[{"href":"https:\/\/techartstav.cz\/en\/wp-json\/wp\/v2\/types\/page"}],"author":[{"embeddable":true,"href":"https:\/\/techartstav.cz\/en\/wp-json\/wp\/v2\/users\/2"}],"replies":[{"embeddable":true,"href":"https:\/\/techartstav.cz\/en\/wp-json\/wp\/v2\/comments?post=3904"}],"version-history":[{"count":3,"href":"https:\/\/techartstav.cz\/en\/wp-json\/wp\/v2\/pages\/3904\/revisions"}],"predecessor-version":[{"id":4363,"href":"https:\/\/techartstav.cz\/en\/wp-json\/wp\/v2\/pages\/3904\/revisions\/4363"}],"wp:attachment":[{"href":"https:\/\/techartstav.cz\/en\/wp-json\/wp\/v2\/media?parent=3904"}],"curies":[{"name":"wp","href":"https:\/\/api.w.org\/{rel}","templated":true}]}}