{"id":4061,"date":"2024-05-14T19:08:42","date_gmt":"2024-05-14T19:08:42","guid":{"rendered":"https:\/\/techartstav.cz\/?page_id=4061"},"modified":"2024-05-28T09:07:36","modified_gmt":"2024-05-28T09:07:36","slug":"av-technology-projects","status":"publish","type":"page","link":"https:\/\/techartstav.cz\/en\/projection-activities\/av-technology-projects\/","title":{"rendered":"AV technology projects"},"content":{"rendered":"<div class=\"gb-container gb-container-87098f7b\">\n<div class=\"gb-container gb-container-53780517\">\n\n<p class=\"gb-headline gb-headline-ab924fc3 gb-headline-text\"><nav aria-label=\"breadcrumbs\" class=\"rank-math-breadcrumb\"><p><span class=\"last\">\u00davod<\/span><\/p><\/nav><\/p>\n\n<\/div>\n<\/div>\n\n<div class=\"gb-container gb-container-8a232107\">\n<div class=\"gb-container gb-container-4b937f9c\">\n<div class=\"gb-grid-wrapper gb-grid-wrapper-e9c6e04c\">\n<div class=\"gb-grid-column gb-grid-column-8241abfb\"><div class=\"gb-container gb-container-8241abfb\">\n\n<h1 class=\"gb-headline gb-headline-18ac5859 gb-headline-text\">AV technology projects<\/h1>\n\n\n\n<p class=\"gb-headline gb-headline-4506f420 gb-headline-text\">The design and installation of audiovisual (AV) equipment and stage lighting are key aspects of theatre productions, concerts and similar events.<\/p>\n\n<\/div><\/div>\n\n<div class=\"gb-grid-column gb-grid-column-bc1bc02e\"><div class=\"gb-container gb-container-bc1bc02e\">\n\n<figure class=\"gb-block-image gb-block-image-82cda153\"><img loading=\"lazy\" decoding=\"async\" width=\"281\" height=\"185\" class=\"gb-image gb-image-82cda153\" src=\"https:\/\/techartstav.cz\/app\/uploads\/2024\/05\/Group-1056.png\" alt=\"\"\/><\/figure>\n\n<\/div><\/div>\n<\/div>\n<\/div>\n<\/div>\n\n<div class=\"gb-container gb-container-a19afba8\">\n<div class=\"gb-container gb-container-b5f328ca\">\n<div class=\"gb-container gb-container-3e95a560\">\n\n<p class=\"gb-headline gb-headline-64601118 gb-headline-text\">We design and engineer the installation of audio and video equipment and stage lighting. Interconnecting and controlling them with mixing consoles and other control systems.<\/p>\n\n<\/div>\n<\/div>\n<\/div>\n\n<div class=\"gb-container gb-container-e14b92b7\">\n<div class=\"gb-container gb-container-94f21204\">\n<div class=\"gb-container gb-container-8854f3ec\">\n\n<h3 class=\"gb-headline gb-headline-94b4bea0 gb-headline-text\">Do you want more information or a DIRECT inquiry?<\/h3>\n\n\n<div class=\"gb-grid-wrapper gb-grid-wrapper-37f3fdc6\">\n<div class=\"gb-grid-column gb-grid-column-51a4a9ec\"><div class=\"gb-container gb-container-51a4a9ec\">\n\n<a class=\"gb-button gb-button-77e9a0a1 gb-button-text custom-button-yellow\" href=\"https:\/\/techartstav.cz\/en\/theatre-technologies\/\">Theatre technology<\/a>\n\n<\/div><\/div>\n\n<div class=\"gb-grid-column gb-grid-column-3a57c60d\"><div class=\"gb-container gb-container-3a57c60d\">\n\n<a class=\"gb-button gb-button-e536412b gb-button-text custom-button-blue\" href=\"https:\/\/techartstav.cz\/en\/building-work\/\">Construction work<\/a>\n\n<\/div><\/div>\n\n<div class=\"gb-grid-column gb-grid-column-56b4e4ee\"><div class=\"gb-container gb-container-56b4e4ee\">\n\n<a class=\"gb-button gb-button-5e6e4324 gb-button-text custom-button\" href=\"https:\/\/techartstav.cz\/en\/inquiry\/\">Inquire<\/a>\n\n<\/div><\/div>\n<\/div>\n<\/div>\n<\/div>\n<\/div>\n\n<div class=\"gb-container gb-container-2c256a72\">\n<div class=\"gb-container gb-container-80874a67\">\n\n<h2 class=\"gb-headline gb-headline-d9bf5ed8 gb-headline-text\">Implementation<\/h2>\n\n\n\n<p class=\"gb-headline gb-headline-7d72257c gb-headline-text\">Here you can take a look at our portfolio to explore the projects we have successfully completed in recent years. Take a look at our work and get inspiration for your own projects.<\/p>\n\n\n<div class=\"gb-container gb-container-a26b21e0\">\n\n<div class=\"gb-grid-wrapper gb-grid-wrapper-be679237 gb-query-loop-wrapper\">\n<div class=\"gb-grid-column gb-grid-column-0d4ea063 gb-query-loop-item post-6277 realizace type-realizace status-publish has-post-thumbnail hentry typy-realizaci-building-work typy-realizaci-theatre-technologies\"><div class=\"gb-container gb-container-0d4ea063\">\n<figure class=\"gb-block-image gb-block-image-785eef9a\"><a href=\"https:\/\/techartstav.cz\/en\/realizations\/award-winning-building-of-the-year-bordovice-multifunctional-hall\/\"><img loading=\"lazy\" decoding=\"async\" width=\"2560\" height=\"1707\" src=\"https:\/\/techartstav.cz\/app\/uploads\/2024\/05\/Hala_Bordovice2-scaled-1.jpg\" class=\"gb-image-785eef9a posthero\" alt=\"\" srcset=\"https:\/\/techartstav.cz\/app\/uploads\/2024\/05\/Hala_Bordovice2-scaled-1.jpg 2560w, https:\/\/techartstav.cz\/app\/uploads\/2024\/05\/Hala_Bordovice2-scaled-1-300x200.jpg 300w, https:\/\/techartstav.cz\/app\/uploads\/2024\/05\/Hala_Bordovice2-scaled-1-1024x683.jpg 1024w, https:\/\/techartstav.cz\/app\/uploads\/2024\/05\/Hala_Bordovice2-scaled-1-768x512.jpg 768w, https:\/\/techartstav.cz\/app\/uploads\/2024\/05\/Hala_Bordovice2-scaled-1-1536x1024.jpg 1536w, https:\/\/techartstav.cz\/app\/uploads\/2024\/05\/Hala_Bordovice2-scaled-1-2048x1366.jpg 2048w\" sizes=\"auto, (max-width: 2560px) 100vw, 2560px\" \/><\/a><\/figure>\n\n<h2 class=\"gb-headline gb-headline-b67659ea gb-headline-text\"><a href=\"https:\/\/techartstav.cz\/en\/realizations\/award-winning-building-of-the-year-bordovice-multifunctional-hall\/\">Award-winning building of the year: Bordovice Multifunctional Hall<\/a><\/h2>\n<\/div><\/div>\n\n<div class=\"gb-grid-column gb-grid-column-0d4ea063 gb-query-loop-item post-6238 realizace type-realizace status-publish has-post-thumbnail hentry typy-realizaci-building-work\"><div class=\"gb-container gb-container-0d4ea063\">\n<figure class=\"gb-block-image gb-block-image-785eef9a\"><a href=\"https:\/\/techartstav.cz\/en\/realizations\/harmonie-krnov-home-flood-damage-repairs\/\"><img loading=\"lazy\" decoding=\"async\" width=\"1920\" height=\"2560\" src=\"https:\/\/techartstav.cz\/app\/uploads\/2025\/10\/IMG_20250129_090759-scaled.jpg\" class=\"gb-image-785eef9a posthero\" alt=\"Krnov Domky vysou\u0161en\u00ed po povodn\u00edch\" srcset=\"https:\/\/techartstav.cz\/app\/uploads\/2025\/10\/IMG_20250129_090759-scaled.jpg 1920w, https:\/\/techartstav.cz\/app\/uploads\/2025\/10\/IMG_20250129_090759-225x300.jpg 225w, https:\/\/techartstav.cz\/app\/uploads\/2025\/10\/IMG_20250129_090759-768x1024.jpg 768w, https:\/\/techartstav.cz\/app\/uploads\/2025\/10\/IMG_20250129_090759-1152x1536.jpg 1152w, https:\/\/techartstav.cz\/app\/uploads\/2025\/10\/IMG_20250129_090759-1536x2048.jpg 1536w\" sizes=\"auto, (max-width: 1920px) 100vw, 1920px\" \/><\/a><\/figure>\n\n<h2 class=\"gb-headline gb-headline-b67659ea gb-headline-text\"><a href=\"https:\/\/techartstav.cz\/en\/realizations\/harmonie-krnov-home-flood-damage-repairs\/\">Harmonie Krnov Home \u2013 flood damage repairs<\/a><\/h2>\n<\/div><\/div>\n\n<div class=\"gb-grid-column gb-grid-column-0d4ea063 gb-query-loop-item post-6132 realizace type-realizace status-publish has-post-thumbnail hentry typy-realizaci-building-work\"><div class=\"gb-container gb-container-0d4ea063\">\n<figure class=\"gb-block-image gb-block-image-785eef9a\"><a href=\"https:\/\/techartstav.cz\/en\/realizations\/roofing-of-the-railway-station-havirov\/\"><img loading=\"lazy\" decoding=\"async\" width=\"2560\" height=\"1920\" src=\"https:\/\/techartstav.cz\/app\/uploads\/2025\/06\/IMG_20250422_114241-scaled.jpg\" class=\"gb-image-785eef9a posthero\" alt=\"Zast\u0159e\u0161en\u00ed \u017dS Hav\u00ed\u0159ov\" srcset=\"https:\/\/techartstav.cz\/app\/uploads\/2025\/06\/IMG_20250422_114241-scaled.jpg 2560w, https:\/\/techartstav.cz\/app\/uploads\/2025\/06\/IMG_20250422_114241-300x225.jpg 300w, https:\/\/techartstav.cz\/app\/uploads\/2025\/06\/IMG_20250422_114241-1024x768.jpg 1024w, https:\/\/techartstav.cz\/app\/uploads\/2025\/06\/IMG_20250422_114241-768x576.jpg 768w, https:\/\/techartstav.cz\/app\/uploads\/2025\/06\/IMG_20250422_114241-1536x1152.jpg 1536w, https:\/\/techartstav.cz\/app\/uploads\/2025\/06\/IMG_20250422_114241-2048x1536.jpg 2048w\" sizes=\"auto, (max-width: 2560px) 100vw, 2560px\" \/><\/a><\/figure>\n\n<h2 class=\"gb-headline gb-headline-b67659ea gb-headline-text\"><a href=\"https:\/\/techartstav.cz\/en\/realizations\/roofing-of-the-railway-station-havirov\/\">Roofing of the railway station Hav\u00ed\u0159ov<\/a><\/h2>\n<\/div><\/div>\n\n<div class=\"gb-grid-column gb-grid-column-0d4ea063 gb-query-loop-item post-6031 realizace type-realizace status-publish has-post-thumbnail hentry typy-realizaci-building-work\"><div class=\"gb-container gb-container-0d4ea063\">\n<figure class=\"gb-block-image gb-block-image-785eef9a\"><a href=\"https:\/\/techartstav.cz\/en\/realizations\/reconstruction-of-the-premises-skatepark-ostrava-vyskovice\/\"><img loading=\"lazy\" decoding=\"async\" width=\"2560\" height=\"1920\" src=\"https:\/\/techartstav.cz\/app\/uploads\/2025\/05\/IMG_20250422_111643-1-scaled.jpg\" class=\"gb-image-785eef9a posthero\" alt=\"Skate park Ostrava V\u00fd\u0161kovice\" srcset=\"https:\/\/techartstav.cz\/app\/uploads\/2025\/05\/IMG_20250422_111643-1-scaled.jpg 2560w, https:\/\/techartstav.cz\/app\/uploads\/2025\/05\/IMG_20250422_111643-1-300x225.jpg 300w, https:\/\/techartstav.cz\/app\/uploads\/2025\/05\/IMG_20250422_111643-1-1024x768.jpg 1024w, https:\/\/techartstav.cz\/app\/uploads\/2025\/05\/IMG_20250422_111643-1-768x576.jpg 768w, https:\/\/techartstav.cz\/app\/uploads\/2025\/05\/IMG_20250422_111643-1-1536x1152.jpg 1536w, https:\/\/techartstav.cz\/app\/uploads\/2025\/05\/IMG_20250422_111643-1-2048x1536.jpg 2048w\" sizes=\"auto, (max-width: 2560px) 100vw, 2560px\" \/><\/a><\/figure>\n\n<h2 class=\"gb-headline gb-headline-b67659ea gb-headline-text\"><a href=\"https:\/\/techartstav.cz\/en\/realizations\/reconstruction-of-the-premises-skatepark-ostrava-vyskovice\/\">Reconstruction of the premises &#8211; Skatepark Ostrava-V\u00fd\u0161kovice<\/a><\/h2>\n<\/div><\/div>\n<\/div>\n\n<\/div>\n\n\n<a class=\"gb-button gb-button-cd371415 gb-button-text cutom-button-black\" href=\"https:\/\/techartstav.cz\/en\/realizations\/\">More realizations<\/a>\n\n<\/div>\n<\/div>\n\n<div class=\"gb-container gb-container-219bf174\">\n<div class=\"gb-container gb-container-9a7b5c1b\">\n\n<h2 class=\"gb-headline gb-headline-a982f600 gb-headline-text\">News<\/h2>\n\n\n<div class=\"gb-container gb-container-8e19b5a3\">\n\n<div class=\"gb-grid-wrapper gb-grid-wrapper-9f50ead6 gb-query-loop-wrapper\">\n<div class=\"gb-grid-column gb-grid-column-87e3cd57 gb-query-loop-item post-6351 post type-post status-publish format-standard has-post-thumbnail hentry category-building-work category-theatre-technology\"><div class=\"gb-container gb-container-87e3cd57\">\n<figure class=\"gb-block-image gb-block-image-af5ff90f\"><a href=\"https:\/\/techartstav.cz\/en\/renovation-of-the-theater-hall-at-the-ostrcilova-community-center-in-ostrava\/\"><img loading=\"lazy\" decoding=\"async\" width=\"2048\" height=\"1536\" src=\"https:\/\/techartstav.cz\/app\/uploads\/2026\/04\/IMG_5586.jpeg\" class=\"gb-image-af5ff90f posthero\" alt=\"Rekonstrukce divadeln\u00edho s\u00e1lu SV\u010c Ostr\u010dilova\" srcset=\"https:\/\/techartstav.cz\/app\/uploads\/2026\/04\/IMG_5586.jpeg 2048w, https:\/\/techartstav.cz\/app\/uploads\/2026\/04\/IMG_5586-300x225.jpeg 300w, https:\/\/techartstav.cz\/app\/uploads\/2026\/04\/IMG_5586-1024x768.jpeg 1024w, https:\/\/techartstav.cz\/app\/uploads\/2026\/04\/IMG_5586-768x576.jpeg 768w, https:\/\/techartstav.cz\/app\/uploads\/2026\/04\/IMG_5586-1536x1152.jpeg 1536w\" sizes=\"auto, (max-width: 2048px) 100vw, 2048px\" \/><\/a><\/figure>\n\n<div class=\"gb-container gb-container-a5d918b8\">\n<h3 class=\"gb-headline gb-headline-9cc3ea8d gb-headline-text\"><a href=\"https:\/\/techartstav.cz\/en\/renovation-of-the-theater-hall-at-the-ostrcilova-community-center-in-ostrava\/\">Renovation of the theater hall at the Ostr\u010dilova Community Center in Ostrava<\/a><\/h3>\n\n<p class=\"gb-headline gb-headline-754a06ea gb-headline-text\">Following our success in the public tender, we have officially commenced construction work on the project \u201cRenovation of the SV\u010c Ostr\u010dilova Theater Hall.\u201d<\/p>\n\n<p class=\"gb-headline gb-headline-da373670 gb-headline-text\"><a href=\"https:\/\/techartstav.cz\/en\/renovation-of-the-theater-hall-at-the-ostrcilova-community-center-in-ostrava\/\"><span style=\"text-decoration: underline;\">Read more<\/span><\/a><\/p>\n<\/div>\n<\/div><\/div>\n\n<div class=\"gb-grid-column gb-grid-column-87e3cd57 gb-query-loop-item post-6312 post type-post status-publish format-standard has-post-thumbnail hentry category-news-from-behind-the-scenes\"><div class=\"gb-container gb-container-87e3cd57\">\n<figure class=\"gb-block-image gb-block-image-af5ff90f\"><a href=\"https:\/\/techartstav.cz\/en\/techartstav-and-koexpro-ostrava-strategic-connection-under-one-roof\/\"><img loading=\"lazy\" decoding=\"async\" width=\"1536\" height=\"711\" src=\"https:\/\/techartstav.cz\/app\/uploads\/2026\/03\/spoluprace2.png\" class=\"gb-image-af5ff90f posthero\" alt=\"Spolupr\u00e1ce Techartstav a Koexpro\" srcset=\"https:\/\/techartstav.cz\/app\/uploads\/2026\/03\/spoluprace2.png 1536w, https:\/\/techartstav.cz\/app\/uploads\/2026\/03\/spoluprace2-300x139.png 300w, https:\/\/techartstav.cz\/app\/uploads\/2026\/03\/spoluprace2-1024x474.png 1024w, https:\/\/techartstav.cz\/app\/uploads\/2026\/03\/spoluprace2-768x356.png 768w\" sizes=\"auto, (max-width: 1536px) 100vw, 1536px\" \/><\/a><\/figure>\n\n<div class=\"gb-container gb-container-a5d918b8\">\n<h3 class=\"gb-headline gb-headline-9cc3ea8d gb-headline-text\"><a href=\"https:\/\/techartstav.cz\/en\/techartstav-and-koexpro-ostrava-strategic-connection-under-one-roof\/\">TECHARTSTAV and KOEXPRO OSTRAVA: Strategic connection under one roof<\/a><\/h3>\n\n<p class=\"gb-headline gb-headline-754a06ea gb-headline-text\">TECHARTSTAV announces the deepening of its strategic partnership with KOEXPRO OSTRAVA. A key step in this cooperation is the creation &#8230;<\/p>\n\n<p class=\"gb-headline gb-headline-da373670 gb-headline-text\"><a href=\"https:\/\/techartstav.cz\/en\/techartstav-and-koexpro-ostrava-strategic-connection-under-one-roof\/\"><span style=\"text-decoration: underline;\">Read more<\/span><\/a><\/p>\n<\/div>\n<\/div><\/div>\n\n<div class=\"gb-grid-column gb-grid-column-87e3cd57 gb-query-loop-item post-6256 post type-post status-publish format-standard has-post-thumbnail hentry category-theatre-technology\"><div class=\"gb-container gb-container-87e3cd57\">\n<figure class=\"gb-block-image gb-block-image-af5ff90f\"><a href=\"https:\/\/techartstav.cz\/en\/the-main-benefits-of-modern-air-conditioning-in-cultural-centers\/\"><img loading=\"lazy\" decoding=\"async\" width=\"2560\" height=\"1920\" src=\"https:\/\/techartstav.cz\/app\/uploads\/2024\/06\/IMG20240307092229-scaled.jpg\" class=\"gb-image-af5ff90f posthero\" alt=\"Rekonstrukce divadla M\u00edr\" srcset=\"https:\/\/techartstav.cz\/app\/uploads\/2024\/06\/IMG20240307092229-scaled.jpg 2560w, https:\/\/techartstav.cz\/app\/uploads\/2024\/06\/IMG20240307092229-300x225.jpg 300w, https:\/\/techartstav.cz\/app\/uploads\/2024\/06\/IMG20240307092229-1024x768.jpg 1024w, https:\/\/techartstav.cz\/app\/uploads\/2024\/06\/IMG20240307092229-768x576.jpg 768w, https:\/\/techartstav.cz\/app\/uploads\/2024\/06\/IMG20240307092229-1536x1152.jpg 1536w, https:\/\/techartstav.cz\/app\/uploads\/2024\/06\/IMG20240307092229-2048x1536.jpg 2048w\" sizes=\"auto, (max-width: 2560px) 100vw, 2560px\" \/><\/a><\/figure>\n\n<div class=\"gb-container gb-container-a5d918b8\">\n<h3 class=\"gb-headline gb-headline-9cc3ea8d gb-headline-text\"><a href=\"https:\/\/techartstav.cz\/en\/the-main-benefits-of-modern-air-conditioning-in-cultural-centers\/\">The main benefits of modern air conditioning in cultural centers<\/a><\/h3>\n\n<p class=\"gb-headline gb-headline-754a06ea gb-headline-text\">1. Comfort for visitors and performers Many people move around theaters, cinemas, and cultural centers during performances. Modern ventilation systems &#8230;<\/p>\n\n<p class=\"gb-headline gb-headline-da373670 gb-headline-text\"><a href=\"https:\/\/techartstav.cz\/en\/the-main-benefits-of-modern-air-conditioning-in-cultural-centers\/\"><span style=\"text-decoration: underline;\">Read more<\/span><\/a><\/p>\n<\/div>\n<\/div><\/div>\n<\/div>\n\n<\/div>\n\n\n<a class=\"gb-button gb-button-28309882 gb-button-text cutom-button-black\" href=\"https:\/\/techartstav.cz\/en\/news\/\">More news<\/a>\n\n<\/div>\n<\/div>","protected":false},"excerpt":{"rendered":"<p>We design and engineer the installation of audio and video equipment and stage lighting. Interconnecting and controlling them with mixing consoles and other control systems. Do you want more information or a DIRECT inquiry? Implementation Here you can take a look at our portfolio to explore the projects we have successfully completed in recent years. &#8230; <a title=\"AV technology projects\" class=\"read-more\" href=\"https:\/\/techartstav.cz\/en\/projection-activities\/av-technology-projects\/\" aria-label=\"Read more about AV technology projects\">Read more<\/a><\/p>\n","protected":false},"author":2,"featured_media":0,"parent":4012,"menu_order":0,"comment_status":"closed","ping_status":"closed","template":"","meta":{"_acf_changed":false,"inline_featured_image":false,"footnotes":""},"class_list":["post-4061","page","type-page","status-publish"],"acf":[],"_links":{"self":[{"href":"https:\/\/techartstav.cz\/en\/wp-json\/wp\/v2\/pages\/4061","targetHints":{"allow":["GET"]}}],"collection":[{"href":"https:\/\/techartstav.cz\/en\/wp-json\/wp\/v2\/pages"}],"about":[{"href":"https:\/\/techartstav.cz\/en\/wp-json\/wp\/v2\/types\/page"}],"author":[{"embeddable":true,"href":"https:\/\/techartstav.cz\/en\/wp-json\/wp\/v2\/users\/2"}],"replies":[{"embeddable":true,"href":"https:\/\/techartstav.cz\/en\/wp-json\/wp\/v2\/comments?post=4061"}],"version-history":[{"count":4,"href":"https:\/\/techartstav.cz\/en\/wp-json\/wp\/v2\/pages\/4061\/revisions"}],"predecessor-version":[{"id":4833,"href":"https:\/\/techartstav.cz\/en\/wp-json\/wp\/v2\/pages\/4061\/revisions\/4833"}],"up":[{"embeddable":true,"href":"https:\/\/techartstav.cz\/en\/wp-json\/wp\/v2\/pages\/4012"}],"wp:attachment":[{"href":"https:\/\/techartstav.cz\/en\/wp-json\/wp\/v2\/media?parent=4061"}],"curies":[{"name":"wp","href":"https:\/\/api.w.org\/{rel}","templated":true}]}}