{"id":4068,"date":"2024-05-13T17:48:09","date_gmt":"2024-05-13T17:48:09","guid":{"rendered":"https:\/\/techartstav.cz\/?page_id=4068"},"modified":"2024-05-28T08:42:44","modified_gmt":"2024-05-28T08:42:44","slug":"inspections-and-service","status":"publish","type":"page","link":"https:\/\/techartstav.cz\/en\/inspections-and-service\/","title":{"rendered":"Inspections and service"},"content":{"rendered":"<div class=\"gb-container gb-container-87098f7b\">\n<div class=\"gb-container gb-container-53780517\">\n\n<p class=\"gb-headline gb-headline-ab924fc3 gb-headline-text\"><nav aria-label=\"breadcrumbs\" class=\"rank-math-breadcrumb\"><p><span class=\"last\">\u00davod<\/span><\/p><\/nav><\/p>\n\n<\/div>\n<\/div>\n\n<div class=\"gb-container gb-container-8a232107\">\n<div class=\"gb-container gb-container-4b937f9c\">\n<div class=\"gb-grid-wrapper gb-grid-wrapper-e9c6e04c\">\n<div class=\"gb-grid-column gb-grid-column-8241abfb\"><div class=\"gb-container gb-container-8241abfb\">\n\n<h1 class=\"gb-headline gb-headline-18ac5859 gb-headline-text\">Inspection of theatre equipment<\/h1>\n\n\n\n<p class=\"gb-headline gb-headline-4506f420 gb-headline-text\">Inspection and servicing of theatre equipment is crucial to ensure safety, reliability and optimal performance of the equipment. They check electrical and mechanical components, test lighting and sound systems, and inspect stage mechanisms and fire safety.<\/p>\n\n<\/div><\/div>\n\n<div class=\"gb-grid-column gb-grid-column-bc1bc02e\"><div class=\"gb-container gb-container-bc1bc02e\">\n\n<figure class=\"gb-block-image gb-block-image-82cda153\"><img loading=\"lazy\" decoding=\"async\" width=\"266\" height=\"222\" class=\"gb-image gb-image-82cda153\" src=\"https:\/\/techartstav.cz\/app\/uploads\/2024\/05\/Group-1054-1.png\" alt=\"Inspection of theatre equipment\" title=\"Inspection of theatre equipment\"\/><\/figure>\n\n<\/div><\/div>\n<\/div>\n<\/div>\n<\/div>\n\n<div class=\"gb-container gb-container-8d8e14ce\">\n<div class=\"gb-container gb-container-998b58e7\">\n<div class=\"gb-container gb-container-3e95a560\">\n\n<p class=\"gb-headline gb-headline-37cc18a4 gb-headline-text\">Assembly areas in theatres are subject to strict standards, especially in the areas of fire protection and emergency lighting.<\/p>\n\n\n\n<p class=\"gb-headline gb-headline-be1b4ffe gb-headline-text\">There are two basic types of inspections: initial, carried out before the facility is put into operation, and periodic, carried out at regular intervals. Each inspection is documented by an inspection report, which is very important for insurance claims, approval and other administrative purposes. Regular revision inspections range from 3 months to 5 years depending on the type of equipment.<\/p>\n\n<\/div>\n<\/div>\n<\/div>\n\n<div class=\"gb-container gb-container-a19afba8\">\n<div class=\"gb-container gb-container-b5f328ca\">\n\n<h2 class=\"gb-headline gb-headline-5c6811fd gb-headline-text\">Technological units subject to revision<\/h2>\n\n\n<div class=\"gb-grid-wrapper gb-grid-wrapper-712248d6\">\n<div class=\"gb-grid-column gb-grid-column-9bd00460\"><div class=\"gb-container gb-container-9bd00460\">\n<div class=\"gb-container gb-container-652f83d8\">\n\n<figure class=\"gb-block-image gb-block-image-6b5871ae\"><img loading=\"lazy\" decoding=\"async\" width=\"96\" height=\"185\" class=\"gb-image gb-image-6b5871ae\" src=\"https:\/\/techartstav.cz\/app\/uploads\/2024\/05\/Group-1049-1.png\" alt=\"Electrical equipment\" title=\"Electrical equipment\"\/><\/figure>\n\n<\/div>\n\n<div class=\"gb-container gb-container-0faa547f\">\n\n<h3 class=\"gb-headline gb-headline-7fa1ca70 gb-headline-text\">Electrical equipment<\/h3>\n\n\n\n<p class=\"gb-headline gb-headline-ba522671 gb-headline-text\">Electrical equipment in cultural houses includes all electrical infrastructure for lighting, sound, video, and other functions. This includes wiring, lighting systems, sound systems, and security features.<\/p>\n\n<\/div>\n<\/div><\/div>\n\n<div class=\"gb-grid-column gb-grid-column-e3c3c762\"><div class=\"gb-container gb-container-e3c3c762\">\n<div class=\"gb-container gb-container-776328e9\">\n\n<figure class=\"gb-block-image gb-block-image-6a3e5b70\"><img loading=\"lazy\" decoding=\"async\" width=\"277\" height=\"185\" class=\"gb-image gb-image-6a3e5b70\" src=\"https:\/\/techartstav.cz\/app\/uploads\/2024\/05\/Group-1047-1.png\" alt=\"Security systems\" title=\"Security systems\"\/><\/figure>\n\n<\/div>\n\n<div class=\"gb-container gb-container-42f21840\">\n\n<h3 class=\"gb-headline gb-headline-f29aa41c gb-headline-text\">Security systems<\/h3>\n\n\n\n<p class=\"gb-headline gb-headline-b3bcfafd gb-headline-text\">There are different types of security systems to protect property, staff and visitors. These include: alarm systems, CCTV systems, access control, fire detectors, security lighting and technical equipment security.<\/p>\n\n<\/div>\n<\/div><\/div>\n\n<div class=\"gb-grid-column gb-grid-column-f2e8fc4f\"><div class=\"gb-container gb-container-f2e8fc4f\">\n<div class=\"gb-container gb-container-a483452c\">\n\n<figure class=\"gb-block-image gb-block-image-f6a6879a\"><img loading=\"lazy\" decoding=\"async\" width=\"227\" height=\"185\" class=\"gb-image gb-image-f6a6879a\" src=\"https:\/\/techartstav.cz\/app\/uploads\/2024\/05\/Group-925.png\" alt=\"Stage and technological equipment\" title=\"Stage and technological equipment\"\/><\/figure>\n\n<\/div>\n\n<div class=\"gb-container gb-container-eee53975\">\n\n<h3 class=\"gb-headline gb-headline-3abf3386 gb-headline-text\">Stage and technological equipment<\/h3>\n\n\n\n<p class=\"gb-headline gb-headline-f77aba18 gb-headline-text\">They include various elements and technologies used on and around the theatre stage. These include: stage moves, lift tables and platforms, rigging, shielding, special effects, audiovisual technology.<\/p>\n\n<\/div>\n<\/div><\/div>\n<\/div>\n<\/div>\n<\/div>\n\n<div class=\"gb-container gb-container-96884b4f\">\n<div class=\"gb-container gb-container-bb673e7a\">\n<div class=\"gb-grid-wrapper gb-grid-wrapper-8f3e73c5\">\n<div class=\"gb-grid-column gb-grid-column-8e742058\"><div class=\"gb-container gb-container-8e742058\">\n\n<h4 class=\"gb-headline gb-headline-a887c1e6 gb-headline-text\">REQUEST Revision or service<\/h4>\n\n<\/div><\/div>\n\n<div class=\"gb-grid-column gb-grid-column-eb6c8d76\"><div class=\"gb-container gb-container-eb6c8d76\">\n\n<a class=\"gb-button gb-button-8707148e gb-button-text custom-button\" href=\"https:\/\/techartstav.cz\/en\/inquiry\/\">Inquire<\/a>\n\n<\/div><\/div>\n<\/div>\n<\/div>\n<\/div>\n\n<div class=\"gb-container gb-container-d227f278\">\n<div class=\"gb-container gb-container-0b87d53b\">\n<div class=\"gb-grid-wrapper gb-grid-wrapper-0ac553ad\">\n<div class=\"gb-grid-column gb-grid-column-b4b87602\"><div class=\"gb-container gb-container-b4b87602\">\n\n<h2 class=\"gb-headline gb-headline-5ba54ea1 gb-headline-text\">Service of theatre equipment<\/h2>\n\n\n\n<p class=\"gb-headline gb-headline-e81e0890 gb-headline-text\">The service of theatre equipment includes regular maintenance, repairs and technical support of the equipment in the theatre environment.<\/p>\n\n<\/div><\/div>\n\n<div class=\"gb-grid-column gb-grid-column-acb38006\"><div class=\"gb-container gb-container-acb38006\">\n\n<figure class=\"gb-block-image gb-block-image-3e425a4a\"><img loading=\"lazy\" decoding=\"async\" width=\"221\" height=\"222\" class=\"gb-image gb-image-3e425a4a\" src=\"https:\/\/techartstav.cz\/app\/uploads\/2024\/05\/Group-1288.png\" alt=\"Service of theatre equipment\n\" title=\"Service of theatre equipment\"\/><\/figure>\n\n<\/div><\/div>\n<\/div>\n<\/div>\n<\/div>\n\n<div class=\"gb-container gb-container-0efb3e33\">\n<div class=\"gb-container gb-container-5e6b1230\">\n<div class=\"gb-container gb-container-440d5d04\">\n\n<p class=\"gb-headline gb-headline-437c7eac gb-headline-text\"><strong>Typical service tasks include:<\/strong><\/p>\n\n\n\n<p class=\"gb-headline gb-headline-c7dd30c9\"><span class=\"gb-icon\"><svg aria-hidden=\"true\" role=\"img\" height=\"1em\" width=\"1em\" viewBox=\"0 0 256 512\" xmlns=\"http:\/\/www.w3.org\/2000\/svg\"><path fill=\"currentColor\" d=\"M224.3 273l-136 136c-9.4 9.4-24.6 9.4-33.9 0l-22.6-22.6c-9.4-9.4-9.4-24.6 0-33.9l96.4-96.4-96.4-96.4c-9.4-9.4-9.4-24.6 0-33.9L54.3 103c9.4-9.4 24.6-9.4 33.9 0l136 136c9.5 9.4 9.5 24.6.1 34z\"><\/path><\/svg><\/span><span class=\"gb-headline-text\">Inspection and maintenance of the lighting system, including lighting equipment, spotlights, lighting panels and control systems.<\/span><\/p>\n\n\n\n<p class=\"gb-headline gb-headline-004faf10\"><span class=\"gb-icon\"><svg aria-hidden=\"true\" role=\"img\" height=\"1em\" width=\"1em\" viewBox=\"0 0 256 512\" xmlns=\"http:\/\/www.w3.org\/2000\/svg\"><path fill=\"currentColor\" d=\"M224.3 273l-136 136c-9.4 9.4-24.6 9.4-33.9 0l-22.6-22.6c-9.4-9.4-9.4-24.6 0-33.9l96.4-96.4-96.4-96.4c-9.4-9.4-9.4-24.6 0-33.9L54.3 103c9.4-9.4 24.6-9.4 33.9 0l136 136c9.5 9.4 9.5 24.6.1 34z\"><\/path><\/svg><\/span><span class=\"gb-headline-text\">Inspection of audio equipment, including microphones, speakers, mixing consoles and other audio systems.<\/span><\/p>\n\n\n\n<p class=\"gb-headline gb-headline-76abedfc\"><span class=\"gb-icon\"><svg aria-hidden=\"true\" role=\"img\" height=\"1em\" width=\"1em\" viewBox=\"0 0 256 512\" xmlns=\"http:\/\/www.w3.org\/2000\/svg\"><path fill=\"currentColor\" d=\"M224.3 273l-136 136c-9.4 9.4-24.6 9.4-33.9 0l-22.6-22.6c-9.4-9.4-9.4-24.6 0-33.9l96.4-96.4-96.4-96.4c-9.4-9.4-9.4-24.6 0-33.9L54.3 103c9.4-9.4 24.6-9.4 33.9 0l136 136c9.5 9.4 9.5 24.6.1 34z\"><\/path><\/svg><\/span><span class=\"gb-headline-text\">Maintenance of stage equipment such as ropes, curtains, stage mechanisms and flooring.<\/span><\/p>\n\n\n\n<p class=\"gb-headline gb-headline-54f966ca\"><span class=\"gb-icon\"><svg aria-hidden=\"true\" role=\"img\" height=\"1em\" width=\"1em\" viewBox=\"0 0 256 512\" xmlns=\"http:\/\/www.w3.org\/2000\/svg\"><path fill=\"currentColor\" d=\"M224.3 273l-136 136c-9.4 9.4-24.6 9.4-33.9 0l-22.6-22.6c-9.4-9.4-9.4-24.6 0-33.9l96.4-96.4-96.4-96.4c-9.4-9.4-9.4-24.6 0-33.9L54.3 103c9.4-9.4 24.6-9.4 33.9 0l136 136c9.5 9.4 9.5 24.6.1 34z\"><\/path><\/svg><\/span><span class=\"gb-headline-text\">Inspection and repair of technical equipment such as electrical wiring, air conditioning, security systems and more.<\/span><\/p>\n\n<\/div>\n<\/div>\n<\/div>\n\n<div class=\"gb-container gb-container-92baa8e4\">\n<div class=\"gb-container gb-container-28676633\">\n\n<h2 class=\"gb-headline gb-headline-2df3d9b4 gb-headline-text\">Types of service<\/h2>\n\n\n<div class=\"gb-grid-wrapper gb-grid-wrapper-f4c580e5\">\n<div class=\"gb-grid-column gb-grid-column-45c071f9\"><div class=\"gb-container gb-container-45c071f9\">\n<div class=\"gb-container gb-container-a68fdb63\">\n\n<figure class=\"gb-block-image gb-block-image-80e7193d\"><img loading=\"lazy\" decoding=\"async\" width=\"201\" height=\"189\" class=\"gb-image gb-image-80e7193d\" src=\"https:\/\/techartstav.cz\/app\/uploads\/2024\/05\/Group-1059-2.png\" alt=\"Warranty service\" title=\"Warranty service\"\/><\/figure>\n\n<\/div>\n\n<div class=\"gb-container gb-container-c6becbde\">\n\n<h3 class=\"gb-headline gb-headline-f2d20d8d gb-headline-text\">Warranty service<\/h3>\n\n\n\n<p class=\"gb-headline gb-headline-cf8cb1e5 gb-headline-text\">After purchasing theatre equipment, the customer usually receives a warranty that covers possible manufacturing defects or shortages for a specified period of time, often usually one year. Under this warranty, free repair or replacement of damaged parts or equipment is provided.<\/p>\n\n<\/div>\n<\/div><\/div>\n\n<div class=\"gb-grid-column gb-grid-column-1b686397\"><div class=\"gb-container gb-container-1b686397\">\n<div class=\"gb-container gb-container-76ef694d\">\n\n<figure class=\"gb-block-image gb-block-image-d689d921\"><img loading=\"lazy\" decoding=\"async\" width=\"202\" height=\"189\" class=\"gb-image gb-image-d689d921\" src=\"https:\/\/techartstav.cz\/app\/uploads\/2024\/05\/Group-1060-1.png\" alt=\"After Warranty Service\" title=\"After Warranty Service\"\/><\/figure>\n\n<\/div>\n\n<div class=\"gb-container gb-container-d3bd28ac\">\n\n<h3 class=\"gb-headline gb-headline-c1775087 gb-headline-text\">After Warranty Service<\/h3>\n\n\n\n<p class=\"gb-headline gb-headline-3902775e gb-headline-text\">Includes paid repairs, maintenance and upgrades to theatre equipment. This may include repairs to damaged components, routine maintenance, software upgrades, or system enhancements in line with new technology and theatre requirements.<\/p>\n\n<\/div>\n<\/div><\/div>\n<\/div>\n<\/div>\n<\/div>\n\n<div class=\"gb-container gb-container-e14b92b7\">\n<div class=\"gb-container gb-container-94f21204\">\n<div class=\"gb-container gb-container-8854f3ec\">\n\n<h3 class=\"gb-headline gb-headline-94b4bea0 gb-headline-text\">Do you want more information or a DIRECT inquiry?<\/h3>\n\n\n<div class=\"gb-grid-wrapper gb-grid-wrapper-37f3fdc6\">\n<div class=\"gb-grid-column gb-grid-column-51a4a9ec\"><div class=\"gb-container gb-container-51a4a9ec\">\n\n<a class=\"gb-button gb-button-77e9a0a1 gb-button-text custom-button-yellow\" href=\"https:\/\/techartstav.cz\/en\/theatre-technologies\/\">Theatre technology<\/a>\n\n<\/div><\/div>\n\n<div class=\"gb-grid-column gb-grid-column-3a57c60d\"><div class=\"gb-container gb-container-3a57c60d\">\n\n<a class=\"gb-button gb-button-e536412b gb-button-text custom-button-blue\" href=\"https:\/\/techartstav.cz\/en\/building-work\/\">Construction work<\/a>\n\n<\/div><\/div>\n\n<div class=\"gb-grid-column gb-grid-column-56b4e4ee\"><div class=\"gb-container gb-container-56b4e4ee\">\n\n<a class=\"gb-button gb-button-5e6e4324 gb-button-text custom-button\" href=\"https:\/\/techartstav.cz\/en\/inquiry\/\">Inquire<\/a>\n\n<\/div><\/div>\n<\/div>\n<\/div>\n<\/div>\n<\/div>\n\n<div class=\"gb-container gb-container-2c256a72\">\n<div class=\"gb-container gb-container-80874a67\">\n\n<h2 class=\"gb-headline gb-headline-d9bf5ed8 gb-headline-text\">Implementation<\/h2>\n\n\n\n<p class=\"gb-headline gb-headline-7d72257c gb-headline-text\">Here you can take a look at our portfolio to explore the projects we have successfully completed in recent years. Take a look at our work and get inspiration for your own projects.<\/p>\n\n\n<div class=\"gb-container gb-container-a26b21e0\">\n\n<div class=\"gb-grid-wrapper gb-grid-wrapper-be679237 gb-query-loop-wrapper\">\n<div class=\"gb-grid-column gb-grid-column-0d4ea063 gb-query-loop-item post-6277 realizace type-realizace status-publish has-post-thumbnail hentry typy-realizaci-building-work typy-realizaci-theatre-technologies\"><div class=\"gb-container gb-container-0d4ea063\">\n<figure class=\"gb-block-image gb-block-image-785eef9a\"><a href=\"https:\/\/techartstav.cz\/en\/realizations\/award-winning-building-of-the-year-bordovice-multifunctional-hall\/\"><img loading=\"lazy\" decoding=\"async\" width=\"2560\" height=\"1707\" src=\"https:\/\/techartstav.cz\/app\/uploads\/2024\/05\/Hala_Bordovice2-scaled-1.jpg\" class=\"gb-image-785eef9a posthero\" alt=\"\" srcset=\"https:\/\/techartstav.cz\/app\/uploads\/2024\/05\/Hala_Bordovice2-scaled-1.jpg 2560w, https:\/\/techartstav.cz\/app\/uploads\/2024\/05\/Hala_Bordovice2-scaled-1-300x200.jpg 300w, https:\/\/techartstav.cz\/app\/uploads\/2024\/05\/Hala_Bordovice2-scaled-1-1024x683.jpg 1024w, https:\/\/techartstav.cz\/app\/uploads\/2024\/05\/Hala_Bordovice2-scaled-1-768x512.jpg 768w, https:\/\/techartstav.cz\/app\/uploads\/2024\/05\/Hala_Bordovice2-scaled-1-1536x1024.jpg 1536w, https:\/\/techartstav.cz\/app\/uploads\/2024\/05\/Hala_Bordovice2-scaled-1-2048x1366.jpg 2048w\" sizes=\"auto, (max-width: 2560px) 100vw, 2560px\" \/><\/a><\/figure>\n\n<h2 class=\"gb-headline gb-headline-b67659ea gb-headline-text\"><a href=\"https:\/\/techartstav.cz\/en\/realizations\/award-winning-building-of-the-year-bordovice-multifunctional-hall\/\">Award-winning building of the year: Bordovice Multifunctional Hall<\/a><\/h2>\n<\/div><\/div>\n\n<div class=\"gb-grid-column gb-grid-column-0d4ea063 gb-query-loop-item post-6238 realizace type-realizace status-publish has-post-thumbnail hentry typy-realizaci-building-work\"><div class=\"gb-container gb-container-0d4ea063\">\n<figure class=\"gb-block-image gb-block-image-785eef9a\"><a href=\"https:\/\/techartstav.cz\/en\/realizations\/harmonie-krnov-home-flood-damage-repairs\/\"><img loading=\"lazy\" decoding=\"async\" width=\"1920\" height=\"2560\" src=\"https:\/\/techartstav.cz\/app\/uploads\/2025\/10\/IMG_20250129_090759-scaled.jpg\" class=\"gb-image-785eef9a posthero\" alt=\"Krnov Domky vysou\u0161en\u00ed po povodn\u00edch\" srcset=\"https:\/\/techartstav.cz\/app\/uploads\/2025\/10\/IMG_20250129_090759-scaled.jpg 1920w, https:\/\/techartstav.cz\/app\/uploads\/2025\/10\/IMG_20250129_090759-225x300.jpg 225w, https:\/\/techartstav.cz\/app\/uploads\/2025\/10\/IMG_20250129_090759-768x1024.jpg 768w, https:\/\/techartstav.cz\/app\/uploads\/2025\/10\/IMG_20250129_090759-1152x1536.jpg 1152w, https:\/\/techartstav.cz\/app\/uploads\/2025\/10\/IMG_20250129_090759-1536x2048.jpg 1536w\" sizes=\"auto, (max-width: 1920px) 100vw, 1920px\" \/><\/a><\/figure>\n\n<h2 class=\"gb-headline gb-headline-b67659ea gb-headline-text\"><a href=\"https:\/\/techartstav.cz\/en\/realizations\/harmonie-krnov-home-flood-damage-repairs\/\">Harmonie Krnov Home \u2013 flood damage repairs<\/a><\/h2>\n<\/div><\/div>\n\n<div class=\"gb-grid-column gb-grid-column-0d4ea063 gb-query-loop-item post-6132 realizace type-realizace status-publish has-post-thumbnail hentry typy-realizaci-building-work\"><div class=\"gb-container gb-container-0d4ea063\">\n<figure class=\"gb-block-image gb-block-image-785eef9a\"><a href=\"https:\/\/techartstav.cz\/en\/realizations\/roofing-of-the-railway-station-havirov\/\"><img loading=\"lazy\" decoding=\"async\" width=\"2560\" height=\"1920\" src=\"https:\/\/techartstav.cz\/app\/uploads\/2025\/06\/IMG_20250422_114241-scaled.jpg\" class=\"gb-image-785eef9a posthero\" alt=\"Zast\u0159e\u0161en\u00ed \u017dS Hav\u00ed\u0159ov\" srcset=\"https:\/\/techartstav.cz\/app\/uploads\/2025\/06\/IMG_20250422_114241-scaled.jpg 2560w, https:\/\/techartstav.cz\/app\/uploads\/2025\/06\/IMG_20250422_114241-300x225.jpg 300w, https:\/\/techartstav.cz\/app\/uploads\/2025\/06\/IMG_20250422_114241-1024x768.jpg 1024w, https:\/\/techartstav.cz\/app\/uploads\/2025\/06\/IMG_20250422_114241-768x576.jpg 768w, https:\/\/techartstav.cz\/app\/uploads\/2025\/06\/IMG_20250422_114241-1536x1152.jpg 1536w, https:\/\/techartstav.cz\/app\/uploads\/2025\/06\/IMG_20250422_114241-2048x1536.jpg 2048w\" sizes=\"auto, (max-width: 2560px) 100vw, 2560px\" \/><\/a><\/figure>\n\n<h2 class=\"gb-headline gb-headline-b67659ea gb-headline-text\"><a href=\"https:\/\/techartstav.cz\/en\/realizations\/roofing-of-the-railway-station-havirov\/\">Roofing of the railway station Hav\u00ed\u0159ov<\/a><\/h2>\n<\/div><\/div>\n\n<div class=\"gb-grid-column gb-grid-column-0d4ea063 gb-query-loop-item post-6031 realizace type-realizace status-publish has-post-thumbnail hentry typy-realizaci-building-work\"><div class=\"gb-container gb-container-0d4ea063\">\n<figure class=\"gb-block-image gb-block-image-785eef9a\"><a href=\"https:\/\/techartstav.cz\/en\/realizations\/reconstruction-of-the-premises-skatepark-ostrava-vyskovice\/\"><img loading=\"lazy\" decoding=\"async\" width=\"2560\" height=\"1920\" src=\"https:\/\/techartstav.cz\/app\/uploads\/2025\/05\/IMG_20250422_111643-1-scaled.jpg\" class=\"gb-image-785eef9a posthero\" alt=\"Skate park Ostrava V\u00fd\u0161kovice\" srcset=\"https:\/\/techartstav.cz\/app\/uploads\/2025\/05\/IMG_20250422_111643-1-scaled.jpg 2560w, https:\/\/techartstav.cz\/app\/uploads\/2025\/05\/IMG_20250422_111643-1-300x225.jpg 300w, https:\/\/techartstav.cz\/app\/uploads\/2025\/05\/IMG_20250422_111643-1-1024x768.jpg 1024w, https:\/\/techartstav.cz\/app\/uploads\/2025\/05\/IMG_20250422_111643-1-768x576.jpg 768w, https:\/\/techartstav.cz\/app\/uploads\/2025\/05\/IMG_20250422_111643-1-1536x1152.jpg 1536w, https:\/\/techartstav.cz\/app\/uploads\/2025\/05\/IMG_20250422_111643-1-2048x1536.jpg 2048w\" sizes=\"auto, (max-width: 2560px) 100vw, 2560px\" \/><\/a><\/figure>\n\n<h2 class=\"gb-headline gb-headline-b67659ea gb-headline-text\"><a href=\"https:\/\/techartstav.cz\/en\/realizations\/reconstruction-of-the-premises-skatepark-ostrava-vyskovice\/\">Reconstruction of the premises &#8211; Skatepark Ostrava-V\u00fd\u0161kovice<\/a><\/h2>\n<\/div><\/div>\n<\/div>\n\n<\/div>\n\n\n<a class=\"gb-button gb-button-cd371415 gb-button-text cutom-button-black\" href=\"https:\/\/techartstav.cz\/en\/realizations\/\">More realizations<\/a>\n\n<\/div>\n<\/div>","protected":false},"excerpt":{"rendered":"<p>Assembly areas in theatres are subject to strict standards, especially in the areas of fire protection and emergency lighting. There are two basic types of inspections: initial, carried out before the facility is put into operation, and periodic, carried out at regular intervals. Each inspection is documented by an inspection report, which is very important &#8230; <a title=\"Inspections and service\" class=\"read-more\" href=\"https:\/\/techartstav.cz\/en\/inspections-and-service\/\" aria-label=\"Read more about Inspections and service\">Read more<\/a><\/p>\n","protected":false},"author":2,"featured_media":0,"parent":0,"menu_order":0,"comment_status":"closed","ping_status":"closed","template":"","meta":{"_acf_changed":false,"inline_featured_image":false,"footnotes":""},"class_list":["post-4068","page","type-page","status-publish"],"acf":[],"_links":{"self":[{"href":"https:\/\/techartstav.cz\/en\/wp-json\/wp\/v2\/pages\/4068","targetHints":{"allow":["GET"]}}],"collection":[{"href":"https:\/\/techartstav.cz\/en\/wp-json\/wp\/v2\/pages"}],"about":[{"href":"https:\/\/techartstav.cz\/en\/wp-json\/wp\/v2\/types\/page"}],"author":[{"embeddable":true,"href":"https:\/\/techartstav.cz\/en\/wp-json\/wp\/v2\/users\/2"}],"replies":[{"embeddable":true,"href":"https:\/\/techartstav.cz\/en\/wp-json\/wp\/v2\/comments?post=4068"}],"version-history":[{"count":2,"href":"https:\/\/techartstav.cz\/en\/wp-json\/wp\/v2\/pages\/4068\/revisions"}],"predecessor-version":[{"id":4442,"href":"https:\/\/techartstav.cz\/en\/wp-json\/wp\/v2\/pages\/4068\/revisions\/4442"}],"wp:attachment":[{"href":"https:\/\/techartstav.cz\/en\/wp-json\/wp\/v2\/media?parent=4068"}],"curies":[{"name":"wp","href":"https:\/\/api.w.org\/{rel}","templated":true}]}}