{"id":5362,"date":"2024-06-21T14:10:29","date_gmt":"2024-06-21T14:10:29","guid":{"rendered":"https:\/\/techartstav.cz\/?page_id=5362"},"modified":"2024-07-10T18:10:53","modified_gmt":"2024-07-10T18:10:53","slug":"stage-technique","status":"publish","type":"page","link":"https:\/\/techartstav.cz\/en\/theatre-technique\/stage-technique\/","title":{"rendered":"Stage technique"},"content":{"rendered":"<div class=\"gb-container gb-container-87098f7b\">\n<div class=\"gb-container gb-container-53780517\">\n\n<p class=\"gb-headline gb-headline-ab924fc3 gb-headline-text\"><nav aria-label=\"breadcrumbs\" class=\"rank-math-breadcrumb\"><p><span class=\"last\">\u00davod<\/span><\/p><\/nav><\/p>\n\n<\/div>\n<\/div>\n\n<div class=\"gb-container gb-container-8a232107\">\n<div class=\"gb-container gb-container-4b937f9c\">\n<div class=\"gb-grid-wrapper gb-grid-wrapper-e9c6e04c\">\n<div class=\"gb-grid-column gb-grid-column-bc1bc02e\"><div class=\"gb-container gb-container-bc1bc02e\">\n\n<figure class=\"gb-block-image gb-block-image-b50b1ef2\"><img loading=\"lazy\" decoding=\"async\" width=\"385\" height=\"185\" class=\"gb-image gb-image-b50b1ef2\" src=\"https:\/\/techartstav.cz\/app\/uploads\/2024\/06\/Union-11.png\" alt=\"Stage technique\" title=\"Stage technique\" srcset=\"https:\/\/techartstav.cz\/app\/uploads\/2024\/06\/Union-11.png 385w, https:\/\/techartstav.cz\/app\/uploads\/2024\/06\/Union-11-300x144.png 300w\" sizes=\"auto, (max-width: 385px) 100vw, 385px\" \/><\/figure>\n\n<\/div><\/div>\n\n<div class=\"gb-grid-column gb-grid-column-8241abfb\"><div class=\"gb-container gb-container-8241abfb\">\n\n<h1 class=\"gb-headline gb-headline-18ac5859 gb-headline-text\">Stage technique<\/h1>\n\n\n\n<p class=\"gb-headline gb-headline-4506f420 gb-headline-text\"><strong>Scenery and props: <\/strong>Production and handling of sets, props and decorations. Scenery and props play a key role in bringing stories to life on stage.<\/p>\n\n\n\n<p class=\"gb-headline gb-headline-af2302b0 gb-headline-text\"><strong>Stage machinery:<\/strong> Include various mechanisms such as turntables, lifts and pulls that ensure accurate and efficient movement of scenery and props on stage. Each type of equipment has specific uses and functions. Backstage movement devices are essential to modern stage productions, providing flexibility and creative options that were previously unthinkable.<\/p>\n\n\n\n<p class=\"gb-headline gb-headline-de295362 gb-headline-text\"><strong>Ropes and pulleys:<\/strong> Ropes and pulleys are essential elements of stage technology that enable the efficient handling of props and scenery in theatres and other cultural facilities. These systems are used to lift, lower and move various scenic elements, facilitating quick scene changes and adding dynamism to a performance.<\/p>\n\n<\/div><\/div>\n<\/div>\n<\/div>\n<\/div>\n\n<div class=\"gb-container gb-container-96884b4f\">\n<div class=\"gb-container gb-container-bb673e7a\">\n<div class=\"gb-grid-wrapper gb-grid-wrapper-8f3e73c5\">\n<div class=\"gb-grid-column gb-grid-column-8e742058\"><div class=\"gb-container gb-container-8e742058\">\n\n<h4 class=\"gb-headline gb-headline-a887c1e6 gb-headline-text\">INQUIRE theatre equipment<\/h4>\n\n<\/div><\/div>\n\n<div class=\"gb-grid-column gb-grid-column-eb6c8d76\"><div class=\"gb-container gb-container-eb6c8d76\">\n\n<a class=\"gb-button gb-button-8707148e gb-button-text custom-button\" href=\"https:\/\/techartstav.cz\/en\/inquiry\/\">Inquire<\/a>\n\n<\/div><\/div>\n<\/div>\n<\/div>\n<\/div>\n\n<div class=\"gb-container gb-container-e5b66b43\">\n<div class=\"gb-container gb-container-c8755dfe\">\n\n<h2 class=\"gb-headline gb-headline-9765e4b2 gb-headline-text\">THEATRICAL TECHNIQUES USED BY US<\/h2>\n\n\n<div class=\"gb-container gb-container-6c10ef8f\">\n<div class=\"gb-grid-wrapper gb-grid-wrapper-47bff45e\">\n<div class=\"gb-grid-column gb-grid-column-78c7a89b\"><div class=\"gb-container gb-container-78c7a89b\">\n<div class=\"gb-container gb-container-d41e29bf\">\n\n<figure class=\"gb-block-image gb-block-image-457a3821\"><a href=\"https:\/\/techartstav.cz\/en\/theatre-technique\/lighting-equipment\/\"><img loading=\"lazy\" decoding=\"async\" width=\"63\" height=\"101\" class=\"gb-image gb-image-457a3821\" src=\"https:\/\/techartstav.cz\/app\/uploads\/2024\/06\/Union-16.png\" alt=\"Lighting equipment\" title=\"Lighting equipment\"\/><\/a><\/figure>\n\n<\/div>\n\n<div class=\"gb-container gb-container-aa591945\">\n\n<h3 class=\"gb-headline gb-headline-2b7f8c2e gb-headline-text\"><a href=\"https:\/\/techartstav.cz\/en\/theatre-technique\/lighting-equipment\/\">Lighting equipment<\/a><\/h3>\n\n<\/div>\n<\/div><\/div>\n\n<div class=\"gb-grid-column gb-grid-column-1093f3d3\"><div class=\"gb-container gb-container-1093f3d3\">\n<div class=\"gb-container gb-container-9e06bbe7\">\n\n<figure class=\"gb-block-image gb-block-image-1cda25f8\"><a href=\"https:\/\/techartstav.cz\/en\/theatre-technique\/sound-engineering\/\"><img loading=\"lazy\" decoding=\"async\" width=\"94\" height=\"100\" class=\"gb-image gb-image-1cda25f8\" src=\"https:\/\/techartstav.cz\/app\/uploads\/2024\/06\/Union-17.png\" alt=\"Sound engineering\" title=\"Sound engineering\"\/><\/a><\/figure>\n\n<\/div>\n\n<div class=\"gb-container gb-container-4d963c55\">\n\n<h3 class=\"gb-headline gb-headline-a66470f3 gb-headline-text\"><a href=\"https:\/\/techartstav.cz\/en\/theatre-technique\/sound-engineering\/\">Sound engineering<\/a><\/h3>\n\n<\/div>\n<\/div><\/div>\n\n<div class=\"gb-grid-column gb-grid-column-8b42f965\"><div class=\"gb-container gb-container-8b42f965\">\n<div class=\"gb-container gb-container-c5386f26\">\n\n<figure class=\"gb-block-image gb-block-image-4386fc3d\"><a href=\"https:\/\/techartstav.cz\/en\/theatre-technique\/stage-technique\/\"><img loading=\"lazy\" decoding=\"async\" width=\"211\" height=\"100\" class=\"gb-image gb-image-4386fc3d\" src=\"https:\/\/techartstav.cz\/app\/uploads\/2024\/06\/Union-18.png\" alt=\"Stage technique\" title=\"Stage technique\"\/><\/a><\/figure>\n\n<\/div>\n\n<div class=\"gb-container gb-container-21ff3031\">\n\n<h3 class=\"gb-headline gb-headline-66dceee3 gb-headline-text\"><a href=\"https:\/\/techartstav.cz\/en\/theatre-technique\/stage-technique\/\">Stage technique<\/a><\/h3>\n\n<\/div>\n<\/div><\/div>\n\n<div class=\"gb-grid-column gb-grid-column-c618ea74\"><div class=\"gb-container gb-container-c618ea74\">\n<div class=\"gb-container gb-container-2dfaf39a\">\n\n<figure class=\"gb-block-image gb-block-image-225f39d4\"><a href=\"https:\/\/techartstav.cz\/en\/theatre-technique\/audiovisual-equipment\/\"><img loading=\"lazy\" decoding=\"async\" width=\"138\" height=\"101\" class=\"gb-image gb-image-225f39d4\" src=\"https:\/\/techartstav.cz\/app\/uploads\/2024\/06\/Union-21.png\" alt=\"Audiovisual equipment\" title=\"Audiovisual equipment\"\/><\/a><\/figure>\n\n<\/div>\n\n<div class=\"gb-container gb-container-079aa6e6\">\n\n<h3 class=\"gb-headline gb-headline-c1add473 gb-headline-text\"><a href=\"https:\/\/techartstav.cz\/en\/theatre-technique\/audiovisual-equipment\/\">Audiovisual equipment<\/a><\/h3>\n\n<\/div>\n<\/div><\/div>\n\n<div class=\"gb-grid-column gb-grid-column-125938b7\"><div class=\"gb-container gb-container-125938b7\">\n<div class=\"gb-container gb-container-3b8bc4a4\">\n\n<figure class=\"gb-block-image gb-block-image-742b4382\"><a href=\"https:\/\/techartstav.cz\/en\/theatre-technique\/stage-equipment\/\"><img loading=\"lazy\" decoding=\"async\" width=\"122\" height=\"101\" class=\"gb-image gb-image-742b4382\" src=\"https:\/\/techartstav.cz\/app\/uploads\/2024\/06\/Union-20.png\" alt=\"Stage technique\" title=\"Stage technique\"\/><\/a><\/figure>\n\n<\/div>\n\n<div class=\"gb-container gb-container-34762404\">\n\n<h3 class=\"gb-headline gb-headline-05354757 gb-headline-text\"><a href=\"https:\/\/techartstav.cz\/en\/theatre-technique\/stage-equipment\/\">Stage equipment<\/a><\/h3>\n\n<\/div>\n<\/div><\/div>\n\n<div class=\"gb-grid-column gb-grid-column-43185642\"><div class=\"gb-container gb-container-43185642\">\n<div class=\"gb-container gb-container-1868865a\">\n\n<figure class=\"gb-block-image gb-block-image-8c615dc1\"><a href=\"https:\/\/techartstav.cz\/en\/theatre-technique\/safety-equipment\/\"><img loading=\"lazy\" decoding=\"async\" width=\"57\" height=\"100\" class=\"gb-image gb-image-8c615dc1\" src=\"https:\/\/techartstav.cz\/app\/uploads\/2024\/06\/Vector-2.png\" alt=\"Safety equipment\" title=\"Safety equipment\"\/><\/a><\/figure>\n\n<\/div>\n\n<div class=\"gb-container gb-container-2e71da79\">\n\n<h3 class=\"gb-headline gb-headline-1a245e40 gb-headline-text\"><a href=\"https:\/\/techartstav.cz\/en\/theatre-technique\/safety-equipment\/\">Safety equipment<\/a><\/h3>\n\n<\/div>\n<\/div><\/div>\n<\/div>\n<\/div>\n\n\n<a class=\"gb-button gb-button-77c3d037 gb-button-text custom-button-yellow\" href=\"https:\/\/techartstav.cz\/en\/theatre-technique\/\">Go to theatre TECHNIQUES<\/a>\n\n<\/div>\n<\/div>\n\n<div class=\"gb-container gb-container-63401516\">\n<div class=\"gb-container gb-container-608af138\">\n\n<h2 class=\"gb-headline gb-headline-ce7605c2 gb-headline-text\">Use of theatre equipment<\/h2>\n\n\n<div class=\"gb-container gb-container-553b5d81\">\n<div class=\"gb-grid-wrapper gb-grid-wrapper-281c15b7\">\n<div class=\"gb-grid-column gb-grid-column-b3d7bac5\"><div class=\"gb-container gb-container-b3d7bac5\">\n<div class=\"gb-container gb-container-3b089410\">\n\n<figure class=\"gb-block-image gb-block-image-200d9b4b\"><a href=\"https:\/\/techartstav.cz\/en\/theatre-technologies\/theatres\/\"><img loading=\"lazy\" decoding=\"async\" width=\"113\" height=\"110\" class=\"gb-image gb-image-200d9b4b\" src=\"https:\/\/techartstav.cz\/app\/uploads\/2024\/05\/Group-1.png\" alt=\"Theatres\" title=\"Theatres\"\/><\/a><\/figure>\n\n<\/div>\n\n<div class=\"gb-container gb-container-f4bf23cf\">\n\n<h3 class=\"gb-headline gb-headline-4d80a069 gb-headline-text\"><a href=\"https:\/\/techartstav.cz\/en\/theatre-technologies\/theatres\/\">Theatres<\/a><\/h3>\n\n<\/div>\n<\/div><\/div>\n\n<div class=\"gb-grid-column gb-grid-column-f004a958\"><div class=\"gb-container gb-container-f004a958\">\n<div class=\"gb-container gb-container-d7b3e894\">\n\n<figure class=\"gb-block-image gb-block-image-2e80076b\"><a href=\"https:\/\/techartstav.cz\/en\/theatre-technologies\/cinemas\/\"><img loading=\"lazy\" decoding=\"async\" width=\"112\" height=\"111\" class=\"gb-image gb-image-2e80076b\" src=\"https:\/\/techartstav.cz\/app\/uploads\/2024\/05\/Group-473.png\" alt=\"Cinemas\" title=\"Cinemas\"\/><\/a><\/figure>\n\n<\/div>\n\n<div class=\"gb-container gb-container-8cf4347e\">\n\n<h3 class=\"gb-headline gb-headline-3822cb95 gb-headline-text\"><a href=\"https:\/\/techartstav.cz\/en\/theatre-technologies\/cinemas\/\">Cinemas<\/a><\/h3>\n\n<\/div>\n<\/div><\/div>\n\n<div class=\"gb-grid-column gb-grid-column-3f41acdc\"><div class=\"gb-container gb-container-3f41acdc\">\n<div class=\"gb-container gb-container-812d3da0\">\n\n<figure class=\"gb-block-image gb-block-image-f6ae1e0c\"><a href=\"https:\/\/techartstav.cz\/en\/theatre-technologies\/cultural-houses\/\"><img loading=\"lazy\" decoding=\"async\" width=\"129\" height=\"112\" class=\"gb-image gb-image-f6ae1e0c\" src=\"https:\/\/techartstav.cz\/app\/uploads\/2024\/05\/ver.-sprava-2-1.png\" alt=\"Cultural houses\" title=\"Cultural houses\"\/><\/a><\/figure>\n\n<\/div>\n\n<div class=\"gb-container gb-container-a2e1357d\">\n\n<h3 class=\"gb-headline gb-headline-63f91b58 gb-headline-text\"><a href=\"https:\/\/techartstav.cz\/en\/theatre-technologies\/cultural-houses\/\">Cultural houses<\/a><\/h3>\n\n<\/div>\n<\/div><\/div>\n\n<div class=\"gb-grid-column gb-grid-column-98197eee\"><div class=\"gb-container gb-container-98197eee\">\n<div class=\"gb-container gb-container-36b70372\">\n\n<figure class=\"gb-block-image gb-block-image-8296f1ca\"><a href=\"https:\/\/techartstav.cz\/en\/theatre-technologies\/music-studios\/\"><img loading=\"lazy\" decoding=\"async\" width=\"114\" height=\"110\" class=\"gb-image gb-image-8296f1ca\" src=\"https:\/\/techartstav.cz\/app\/uploads\/2024\/05\/Group-2.png\" alt=\"Music studios\" title=\"Music studios\"\/><\/a><\/figure>\n\n<\/div>\n\n<div class=\"gb-container gb-container-341b852f\">\n\n<h3 class=\"gb-headline gb-headline-30787796 gb-headline-text\"><a href=\"https:\/\/techartstav.cz\/en\/theatre-technologies\/music-studios\/\">Music studios<\/a><\/h3>\n\n<\/div>\n<\/div><\/div>\n\n<div class=\"gb-grid-column gb-grid-column-64c5b9f6\"><div class=\"gb-container gb-container-64c5b9f6\">\n<div class=\"gb-container gb-container-b4651e98\">\n\n<figure class=\"gb-block-image gb-block-image-b0f1160c\"><a href=\"https:\/\/techartstav.cz\/en\/theatre-technologies\/stadiums\/\"><img loading=\"lazy\" decoding=\"async\" width=\"146\" height=\"111\" class=\"gb-image gb-image-b0f1160c\" src=\"https:\/\/techartstav.cz\/app\/uploads\/2024\/05\/Group-292.png\" alt=\"Stadiums\" title=\"Stadiums\"\/><\/a><\/figure>\n\n<\/div>\n\n<div class=\"gb-container gb-container-b6912cca\">\n\n<h3 class=\"gb-headline gb-headline-c30a0a5c gb-headline-text\"><a href=\"https:\/\/techartstav.cz\/en\/theatre-technologies\/stadiums\/\">Stadiums<\/a><\/h3>\n\n<\/div>\n<\/div><\/div>\n\n<div class=\"gb-grid-column gb-grid-column-14bed72e\"><div class=\"gb-container gb-container-14bed72e\">\n<div class=\"gb-container gb-container-08ee817a\">\n\n<figure class=\"gb-block-image gb-block-image-adab0dae\"><a href=\"https:\/\/techartstav.cz\/en\/theatre-technologies\/showrooms\/\"><img loading=\"lazy\" decoding=\"async\" width=\"250\" height=\"187\" class=\"gb-image gb-image-adab0dae\" src=\"https:\/\/techartstav.cz\/app\/uploads\/2024\/05\/Group-321.png\" alt=\"Showrooms\" title=\"Showrooms\"\/><\/a><\/figure>\n\n<\/div>\n\n<div class=\"gb-container gb-container-a6fa76fc\">\n\n<h3 class=\"gb-headline gb-headline-324cb18c gb-headline-text\"><a href=\"https:\/\/techartstav.cz\/en\/theatre-technologies\/showrooms\/\">Showrooms<\/a><\/h3>\n\n<\/div>\n<\/div><\/div>\n<\/div>\n<\/div>\n\n\n<a class=\"gb-button gb-button-1bc7fdaa gb-button-text custom-button-yellow\" href=\"https:\/\/techartstav.cz\/en\/theatre-technologies\/\">Go to theatre technologies<\/a>\n\n<\/div>\n<\/div>\n\n<div class=\"gb-container gb-container-2c256a72\">\n<div class=\"gb-container gb-container-80874a67\">\n\n<h2 class=\"gb-headline gb-headline-d9bf5ed8 gb-headline-text\">IMPLEMENTATION<\/h2>\n\n\n\n<p class=\"gb-headline gb-headline-7d72257c gb-headline-text\">Here you can take a look at our portfolio to explore the projects we have successfully completed in recent years. Take a look at our work and get inspiration for your own projects.<\/p>\n\n\n<div class=\"gb-container gb-container-a26b21e0\">\n\n<div class=\"gb-grid-wrapper gb-grid-wrapper-be679237 gb-query-loop-wrapper\">\n<div class=\"gb-grid-column gb-grid-column-0d4ea063 gb-query-loop-item post-6277 realizace type-realizace status-publish has-post-thumbnail hentry typy-realizaci-building-work typy-realizaci-theatre-technologies\"><div class=\"gb-container gb-container-0d4ea063\">\n<figure class=\"gb-block-image gb-block-image-785eef9a\"><a href=\"https:\/\/techartstav.cz\/en\/realizations\/award-winning-building-of-the-year-bordovice-multifunctional-hall\/\"><img loading=\"lazy\" decoding=\"async\" width=\"2560\" height=\"1707\" src=\"https:\/\/techartstav.cz\/app\/uploads\/2024\/05\/Hala_Bordovice2-scaled-1.jpg\" class=\"gb-image-785eef9a posthero\" alt=\"\" srcset=\"https:\/\/techartstav.cz\/app\/uploads\/2024\/05\/Hala_Bordovice2-scaled-1.jpg 2560w, https:\/\/techartstav.cz\/app\/uploads\/2024\/05\/Hala_Bordovice2-scaled-1-300x200.jpg 300w, https:\/\/techartstav.cz\/app\/uploads\/2024\/05\/Hala_Bordovice2-scaled-1-1024x683.jpg 1024w, https:\/\/techartstav.cz\/app\/uploads\/2024\/05\/Hala_Bordovice2-scaled-1-768x512.jpg 768w, https:\/\/techartstav.cz\/app\/uploads\/2024\/05\/Hala_Bordovice2-scaled-1-1536x1024.jpg 1536w, https:\/\/techartstav.cz\/app\/uploads\/2024\/05\/Hala_Bordovice2-scaled-1-2048x1366.jpg 2048w\" sizes=\"auto, (max-width: 2560px) 100vw, 2560px\" \/><\/a><\/figure>\n\n<h2 class=\"gb-headline gb-headline-b67659ea gb-headline-text\"><a href=\"https:\/\/techartstav.cz\/en\/realizations\/award-winning-building-of-the-year-bordovice-multifunctional-hall\/\">Award-winning building of the year: Bordovice Multifunctional Hall<\/a><\/h2>\n<\/div><\/div>\n\n<div class=\"gb-grid-column gb-grid-column-0d4ea063 gb-query-loop-item post-6238 realizace type-realizace status-publish has-post-thumbnail hentry typy-realizaci-building-work\"><div class=\"gb-container gb-container-0d4ea063\">\n<figure class=\"gb-block-image gb-block-image-785eef9a\"><a href=\"https:\/\/techartstav.cz\/en\/realizations\/harmonie-krnov-home-flood-damage-repairs\/\"><img loading=\"lazy\" decoding=\"async\" width=\"1920\" height=\"2560\" src=\"https:\/\/techartstav.cz\/app\/uploads\/2025\/10\/IMG_20250129_090759-scaled.jpg\" class=\"gb-image-785eef9a posthero\" alt=\"Krnov Domky vysou\u0161en\u00ed po povodn\u00edch\" srcset=\"https:\/\/techartstav.cz\/app\/uploads\/2025\/10\/IMG_20250129_090759-scaled.jpg 1920w, https:\/\/techartstav.cz\/app\/uploads\/2025\/10\/IMG_20250129_090759-225x300.jpg 225w, https:\/\/techartstav.cz\/app\/uploads\/2025\/10\/IMG_20250129_090759-768x1024.jpg 768w, https:\/\/techartstav.cz\/app\/uploads\/2025\/10\/IMG_20250129_090759-1152x1536.jpg 1152w, https:\/\/techartstav.cz\/app\/uploads\/2025\/10\/IMG_20250129_090759-1536x2048.jpg 1536w\" sizes=\"auto, (max-width: 1920px) 100vw, 1920px\" \/><\/a><\/figure>\n\n<h2 class=\"gb-headline gb-headline-b67659ea gb-headline-text\"><a href=\"https:\/\/techartstav.cz\/en\/realizations\/harmonie-krnov-home-flood-damage-repairs\/\">Harmonie Krnov Home \u2013 flood damage repairs<\/a><\/h2>\n<\/div><\/div>\n\n<div class=\"gb-grid-column gb-grid-column-0d4ea063 gb-query-loop-item post-6132 realizace type-realizace status-publish has-post-thumbnail hentry typy-realizaci-building-work\"><div class=\"gb-container gb-container-0d4ea063\">\n<figure class=\"gb-block-image gb-block-image-785eef9a\"><a href=\"https:\/\/techartstav.cz\/en\/realizations\/roofing-of-the-railway-station-havirov\/\"><img loading=\"lazy\" decoding=\"async\" width=\"2560\" height=\"1920\" src=\"https:\/\/techartstav.cz\/app\/uploads\/2025\/06\/IMG_20250422_114241-scaled.jpg\" class=\"gb-image-785eef9a posthero\" alt=\"Zast\u0159e\u0161en\u00ed \u017dS Hav\u00ed\u0159ov\" srcset=\"https:\/\/techartstav.cz\/app\/uploads\/2025\/06\/IMG_20250422_114241-scaled.jpg 2560w, https:\/\/techartstav.cz\/app\/uploads\/2025\/06\/IMG_20250422_114241-300x225.jpg 300w, https:\/\/techartstav.cz\/app\/uploads\/2025\/06\/IMG_20250422_114241-1024x768.jpg 1024w, https:\/\/techartstav.cz\/app\/uploads\/2025\/06\/IMG_20250422_114241-768x576.jpg 768w, https:\/\/techartstav.cz\/app\/uploads\/2025\/06\/IMG_20250422_114241-1536x1152.jpg 1536w, https:\/\/techartstav.cz\/app\/uploads\/2025\/06\/IMG_20250422_114241-2048x1536.jpg 2048w\" sizes=\"auto, (max-width: 2560px) 100vw, 2560px\" \/><\/a><\/figure>\n\n<h2 class=\"gb-headline gb-headline-b67659ea gb-headline-text\"><a href=\"https:\/\/techartstav.cz\/en\/realizations\/roofing-of-the-railway-station-havirov\/\">Roofing of the railway station Hav\u00ed\u0159ov<\/a><\/h2>\n<\/div><\/div>\n\n<div class=\"gb-grid-column gb-grid-column-0d4ea063 gb-query-loop-item post-6031 realizace type-realizace status-publish has-post-thumbnail hentry typy-realizaci-building-work\"><div class=\"gb-container gb-container-0d4ea063\">\n<figure class=\"gb-block-image gb-block-image-785eef9a\"><a href=\"https:\/\/techartstav.cz\/en\/realizations\/reconstruction-of-the-premises-skatepark-ostrava-vyskovice\/\"><img loading=\"lazy\" decoding=\"async\" width=\"2560\" height=\"1920\" src=\"https:\/\/techartstav.cz\/app\/uploads\/2025\/05\/IMG_20250422_111643-1-scaled.jpg\" class=\"gb-image-785eef9a posthero\" alt=\"Skate park Ostrava V\u00fd\u0161kovice\" srcset=\"https:\/\/techartstav.cz\/app\/uploads\/2025\/05\/IMG_20250422_111643-1-scaled.jpg 2560w, https:\/\/techartstav.cz\/app\/uploads\/2025\/05\/IMG_20250422_111643-1-300x225.jpg 300w, https:\/\/techartstav.cz\/app\/uploads\/2025\/05\/IMG_20250422_111643-1-1024x768.jpg 1024w, https:\/\/techartstav.cz\/app\/uploads\/2025\/05\/IMG_20250422_111643-1-768x576.jpg 768w, https:\/\/techartstav.cz\/app\/uploads\/2025\/05\/IMG_20250422_111643-1-1536x1152.jpg 1536w, https:\/\/techartstav.cz\/app\/uploads\/2025\/05\/IMG_20250422_111643-1-2048x1536.jpg 2048w\" sizes=\"auto, (max-width: 2560px) 100vw, 2560px\" \/><\/a><\/figure>\n\n<h2 class=\"gb-headline gb-headline-b67659ea gb-headline-text\"><a href=\"https:\/\/techartstav.cz\/en\/realizations\/reconstruction-of-the-premises-skatepark-ostrava-vyskovice\/\">Reconstruction of the premises &#8211; Skatepark Ostrava-V\u00fd\u0161kovice<\/a><\/h2>\n<\/div><\/div>\n<\/div>\n\n<\/div>\n\n\n<a class=\"gb-button gb-button-cd371415 gb-button-text cutom-button-black\" href=\"https:\/\/techartstav.cz\/en\/realizations\/\">more realizations<\/a>\n\n<\/div>\n<\/div>","protected":false},"excerpt":{"rendered":"<p>THEATRICAL TECHNIQUES USED BY US Use of theatre equipment IMPLEMENTATION Here you can take a look at our portfolio to explore the projects we have successfully completed in recent years. Take a look at our work and get inspiration for your own projects.<\/p>\n","protected":false},"author":2,"featured_media":0,"parent":5528,"menu_order":0,"comment_status":"closed","ping_status":"closed","template":"","meta":{"_acf_changed":false,"inline_featured_image":false,"footnotes":""},"class_list":["post-5362","page","type-page","status-publish"],"acf":[],"_links":{"self":[{"href":"https:\/\/techartstav.cz\/en\/wp-json\/wp\/v2\/pages\/5362","targetHints":{"allow":["GET"]}}],"collection":[{"href":"https:\/\/techartstav.cz\/en\/wp-json\/wp\/v2\/pages"}],"about":[{"href":"https:\/\/techartstav.cz\/en\/wp-json\/wp\/v2\/types\/page"}],"author":[{"embeddable":true,"href":"https:\/\/techartstav.cz\/en\/wp-json\/wp\/v2\/users\/2"}],"replies":[{"embeddable":true,"href":"https:\/\/techartstav.cz\/en\/wp-json\/wp\/v2\/comments?post=5362"}],"version-history":[{"count":3,"href":"https:\/\/techartstav.cz\/en\/wp-json\/wp\/v2\/pages\/5362\/revisions"}],"predecessor-version":[{"id":5543,"href":"https:\/\/techartstav.cz\/en\/wp-json\/wp\/v2\/pages\/5362\/revisions\/5543"}],"up":[{"embeddable":true,"href":"https:\/\/techartstav.cz\/en\/wp-json\/wp\/v2\/pages\/5528"}],"wp:attachment":[{"href":"https:\/\/techartstav.cz\/en\/wp-json\/wp\/v2\/media?parent=5362"}],"curies":[{"name":"wp","href":"https:\/\/api.w.org\/{rel}","templated":true}]}}