{"id":5528,"date":"2024-07-10T12:27:46","date_gmt":"2024-07-10T12:27:46","guid":{"rendered":"https:\/\/techartstav.cz\/?page_id=5528"},"modified":"2024-07-10T17:56:44","modified_gmt":"2024-07-10T17:56:44","slug":"theatre-technique","status":"publish","type":"page","link":"https:\/\/techartstav.cz\/en\/theatre-technique\/","title":{"rendered":"Theatre technique"},"content":{"rendered":"<div class=\"gb-container gb-container-3d87dbc7\">\n<div class=\"gb-container gb-container-0610d150\">\n\n<h1 class=\"gb-headline gb-headline-e85af9de gb-headline-text\">Theatre technique<\/h1>\n\n\n\n<p class=\"gb-headline gb-headline-a789a04c gb-headline-text\">Theatre technique encompasses a wide range of equipment and technologies used in the production of theatrical performances. Theatre technique is a very complex field that requires coordination and precise control of all these elements to achieve the desired effects and experience for the audience.<\/p>\n\n<\/div>\n<\/div>\n\n<div class=\"gb-container gb-container-a19afba8\">\n<div class=\"gb-container gb-container-b5f328ca\">\n\n<h2 class=\"gb-headline gb-headline-5c6811fd gb-headline-text\">Theatrical Techniques Used by Us<\/h2>\n\n\n<div class=\"gb-grid-wrapper gb-grid-wrapper-712248d6\">\n<div class=\"gb-grid-column gb-grid-column-1020f5ad\"><div class=\"gb-container gb-container-1020f5ad\">\n<div class=\"gb-container gb-container-7df8c0a6\">\n\n<figure class=\"gb-block-image gb-block-image-363d6eaf\"><a href=\"https:\/\/techartstav.cz\/en\/theatre-technique\/lighting-equipment\/\"><img loading=\"lazy\" decoding=\"async\" width=\"119\" height=\"186\" class=\"gb-image gb-image-363d6eaf\" src=\"https:\/\/techartstav.cz\/app\/uploads\/2024\/06\/Vector.png\" alt=\"Lighting equipment\" title=\"Lighting equipment\"\/><\/a><\/figure>\n\n<\/div>\n\n<div class=\"gb-container gb-container-d6325a9f\">\n\n<h3 class=\"gb-headline gb-headline-fc2face3 gb-headline-text\"><a href=\"https:\/\/techartstav.cz\/en\/theatre-technique\/lighting-equipment\/\">Lighting equipment<\/a><\/h3>\n\n\n\n<p class=\"gb-headline gb-headline-8ab93a24 gb-headline-text\"><strong>Reflectors:<\/strong> different types of reflectors (e.g. PAR, Fresnel reflectors, profile reflectors).<br><strong>Smart lights:<\/strong> Moving heads, LED lights, scanners.<br><strong>Control desks:<\/strong> Light desks for controlling the lighting system.<\/p>\n\n<\/div>\n<\/div><\/div>\n\n<div class=\"gb-grid-column gb-grid-column-b0a441b4\"><div class=\"gb-container gb-container-b0a441b4\">\n<div class=\"gb-container gb-container-c065ddab\">\n\n<figure class=\"gb-block-image gb-block-image-7240761e\"><a href=\"https:\/\/techartstav.cz\/en\/theatre-technique\/stage-equipment\/\"><img loading=\"lazy\" decoding=\"async\" width=\"226\" height=\"185\" class=\"gb-image gb-image-7240761e\" src=\"https:\/\/techartstav.cz\/app\/uploads\/2024\/06\/Union-13.png\" alt=\"Sound engineering\" title=\"Sound engineering\"\/><\/a><\/figure>\n\n<\/div>\n\n<div class=\"gb-container gb-container-a7bd0c5d\">\n\n<h3 class=\"gb-headline gb-headline-7950c4a4 gb-headline-text\"><a href=\"https:\/\/techartstav.cz\/en\/theatre-technique\/stage-equipment\/\">Stage equipment<\/a><\/h3>\n\n\n\n<p class=\"gb-headline gb-headline-dcb3cf86 gb-headline-text\"><strong>Curtains and drapes:<\/strong> control and manipulation of stage curtains and drapes.<br><strong>Control systems:<\/strong> software and hardware systems for coordinating and automating stage elements.<\/p>\n\n<\/div>\n<\/div><\/div>\n\n<div class=\"gb-grid-column gb-grid-column-4a0cb487\"><div class=\"gb-container gb-container-4a0cb487\">\n<div class=\"gb-container gb-container-cf16a590\">\n\n<figure class=\"gb-block-image gb-block-image-9943579e\"><a href=\"https:\/\/techartstav.cz\/en\/theatre-technique\/sound-engineering\/\"><img loading=\"lazy\" decoding=\"async\" width=\"172\" height=\"185\" class=\"gb-image gb-image-9943579e\" src=\"https:\/\/techartstav.cz\/app\/uploads\/2024\/06\/Union-10.png\" alt=\"Stage technique\" title=\"Stage technique\"\/><\/a><\/figure>\n\n<\/div>\n\n<div class=\"gb-container gb-container-6e9eb9af\">\n\n<h3 class=\"gb-headline gb-headline-2a0a7132 gb-headline-text\"><a href=\"https:\/\/techartstav.cz\/en\/theatre-technique\/sound-engineering\/\">Sound engineering<\/a><\/h3>\n\n\n\n<p class=\"gb-headline gb-headline-b84d760c gb-headline-text\"><strong>Microphones:<\/strong> handheld, headset, lavalier (lapel), condenser and dynamic microphones.<br><strong>Loudspeakers and amplifiers:<\/strong> stage and auditorium sound systems.<br><strong>Mixing consoles:<\/strong> sound mixing consoles for controlling sound during performances.<br><strong>Wireless systems:<\/strong> Wireless microphones and in-ear monitors.<\/p>\n\n<\/div>\n<\/div><\/div>\n\n<div class=\"gb-grid-column gb-grid-column-d8de5364\"><div class=\"gb-container gb-container-d8de5364\">\n<div class=\"gb-container gb-container-bc7b639a\">\n\n<figure class=\"gb-block-image gb-block-image-eee71bed\"><a href=\"https:\/\/techartstav.cz\/en\/theatre-technique\/audiovisual-equipment\/\"><img loading=\"lazy\" decoding=\"async\" width=\"253\" height=\"185\" class=\"gb-image gb-image-eee71bed\" src=\"https:\/\/techartstav.cz\/app\/uploads\/2024\/06\/Union-14.png\" alt=\"Audiovizu\u00e1ln\u00ed technika\" title=\"Audiovizu\u00e1ln\u00ed technika\"\/><\/a><\/figure>\n\n<\/div>\n\n<div class=\"gb-container gb-container-b891a114\">\n\n<h3 class=\"gb-headline gb-headline-39002104 gb-headline-text\"><a href=\"https:\/\/techartstav.cz\/en\/theatre-technique\/audiovisual-equipment\/\">Audiovisual equipment<\/a><\/h3>\n\n\n\n<p class=\"gb-headline gb-headline-6d1186eb gb-headline-text\"><strong>Projectors and screens:<\/strong> for projecting videos, projections and effects on stage.<br><strong>Camera systems<\/strong>.<\/p>\n\n<\/div>\n<\/div><\/div>\n\n<div class=\"gb-grid-column gb-grid-column-548e3ed6\"><div class=\"gb-container gb-container-548e3ed6\">\n<div class=\"gb-container gb-container-6f14c17f\">\n\n<figure class=\"gb-block-image gb-block-image-166f2842\"><a href=\"https:\/\/techartstav.cz\/en\/theatre-technique\/safety-equipment\/\"><img loading=\"lazy\" decoding=\"async\" width=\"104\" height=\"185\" class=\"gb-image gb-image-166f2842\" src=\"https:\/\/techartstav.cz\/app\/uploads\/2024\/06\/Vector-1.png\" alt=\"Bezpe\u010dnostn\u00ed vybaven\u00ed\" title=\"Bezpe\u010dnostn\u00ed vybaven\u00ed\"\/><\/a><\/figure>\n\n<\/div>\n\n<div class=\"gb-container gb-container-9064c2fe\">\n\n<h3 class=\"gb-headline gb-headline-070e21d2 gb-headline-text\"><a href=\"https:\/\/techartstav.cz\/en\/theatre-technique\/safety-equipment\/\">Safety equipment<\/a><\/h3>\n\n\n\n<p class=\"gb-headline gb-headline-98b9ab32 gb-headline-text\"><strong>Fire protection:<\/strong> smoke detectors, fire extinguishers.<br><strong>Safety barriers:<\/strong> protective equipment for actors and technical staff.<\/p>\n\n<\/div>\n<\/div><\/div>\n\n<div class=\"gb-grid-column gb-grid-column-3a7af287\"><div class=\"gb-container gb-container-3a7af287\">\n<div class=\"gb-container gb-container-1e308561\">\n\n<figure class=\"gb-block-image gb-block-image-141c1497\"><a href=\"https:\/\/techartstav.cz\/en\/theatre-technique\/stage-technique\/\"><img loading=\"lazy\" decoding=\"async\" width=\"385\" height=\"185\" class=\"gb-image gb-image-141c1497\" src=\"https:\/\/techartstav.cz\/app\/uploads\/2024\/06\/Union-11.png\" alt=\"Sc\u00e9nick\u00e1 technika\" title=\"Sc\u00e9nick\u00e1 technika\" srcset=\"https:\/\/techartstav.cz\/app\/uploads\/2024\/06\/Union-11.png 385w, https:\/\/techartstav.cz\/app\/uploads\/2024\/06\/Union-11-300x144.png 300w\" sizes=\"auto, (max-width: 385px) 100vw, 385px\" \/><\/a><\/figure>\n\n<\/div>\n\n<div class=\"gb-container gb-container-eb2b52c3\">\n\n<h3 class=\"gb-headline gb-headline-169e4217 gb-headline-text\"><a href=\"https:\/\/techartstav.cz\/en\/theatre-technique\/stage-technique\/\">Stage technique<\/a><\/h3>\n\n\n\n<p class=\"gb-headline gb-headline-7716faee gb-headline-text\"><strong>Scenery and props: <\/strong>production and handling of scenery, props and decorations.<br><strong>Stage machinery:<\/strong> equipment for moving scenery (e.g. turntables, lifts, moves).<br><strong>Ropes and pulleys:<\/strong> For handling props and scenery.<\/p>\n\n<\/div>\n<\/div><\/div>\n<\/div>\n<\/div>\n<\/div>\n\n<div class=\"gb-container gb-container-09e09bd7\">\n<div class=\"gb-container gb-container-76336526\">\n<div class=\"gb-container gb-container-b05a18f2\">\n\n<h3 class=\"gb-headline gb-headline-de6b4231 gb-headline-text\">DO YOU WANT MORE INFORMATION OR A DIRECT INQUIRY?<\/h3>\n\n\n<div class=\"gb-grid-wrapper gb-grid-wrapper-baea60f8\">\n<div class=\"gb-grid-column gb-grid-column-50977527\"><div class=\"gb-container gb-container-50977527\">\n\n<a class=\"gb-button gb-button-4e98ad9a gb-button-text custom-button-yellow\" href=\"https:\/\/techartstav.cz\/en\/theatre-technologies\/\">Theatre technologies<\/a>\n\n<\/div><\/div>\n\n<div class=\"gb-grid-column gb-grid-column-f8363c02\"><div class=\"gb-container gb-container-f8363c02\">\n\n<a class=\"gb-button gb-button-7473f730 gb-button-text custom-button-blue\" href=\"https:\/\/techartstav.cz\/en\/building-work\/\">Building work<\/a>\n\n<\/div><\/div>\n\n<div class=\"gb-grid-column gb-grid-column-ba70e647\"><div class=\"gb-container gb-container-ba70e647\">\n\n<a class=\"gb-button gb-button-1bd6a252 gb-button-text custom-button\" href=\"https:\/\/techartstav.cz\/en\/inquiry\/\">Inquire<\/a>\n\n<\/div><\/div>\n<\/div>\n<\/div>\n<\/div>\n<\/div>\n\n<div class=\"gb-container gb-container-2c256a72\">\n<div class=\"gb-container gb-container-80874a67\">\n\n<h2 class=\"gb-headline gb-headline-d9bf5ed8 gb-headline-text\">IMPLEMENTATION<\/h2>\n\n\n\n<p class=\"gb-headline gb-headline-7d72257c gb-headline-text\">Here you will find our work in the field of theatre technology, renovation of cultural facilities and construction projects that we have completed in recent years.<\/p>\n\n\n<div class=\"gb-container gb-container-a26b21e0\">\n\n<div class=\"gb-grid-wrapper gb-grid-wrapper-be679237 gb-query-loop-wrapper\">\n<div class=\"gb-grid-column gb-grid-column-0d4ea063 gb-query-loop-item post-6277 realizace type-realizace status-publish has-post-thumbnail hentry typy-realizaci-building-work typy-realizaci-theatre-technologies\"><div class=\"gb-container gb-container-0d4ea063\">\n<figure class=\"gb-block-image gb-block-image-785eef9a\"><a href=\"https:\/\/techartstav.cz\/en\/realizations\/award-winning-building-of-the-year-bordovice-multifunctional-hall\/\"><img loading=\"lazy\" decoding=\"async\" width=\"2560\" height=\"1707\" src=\"https:\/\/techartstav.cz\/app\/uploads\/2024\/05\/Hala_Bordovice2-scaled-1.jpg\" class=\"gb-image-785eef9a posthero\" alt=\"\" srcset=\"https:\/\/techartstav.cz\/app\/uploads\/2024\/05\/Hala_Bordovice2-scaled-1.jpg 2560w, https:\/\/techartstav.cz\/app\/uploads\/2024\/05\/Hala_Bordovice2-scaled-1-300x200.jpg 300w, https:\/\/techartstav.cz\/app\/uploads\/2024\/05\/Hala_Bordovice2-scaled-1-1024x683.jpg 1024w, https:\/\/techartstav.cz\/app\/uploads\/2024\/05\/Hala_Bordovice2-scaled-1-768x512.jpg 768w, https:\/\/techartstav.cz\/app\/uploads\/2024\/05\/Hala_Bordovice2-scaled-1-1536x1024.jpg 1536w, https:\/\/techartstav.cz\/app\/uploads\/2024\/05\/Hala_Bordovice2-scaled-1-2048x1366.jpg 2048w\" sizes=\"auto, (max-width: 2560px) 100vw, 2560px\" \/><\/a><\/figure>\n\n<h2 class=\"gb-headline gb-headline-b67659ea gb-headline-text\"><a href=\"https:\/\/techartstav.cz\/en\/realizations\/award-winning-building-of-the-year-bordovice-multifunctional-hall\/\">Award-winning building of the year: Bordovice Multifunctional Hall<\/a><\/h2>\n<\/div><\/div>\n\n<div class=\"gb-grid-column gb-grid-column-0d4ea063 gb-query-loop-item post-6238 realizace type-realizace status-publish has-post-thumbnail hentry typy-realizaci-building-work\"><div class=\"gb-container gb-container-0d4ea063\">\n<figure class=\"gb-block-image gb-block-image-785eef9a\"><a href=\"https:\/\/techartstav.cz\/en\/realizations\/harmonie-krnov-home-flood-damage-repairs\/\"><img loading=\"lazy\" decoding=\"async\" width=\"1920\" height=\"2560\" src=\"https:\/\/techartstav.cz\/app\/uploads\/2025\/10\/IMG_20250129_090759-scaled.jpg\" class=\"gb-image-785eef9a posthero\" alt=\"Krnov Domky vysou\u0161en\u00ed po povodn\u00edch\" srcset=\"https:\/\/techartstav.cz\/app\/uploads\/2025\/10\/IMG_20250129_090759-scaled.jpg 1920w, https:\/\/techartstav.cz\/app\/uploads\/2025\/10\/IMG_20250129_090759-225x300.jpg 225w, https:\/\/techartstav.cz\/app\/uploads\/2025\/10\/IMG_20250129_090759-768x1024.jpg 768w, https:\/\/techartstav.cz\/app\/uploads\/2025\/10\/IMG_20250129_090759-1152x1536.jpg 1152w, https:\/\/techartstav.cz\/app\/uploads\/2025\/10\/IMG_20250129_090759-1536x2048.jpg 1536w\" sizes=\"auto, (max-width: 1920px) 100vw, 1920px\" \/><\/a><\/figure>\n\n<h2 class=\"gb-headline gb-headline-b67659ea gb-headline-text\"><a href=\"https:\/\/techartstav.cz\/en\/realizations\/harmonie-krnov-home-flood-damage-repairs\/\">Harmonie Krnov Home \u2013 flood damage repairs<\/a><\/h2>\n<\/div><\/div>\n\n<div class=\"gb-grid-column gb-grid-column-0d4ea063 gb-query-loop-item post-6132 realizace type-realizace status-publish has-post-thumbnail hentry typy-realizaci-building-work\"><div class=\"gb-container gb-container-0d4ea063\">\n<figure class=\"gb-block-image gb-block-image-785eef9a\"><a href=\"https:\/\/techartstav.cz\/en\/realizations\/roofing-of-the-railway-station-havirov\/\"><img loading=\"lazy\" decoding=\"async\" width=\"2560\" height=\"1920\" src=\"https:\/\/techartstav.cz\/app\/uploads\/2025\/06\/IMG_20250422_114241-scaled.jpg\" class=\"gb-image-785eef9a posthero\" alt=\"Zast\u0159e\u0161en\u00ed \u017dS Hav\u00ed\u0159ov\" srcset=\"https:\/\/techartstav.cz\/app\/uploads\/2025\/06\/IMG_20250422_114241-scaled.jpg 2560w, https:\/\/techartstav.cz\/app\/uploads\/2025\/06\/IMG_20250422_114241-300x225.jpg 300w, https:\/\/techartstav.cz\/app\/uploads\/2025\/06\/IMG_20250422_114241-1024x768.jpg 1024w, https:\/\/techartstav.cz\/app\/uploads\/2025\/06\/IMG_20250422_114241-768x576.jpg 768w, https:\/\/techartstav.cz\/app\/uploads\/2025\/06\/IMG_20250422_114241-1536x1152.jpg 1536w, https:\/\/techartstav.cz\/app\/uploads\/2025\/06\/IMG_20250422_114241-2048x1536.jpg 2048w\" sizes=\"auto, (max-width: 2560px) 100vw, 2560px\" \/><\/a><\/figure>\n\n<h2 class=\"gb-headline gb-headline-b67659ea gb-headline-text\"><a href=\"https:\/\/techartstav.cz\/en\/realizations\/roofing-of-the-railway-station-havirov\/\">Roofing of the railway station Hav\u00ed\u0159ov<\/a><\/h2>\n<\/div><\/div>\n\n<div class=\"gb-grid-column gb-grid-column-0d4ea063 gb-query-loop-item post-6031 realizace type-realizace status-publish has-post-thumbnail hentry typy-realizaci-building-work\"><div class=\"gb-container gb-container-0d4ea063\">\n<figure class=\"gb-block-image gb-block-image-785eef9a\"><a href=\"https:\/\/techartstav.cz\/en\/realizations\/reconstruction-of-the-premises-skatepark-ostrava-vyskovice\/\"><img loading=\"lazy\" decoding=\"async\" width=\"2560\" height=\"1920\" src=\"https:\/\/techartstav.cz\/app\/uploads\/2025\/05\/IMG_20250422_111643-1-scaled.jpg\" class=\"gb-image-785eef9a posthero\" alt=\"Skate park Ostrava V\u00fd\u0161kovice\" srcset=\"https:\/\/techartstav.cz\/app\/uploads\/2025\/05\/IMG_20250422_111643-1-scaled.jpg 2560w, https:\/\/techartstav.cz\/app\/uploads\/2025\/05\/IMG_20250422_111643-1-300x225.jpg 300w, https:\/\/techartstav.cz\/app\/uploads\/2025\/05\/IMG_20250422_111643-1-1024x768.jpg 1024w, https:\/\/techartstav.cz\/app\/uploads\/2025\/05\/IMG_20250422_111643-1-768x576.jpg 768w, https:\/\/techartstav.cz\/app\/uploads\/2025\/05\/IMG_20250422_111643-1-1536x1152.jpg 1536w, https:\/\/techartstav.cz\/app\/uploads\/2025\/05\/IMG_20250422_111643-1-2048x1536.jpg 2048w\" sizes=\"auto, (max-width: 2560px) 100vw, 2560px\" \/><\/a><\/figure>\n\n<h2 class=\"gb-headline gb-headline-b67659ea gb-headline-text\"><a href=\"https:\/\/techartstav.cz\/en\/realizations\/reconstruction-of-the-premises-skatepark-ostrava-vyskovice\/\">Reconstruction of the premises &#8211; Skatepark Ostrava-V\u00fd\u0161kovice<\/a><\/h2>\n<\/div><\/div>\n<\/div>\n\n<\/div>\n\n\n<a class=\"gb-button gb-button-cd371415 gb-button-text cutom-button-black\" href=\"https:\/\/techartstav.cz\/en\/realizations\/\">More realizations<\/a>\n\n<\/div>\n<\/div>","protected":false},"excerpt":{"rendered":"<p>Theatre technique Theatre technique encompasses a wide range of equipment and technologies used in the production of theatrical performances. Theatre technique is a very complex field that requires coordination and precise control of all these elements to achieve the desired effects and experience for the audience. Theatrical Techniques Used by Us DO YOU WANT MORE &#8230; <a title=\"Theatre technique\" class=\"read-more\" href=\"https:\/\/techartstav.cz\/en\/theatre-technique\/\" aria-label=\"Read more about Theatre technique\">Read more<\/a><\/p>\n","protected":false},"author":2,"featured_media":0,"parent":0,"menu_order":0,"comment_status":"closed","ping_status":"closed","template":"","meta":{"_acf_changed":false,"inline_featured_image":false,"footnotes":""},"class_list":["post-5528","page","type-page","status-publish"],"acf":[],"_links":{"self":[{"href":"https:\/\/techartstav.cz\/en\/wp-json\/wp\/v2\/pages\/5528","targetHints":{"allow":["GET"]}}],"collection":[{"href":"https:\/\/techartstav.cz\/en\/wp-json\/wp\/v2\/pages"}],"about":[{"href":"https:\/\/techartstav.cz\/en\/wp-json\/wp\/v2\/types\/page"}],"author":[{"embeddable":true,"href":"https:\/\/techartstav.cz\/en\/wp-json\/wp\/v2\/users\/2"}],"replies":[{"embeddable":true,"href":"https:\/\/techartstav.cz\/en\/wp-json\/wp\/v2\/comments?post=5528"}],"version-history":[{"count":4,"href":"https:\/\/techartstav.cz\/en\/wp-json\/wp\/v2\/pages\/5528\/revisions"}],"predecessor-version":[{"id":5533,"href":"https:\/\/techartstav.cz\/en\/wp-json\/wp\/v2\/pages\/5528\/revisions\/5533"}],"wp:attachment":[{"href":"https:\/\/techartstav.cz\/en\/wp-json\/wp\/v2\/media?parent=5528"}],"curies":[{"name":"wp","href":"https:\/\/api.w.org\/{rel}","templated":true}]}}